{"id":24480,"date":"2024-11-20T09:43:21","date_gmt":"2024-11-20T09:43:21","guid":{"rendered":"https:\/\/nauterra.com\/mision-vision-y-valores\/"},"modified":"2024-11-20T09:43:21","modified_gmt":"2024-11-20T09:43:21","slug":"mission-vision-and-values","status":"publish","type":"page","link":"https:\/\/wonderful-nash.137-74-81-169.plesk.page\/en\/mission-vision-and-values\/","title":{"rendered":"Purpose and values"},"content":{"rendered":"\t\t<div data-elementor-type=\"wp-page\" data-elementor-id=\"24480\" class=\"elementor elementor-24480 elementor-20009\" data-elementor-post-type=\"page\">\n\t\t\t\t<div class=\"elementor-element elementor-element-8e8e05e e-con-full e-flex e-con e-parent\" data-id=\"8e8e05e\" data-element_type=\"container\" data-settings=\"{&quot;background_background&quot;:&quot;classic&quot;}\">\n\t\t\t\t<div class=\"elementor-element elementor-element-63069d5 elementor-widget elementor-widget-heading\" data-id=\"63069d5\" data-element_type=\"widget\" data-widget_type=\"heading.default\">\n\t\t\t\t<div class=\"elementor-widget-container\">\n\t\t\t\t\t<h1 class=\"elementor-heading-title elementor-size-default\">Purpose and values<\/h1>\t\t\t\t<\/div>\n\t\t\t\t<\/div>\n\t\t\t\t<\/div>\n\t\t<div class=\"elementor-element elementor-element-db3cf70 e-flex e-con-boxed e-con e-parent\" data-id=\"db3cf70\" data-element_type=\"container\">\n\t\t\t\t\t<div class=\"e-con-inner\">\n\t\t<div class=\"elementor-element elementor-element-d471c08 e-con-full e-flex e-con e-child\" data-id=\"d471c08\" data-element_type=\"container\">\n\t\t\t\t<div class=\"elementor-element elementor-element-8803d10 elementor-widget elementor-widget-heading\" data-id=\"8803d10\" data-element_type=\"widget\" data-widget_type=\"heading.default\">\n\t\t\t\t<div class=\"elementor-widget-container\">\n\t\t\t\t\t<h1 class=\"elementor-heading-title elementor-size-default\">Our purpose<\/h1>\t\t\t\t<\/div>\n\t\t\t\t<\/div>\n\t\t\t\t<\/div>\n\t\t<div class=\"elementor-element elementor-element-5128a0b e-con-full e-flex e-con e-child\" data-id=\"5128a0b\" data-element_type=\"container\">\n\t\t\t\t<div class=\"elementor-element elementor-element-6e6fa29 elementor-widget elementor-widget-text-editor\" data-id=\"6e6fa29\" data-element_type=\"widget\" data-widget_type=\"text-editor.default\">\n\t\t\t\t<div class=\"elementor-widget-container\">\n\t\t\t\t\t\t\t\t\tBring healthy food to people, preserving the best of nature.\t\t\t\t\t\t\t\t<\/div>\n\t\t\t\t<\/div>\n\t\t\t\t<\/div>\n\t\t\t\t\t<\/div>\n\t\t\t\t<\/div>\n\t\t<div class=\"elementor-element elementor-element-41b0b08 e-con-full e-flex e-con e-parent\" data-id=\"41b0b08\" data-element_type=\"container\" data-settings=\"{&quot;background_background&quot;:&quot;classic&quot;}\">\n\t\t\t\t<div class=\"elementor-element elementor-element-21b8c85 elementor-widget elementor-widget-heading\" data-id=\"21b8c85\" data-element_type=\"widget\" data-widget_type=\"heading.default\">\n\t\t\t\t<div class=\"elementor-widget-container\">\n\t\t\t\t\t<h2 class=\"elementor-heading-title elementor-size-default\">Our values<\/h2>\t\t\t\t<\/div>\n\t\t\t\t<\/div>\n\t\t\t\t<\/div>\n\t\t<div class=\"elementor-element elementor-element-1daa177 e-con-full e-flex e-con e-parent\" data-id=\"1daa177\" data-element_type=\"container\">\n\t\t<div class=\"elementor-element elementor-element-db48186 e-con-full e-flex e-con e-child\" data-id=\"db48186\" data-element_type=\"container\">\n\t\t\t\t<div class=\"elementor-element elementor-element-d20cbf3 elementor-flip-box--effect-fade elementor-widget elementor-widget-flip-box\" data-id=\"d20cbf3\" data-element_type=\"widget\" data-widget_type=\"flip-box.default\">\n\t\t\t\t<div class=\"elementor-widget-container\">\n\t\t\t\t\t\t\t<div class=\"elementor-flip-box\" tabindex=\"0\">\n\t\t\t<div class=\"elementor-flip-box__layer elementor-flip-box__front\">\n\t\t\t\t<div class=\"elementor-flip-box__layer__overlay\">\n\t\t\t\t\t<div class=\"elementor-flip-box__layer__inner\">\n\t\t\t\t\t\t\n\t\t\t\t\t\t\t\t\t\t\t\t\t<h3 class=\"elementor-flip-box__layer__title\">\n\t\t\t\t\t\t\t\tCommitment\t\t\t\t\t\t\t<\/h3>\n\t\t\t\t\t\t\n\t\t\t\t\t\t\t\t\t\t\t<\/div>\n\t\t\t\t<\/div>\n\t\t\t<\/div>\n\t\t\t<div class=\"elementor-flip-box__layer elementor-flip-box__back\">\n\t\t\t<div class=\"elementor-flip-box__layer__overlay\">\n\t\t\t\t<div class=\"elementor-flip-box__layer__inner\">\n\t\t\t\t\t\t\t\t\t\t\t<h3 class=\"elementor-flip-box__layer__title\">\n\t\t\t\t\t\t\tCommitment\t\t\t\t\t\t<\/h3>\n\t\t\t\t\t\n\t\t\t\t\t\t\t\t\t\t\t<div class=\"elementor-flip-box__layer__description\">\n\t\t\t\t\t\t\tWe are engaged in achieving our goals,\nconducting our business ethically and responsibly.\t\t\t\t\t\t<\/div>\n\t\t\t\t\t\n\t\t\t\t\t\t\t\t<\/div>\n\t\t<\/div>\n\t\t<\/div>\n\t\t<\/div>\n\t\t\t\t\t\t<\/div>\n\t\t\t\t<\/div>\n\t\t\t\t<\/div>\n\t\t<div class=\"elementor-element elementor-element-2f7d4dd e-con-full e-flex e-con e-child\" data-id=\"2f7d4dd\" data-element_type=\"container\">\n\t\t\t\t<div class=\"elementor-element elementor-element-4b547b3 elementor-flip-box--effect-fade elementor-widget elementor-widget-flip-box\" data-id=\"4b547b3\" data-element_type=\"widget\" data-widget_type=\"flip-box.default\">\n\t\t\t\t<div class=\"elementor-widget-container\">\n\t\t\t\t\t\t\t<div class=\"elementor-flip-box\" tabindex=\"0\">\n\t\t\t<div class=\"elementor-flip-box__layer elementor-flip-box__front\">\n\t\t\t\t<div class=\"elementor-flip-box__layer__overlay\">\n\t\t\t\t\t<div class=\"elementor-flip-box__layer__inner\">\n\t\t\t\t\t\t\n\t\t\t\t\t\t\t\t\t\t\t\t\t<h3 class=\"elementor-flip-box__layer__title\">\n\t\t\t\t\t\t\t\tInnovation\t\t\t\t\t\t\t<\/h3>\n\t\t\t\t\t\t\n\t\t\t\t\t\t\t\t\t\t\t<\/div>\n\t\t\t\t<\/div>\n\t\t\t<\/div>\n\t\t\t<div class=\"elementor-flip-box__layer elementor-flip-box__back\">\n\t\t\t<div class=\"elementor-flip-box__layer__overlay\">\n\t\t\t\t<div class=\"elementor-flip-box__layer__inner\">\n\t\t\t\t\t\t\t\t\t\t\t<h3 class=\"elementor-flip-box__layer__title\">\n\t\t\t\t\t\t\tInnovation\t\t\t\t\t\t<\/h3>\n\t\t\t\t\t\n\t\t\t\t\t\t\t\t\t\t\t<div class=\"elementor-flip-box__layer__description\">\n\t\t\t\t\t\t\tWe stay a step ahead by applying\nnew ideas to exceed expectations.\t\t\t\t\t\t<\/div>\n\t\t\t\t\t\n\t\t\t\t\t\t\t\t<\/div>\n\t\t<\/div>\n\t\t<\/div>\n\t\t<\/div>\n\t\t\t\t\t\t<\/div>\n\t\t\t\t<\/div>\n\t\t\t\t<\/div>\n\t\t<div class=\"elementor-element elementor-element-aa21fab e-con-full e-flex e-con e-child\" data-id=\"aa21fab\" data-element_type=\"container\">\n\t\t\t\t<div class=\"elementor-element elementor-element-25e3ee3 elementor-flip-box--effect-fade elementor-widget elementor-widget-flip-box\" data-id=\"25e3ee3\" data-element_type=\"widget\" data-widget_type=\"flip-box.default\">\n\t\t\t\t<div class=\"elementor-widget-container\">\n\t\t\t\t\t\t\t<div class=\"elementor-flip-box\" tabindex=\"0\">\n\t\t\t<div class=\"elementor-flip-box__layer elementor-flip-box__front\">\n\t\t\t\t<div class=\"elementor-flip-box__layer__overlay\">\n\t\t\t\t\t<div class=\"elementor-flip-box__layer__inner\">\n\t\t\t\t\t\t\n\t\t\t\t\t\t\t\t\t\t\t\t\t<h3 class=\"elementor-flip-box__layer__title\">\n\t\t\t\t\t\t\t\tQuality\t\t\t\t\t\t\t<\/h3>\n\t\t\t\t\t\t\n\t\t\t\t\t\t\t\t\t\t\t<\/div>\n\t\t\t\t<\/div>\n\t\t\t<\/div>\n\t\t\t<div class=\"elementor-flip-box__layer elementor-flip-box__back\">\n\t\t\t<div class=\"elementor-flip-box__layer__overlay\">\n\t\t\t\t<div class=\"elementor-flip-box__layer__inner\">\n\t\t\t\t\t\t\t\t\t\t\t<h3 class=\"elementor-flip-box__layer__title\">\n\t\t\t\t\t\t\tQuality\t\t\t\t\t\t<\/h3>\n\t\t\t\t\t\n\t\t\t\t\t\t\t\t\t\t\t<div class=\"elementor-flip-box__layer__description\">\n\t\t\t\t\t\t\tWe build trust by achieving excellence in everything we do\t\t\t\t\t\t<\/div>\n\t\t\t\t\t\n\t\t\t\t\t\t\t\t<\/div>\n\t\t<\/div>\n\t\t<\/div>\n\t\t<\/div>\n\t\t\t\t\t\t<\/div>\n\t\t\t\t<\/div>\n\t\t\t\t<\/div>\n\t\t<div class=\"elementor-element elementor-element-70a53bf e-con-full e-flex e-con e-child\" data-id=\"70a53bf\" data-element_type=\"container\">\n\t\t\t\t<div class=\"elementor-element elementor-element-5fc9b42 elementor-flip-box--effect-fade elementor-widget elementor-widget-flip-box\" data-id=\"5fc9b42\" data-element_type=\"widget\" data-widget_type=\"flip-box.default\">\n\t\t\t\t<div class=\"elementor-widget-container\">\n\t\t\t\t\t\t\t<div class=\"elementor-flip-box\" tabindex=\"0\">\n\t\t\t<div class=\"elementor-flip-box__layer elementor-flip-box__front\">\n\t\t\t\t<div class=\"elementor-flip-box__layer__overlay\">\n\t\t\t\t\t<div class=\"elementor-flip-box__layer__inner\">\n\t\t\t\t\t\t\n\t\t\t\t\t\t\t\t\t\t\t\t\t<h3 class=\"elementor-flip-box__layer__title\">\n\t\t\t\t\t\t\t\tPeople\t\t\t\t\t\t\t<\/h3>\n\t\t\t\t\t\t\n\t\t\t\t\t\t\t\t\t\t\t<\/div>\n\t\t\t\t<\/div>\n\t\t\t<\/div>\n\t\t\t<div class=\"elementor-flip-box__layer elementor-flip-box__back\">\n\t\t\t<div class=\"elementor-flip-box__layer__overlay\">\n\t\t\t\t<div class=\"elementor-flip-box__layer__inner\">\n\t\t\t\t\t\t\t\t\t\t\t<h3 class=\"elementor-flip-box__layer__title\">\n\t\t\t\t\t\t\tPeople\t\t\t\t\t\t<\/h3>\n\t\t\t\t\t\n\t\t\t\t\t\t\t\t\t\t\t<div class=\"elementor-flip-box__layer__description\">\n\t\t\t\t\t\t\tWe create value through teamwork\nand personal and professional development.\t\t\t\t\t\t<\/div>\n\t\t\t\t\t\n\t\t\t\t\t\t\t\t<\/div>\n\t\t<\/div>\n\t\t<\/div>\n\t\t<\/div>\n\t\t\t\t\t\t<\/div>\n\t\t\t\t<\/div>\n\t\t\t\t<\/div>\n\t\t\t\t<\/div>\n\t\t\t\t<\/div>\n\t\t","protected":false},"excerpt":{"rendered":"<p>Purpose and values Our purpose Bring healthy food to people, preserving the best of nature. Our values Commitment Commitment We are engaged in achieving our goals, conducting our business ethically and responsibly. Innovation Innovation We stay a step ahead by applying new ideas to exceed expectations. Quality Quality We build trust by achieving excellence in [&hellip;]<\/p>\n","protected":false},"author":1,"featured_media":0,"parent":0,"menu_order":2,"comment_status":"closed","ping_status":"closed","template":"","meta":{"footnotes":""},"class_list":["post-24480","page","type-page","status-publish","hentry"],"yoast_head":"<!-- This site is optimized with the Yoast SEO plugin v24.6 - https:\/\/yoast.com\/wordpress\/plugins\/seo\/ -->\n<title>Purpose and values - NAUTERRA<\/title>\n<meta name=\"description\" content=\"Bring healthy food to people, preserving the best of nature.\" \/>\n<meta name=\"robots\" content=\"noindex, follow, max-snippet:-1, max-image-preview:large, max-video-preview:-1\" \/>\n<meta property=\"og:locale\" content=\"en_US\" \/>\n<meta property=\"og:type\" content=\"article\" \/>\n<meta property=\"og:title\" content=\"Purpose and values - NAUTERRA\" \/>\n<meta property=\"og:description\" content=\"Bring healthy food to people, preserving the best of nature.\" \/>\n<meta property=\"og:url\" content=\"https:\/\/wonderful-nash.137-74-81-169.plesk.page\/en\/mission-vision-and-values\/\" \/>\n<meta property=\"og:site_name\" content=\"NAUTERRA\" \/>\n<meta name=\"twitter:card\" content=\"summary_large_image\" \/>\n<meta name=\"twitter:site\" content=\"@NauterraEspana\" \/>\n<meta name=\"twitter:label1\" content=\"Est. reading time\" \/>\n\t<meta name=\"twitter:data1\" content=\"1 minute\" \/>\n<script type=\"application\/ld+json\" class=\"yoast-schema-graph\">{\"@context\":\"https:\/\/schema.org\",\"@graph\":[{\"@type\":\"WebPage\",\"@id\":\"https:\/\/wonderful-nash.137-74-81-169.plesk.page\/en\/mission-vision-and-values\/\",\"url\":\"https:\/\/wonderful-nash.137-74-81-169.plesk.page\/en\/mission-vision-and-values\/\",\"name\":\"Purpose and values - NAUTERRA\",\"isPartOf\":{\"@id\":\"https:\/\/wonderful-nash.137-74-81-169.plesk.page\/en\/#website\"},\"datePublished\":\"2024-11-20T09:43:21+00:00\",\"description\":\"Bring healthy food to people, preserving the best of nature.\",\"breadcrumb\":{\"@id\":\"https:\/\/wonderful-nash.137-74-81-169.plesk.page\/en\/mission-vision-and-values\/#breadcrumb\"},\"inLanguage\":\"en-US\",\"potentialAction\":[{\"@type\":\"ReadAction\",\"target\":[\"https:\/\/wonderful-nash.137-74-81-169.plesk.page\/en\/mission-vision-and-values\/\"]}]},{\"@type\":\"BreadcrumbList\",\"@id\":\"https:\/\/wonderful-nash.137-74-81-169.plesk.page\/en\/mission-vision-and-values\/#breadcrumb\",\"itemListElement\":[{\"@type\":\"ListItem\",\"position\":1,\"name\":\"Portada\",\"item\":\"https:\/\/wonderful-nash.137-74-81-169.plesk.page\/en\/\"},{\"@type\":\"ListItem\",\"position\":2,\"name\":\"Purpose and values\"}]},{\"@type\":\"WebSite\",\"@id\":\"https:\/\/wonderful-nash.137-74-81-169.plesk.page\/en\/#website\",\"url\":\"https:\/\/wonderful-nash.137-74-81-169.plesk.page\/en\/\",\"name\":\"Nauterra\",\"description\":\"Somos una compa\u00f1\u00eda global de alimentaci\u00f3n que tiene como prop\u00f3sito acercar a las personas una alimentaci\u00f3n saludable conservando lo mejor de la naturaleza.\",\"publisher\":{\"@id\":\"https:\/\/wonderful-nash.137-74-81-169.plesk.page\/en\/#organization\"},\"potentialAction\":[{\"@type\":\"SearchAction\",\"target\":{\"@type\":\"EntryPoint\",\"urlTemplate\":\"https:\/\/wonderful-nash.137-74-81-169.plesk.page\/en\/?s={search_term_string}\"},\"query-input\":{\"@type\":\"PropertyValueSpecification\",\"valueRequired\":true,\"valueName\":\"search_term_string\"}}],\"inLanguage\":\"en-US\"},{\"@type\":\"Organization\",\"@id\":\"https:\/\/wonderful-nash.137-74-81-169.plesk.page\/en\/#organization\",\"name\":\"Nauterra\",\"url\":\"https:\/\/wonderful-nash.137-74-81-169.plesk.page\/en\/\",\"logo\":{\"@type\":\"ImageObject\",\"inLanguage\":\"en-US\",\"@id\":\"https:\/\/wonderful-nash.137-74-81-169.plesk.page\/en\/#\/schema\/logo\/image\/\",\"url\":\"https:\/\/wonderful-nash.137-74-81-169.plesk.page\/wp-content\/uploads\/2023\/10\/nauterra.png\",\"contentUrl\":\"https:\/\/wonderful-nash.137-74-81-169.plesk.page\/wp-content\/uploads\/2023\/10\/nauterra.png\",\"width\":1150,\"height\":406,\"caption\":\"Nauterra\"},\"image\":{\"@id\":\"https:\/\/wonderful-nash.137-74-81-169.plesk.page\/en\/#\/schema\/logo\/image\/\"},\"sameAs\":[\"https:\/\/x.com\/NauterraEspana\",\"https:\/\/www.linkedin.com\/company\/nauterra-espana\/posts\/?feedView=all&viewAsMember=true\"]}]}<\/script>\n<!-- \/ Yoast SEO plugin. -->","yoast_head_json":{"title":"Purpose and values - NAUTERRA","description":"Bring healthy food to people, preserving the best of nature.","robots":{"index":"noindex","follow":"follow","max-snippet":"max-snippet:-1","max-image-preview":"max-image-preview:large","max-video-preview":"max-video-preview:-1"},"og_locale":"en_US","og_type":"article","og_title":"Purpose and values - NAUTERRA","og_description":"Bring healthy food to people, preserving the best of nature.","og_url":"https:\/\/wonderful-nash.137-74-81-169.plesk.page\/en\/mission-vision-and-values\/","og_site_name":"NAUTERRA","twitter_card":"summary_large_image","twitter_site":"@NauterraEspana","twitter_misc":{"Est. reading time":"1 minute"},"schema":{"@context":"https:\/\/schema.org","@graph":[{"@type":"WebPage","@id":"https:\/\/wonderful-nash.137-74-81-169.plesk.page\/en\/mission-vision-and-values\/","url":"https:\/\/wonderful-nash.137-74-81-169.plesk.page\/en\/mission-vision-and-values\/","name":"Purpose and values - NAUTERRA","isPartOf":{"@id":"https:\/\/wonderful-nash.137-74-81-169.plesk.page\/en\/#website"},"datePublished":"2024-11-20T09:43:21+00:00","description":"Bring healthy food to people, preserving the best of nature.","breadcrumb":{"@id":"https:\/\/wonderful-nash.137-74-81-169.plesk.page\/en\/mission-vision-and-values\/#breadcrumb"},"inLanguage":"en-US","potentialAction":[{"@type":"ReadAction","target":["https:\/\/wonderful-nash.137-74-81-169.plesk.page\/en\/mission-vision-and-values\/"]}]},{"@type":"BreadcrumbList","@id":"https:\/\/wonderful-nash.137-74-81-169.plesk.page\/en\/mission-vision-and-values\/#breadcrumb","itemListElement":[{"@type":"ListItem","position":1,"name":"Portada","item":"https:\/\/wonderful-nash.137-74-81-169.plesk.page\/en\/"},{"@type":"ListItem","position":2,"name":"Purpose and values"}]},{"@type":"WebSite","@id":"https:\/\/wonderful-nash.137-74-81-169.plesk.page\/en\/#website","url":"https:\/\/wonderful-nash.137-74-81-169.plesk.page\/en\/","name":"Nauterra","description":"Somos una compa\u00f1\u00eda global de alimentaci\u00f3n que tiene como prop\u00f3sito acercar a las personas una alimentaci\u00f3n saludable conservando lo mejor de la naturaleza.","publisher":{"@id":"https:\/\/wonderful-nash.137-74-81-169.plesk.page\/en\/#organization"},"potentialAction":[{"@type":"SearchAction","target":{"@type":"EntryPoint","urlTemplate":"https:\/\/wonderful-nash.137-74-81-169.plesk.page\/en\/?s={search_term_string}"},"query-input":{"@type":"PropertyValueSpecification","valueRequired":true,"valueName":"search_term_string"}}],"inLanguage":"en-US"},{"@type":"Organization","@id":"https:\/\/wonderful-nash.137-74-81-169.plesk.page\/en\/#organization","name":"Nauterra","url":"https:\/\/wonderful-nash.137-74-81-169.plesk.page\/en\/","logo":{"@type":"ImageObject","inLanguage":"en-US","@id":"https:\/\/wonderful-nash.137-74-81-169.plesk.page\/en\/#\/schema\/logo\/image\/","url":"https:\/\/wonderful-nash.137-74-81-169.plesk.page\/wp-content\/uploads\/2023\/10\/nauterra.png","contentUrl":"https:\/\/wonderful-nash.137-74-81-169.plesk.page\/wp-content\/uploads\/2023\/10\/nauterra.png","width":1150,"height":406,"caption":"Nauterra"},"image":{"@id":"https:\/\/wonderful-nash.137-74-81-169.plesk.page\/en\/#\/schema\/logo\/image\/"},"sameAs":["https:\/\/x.com\/NauterraEspana","https:\/\/www.linkedin.com\/company\/nauterra-espana\/posts\/?feedView=all&viewAsMember=true"]}]}},"_links":{"self":[{"href":"https:\/\/wonderful-nash.137-74-81-169.plesk.page\/en\/wp-json\/wp\/v2\/pages\/24480","targetHints":{"allow":["GET"]}}],"collection":[{"href":"https:\/\/wonderful-nash.137-74-81-169.plesk.page\/en\/wp-json\/wp\/v2\/pages"}],"about":[{"href":"https:\/\/wonderful-nash.137-74-81-169.plesk.page\/en\/wp-json\/wp\/v2\/types\/page"}],"author":[{"embeddable":true,"href":"https:\/\/wonderful-nash.137-74-81-169.plesk.page\/en\/wp-json\/wp\/v2\/users\/1"}],"replies":[{"embeddable":true,"href":"https:\/\/wonderful-nash.137-74-81-169.plesk.page\/en\/wp-json\/wp\/v2\/comments?post=24480"}],"version-history":[{"count":15,"href":"https:\/\/wonderful-nash.137-74-81-169.plesk.page\/en\/wp-json\/wp\/v2\/pages\/24480\/revisions"}],"predecessor-version":[{"id":26498,"href":"https:\/\/wonderful-nash.137-74-81-169.plesk.page\/en\/wp-json\/wp\/v2\/pages\/24480\/revisions\/26498"}],"wp:attachment":[{"href":"https:\/\/wonderful-nash.137-74-81-169.plesk.page\/en\/wp-json\/wp\/v2\/media?parent=24480"}],"curies":[{"name":"wp","href":"https:\/\/api.w.org\/{rel}","templated":true}]}}