{"id":24523,"date":"2024-11-20T09:43:11","date_gmt":"2024-11-20T09:43:11","guid":{"rendered":"https:\/\/nauterra.com\/alimentacion-saludable\/"},"modified":"2024-11-20T09:43:11","modified_gmt":"2024-11-20T09:43:11","slug":"healthy-eating","status":"publish","type":"page","link":"https:\/\/wonderful-nash.137-74-81-169.plesk.page\/en\/healthy-eating\/","title":{"rendered":"Healthy Eating"},"content":{"rendered":"<h1>Healthy Eating<\/h1>\n<h1>We bring healthy and quality foods to the table for millions of households<\/h1>\n<p>\t\tOur canned products are prepared in accordance with the highest food safety standards.<br \/>\nThey have no preservatives and are a source of protein that is essential to any balanced diet.<br \/>\n\t\t\t\t\t<a href=\"\/en\/basis-of-our-producs\/\"><\/p>\n<h2>\n\t\t\t\t\t\tThe basis of our products\t\t\t\t\t<\/h2>\n<p>\t\t\t\t\t\t<\/a><br \/>\n\t\t\t\t\t<a href=\"\/en\/value-chain\/\"><\/p>\n<h2>\n\t\t\t\t\t\tValue chain\t\t\t\t\t<\/h2>\n<p>\t\t\t\t\t\t<\/a><br \/>\n\t\t\t\t\t<a href=\"\/en\/know-our-brands\/\"><\/p>\n<h2>\n\t\t\t\t\t\tGet to know our brands\t\t\t\t\t<\/h2>\n<p>\t\t\t\t\t\t<\/a><\/p>\n","protected":false},"excerpt":{"rendered":"<p>Healthy Eating We bring healthy and quality foods to the table for millions of households Our canned products are prepared in accordance with the highest food safety standards. They have no preservatives and are a source of protein that is essential to any balanced diet. The basis of our products Value chain Get to know [&hellip;]<\/p>\n","protected":false},"author":1,"featured_media":0,"parent":0,"menu_order":0,"comment_status":"closed","ping_status":"closed","template":"","meta":{"footnotes":""},"class_list":["post-24523","page","type-page","status-publish","hentry"],"yoast_head":"<!-- This site is optimized with the Yoast SEO plugin v24.6 - https:\/\/yoast.com\/wordpress\/plugins\/seo\/ -->\n<title>We bring healthy and quality foods to the table for millions of households<\/title>\n<meta name=\"description\" content=\"Our canned products are prepared in accordance with the highest food safety standards. They have no preservatives and are a source of protein that is essential to any balanced diet.\" \/>\n<meta name=\"robots\" content=\"noindex, follow, max-snippet:-1, max-image-preview:large, max-video-preview:-1\" \/>\n<meta property=\"og:locale\" content=\"en_US\" \/>\n<meta property=\"og:type\" content=\"article\" \/>\n<meta property=\"og:title\" content=\"We bring healthy and quality foods to the table for millions of households\" \/>\n<meta property=\"og:description\" content=\"Our canned products are prepared in accordance with the highest food safety standards. They have no preservatives and are a source of protein that is essential to any balanced diet.\" \/>\n<meta property=\"og:url\" content=\"https:\/\/wonderful-nash.137-74-81-169.plesk.page\/en\/healthy-eating\/\" \/>\n<meta property=\"og:site_name\" content=\"NAUTERRA\" \/>\n<meta name=\"twitter:card\" content=\"summary_large_image\" \/>\n<meta name=\"twitter:site\" content=\"@NauterraEspana\" \/>\n<meta name=\"twitter:label1\" content=\"Est. reading time\" \/>\n\t<meta name=\"twitter:data1\" content=\"1 minute\" \/>\n<script type=\"application\/ld+json\" class=\"yoast-schema-graph\">{\"@context\":\"https:\/\/schema.org\",\"@graph\":[{\"@type\":\"WebPage\",\"@id\":\"https:\/\/wonderful-nash.137-74-81-169.plesk.page\/en\/healthy-eating\/\",\"url\":\"https:\/\/wonderful-nash.137-74-81-169.plesk.page\/en\/healthy-eating\/\",\"name\":\"We bring healthy and quality foods to the table for millions of households\",\"isPartOf\":{\"@id\":\"https:\/\/wonderful-nash.137-74-81-169.plesk.page\/en\/#website\"},\"datePublished\":\"2024-11-20T09:43:11+00:00\",\"description\":\"Our canned products are prepared in accordance with the highest food safety standards. They have no preservatives and are a source of protein that is essential to any balanced diet.\",\"breadcrumb\":{\"@id\":\"https:\/\/wonderful-nash.137-74-81-169.plesk.page\/en\/healthy-eating\/#breadcrumb\"},\"inLanguage\":\"en-US\",\"potentialAction\":[{\"@type\":\"ReadAction\",\"target\":[\"https:\/\/wonderful-nash.137-74-81-169.plesk.page\/en\/healthy-eating\/\"]}]},{\"@type\":\"BreadcrumbList\",\"@id\":\"https:\/\/wonderful-nash.137-74-81-169.plesk.page\/en\/healthy-eating\/#breadcrumb\",\"itemListElement\":[{\"@type\":\"ListItem\",\"position\":1,\"name\":\"Portada\",\"item\":\"https:\/\/wonderful-nash.137-74-81-169.plesk.page\/en\/\"},{\"@type\":\"ListItem\",\"position\":2,\"name\":\"Healthy Eating\"}]},{\"@type\":\"WebSite\",\"@id\":\"https:\/\/wonderful-nash.137-74-81-169.plesk.page\/en\/#website\",\"url\":\"https:\/\/wonderful-nash.137-74-81-169.plesk.page\/en\/\",\"name\":\"Nauterra\",\"description\":\"Somos una compa\u00f1\u00eda global de alimentaci\u00f3n que tiene como prop\u00f3sito acercar a las personas una alimentaci\u00f3n saludable conservando lo mejor de la naturaleza.\",\"publisher\":{\"@id\":\"https:\/\/wonderful-nash.137-74-81-169.plesk.page\/en\/#organization\"},\"potentialAction\":[{\"@type\":\"SearchAction\",\"target\":{\"@type\":\"EntryPoint\",\"urlTemplate\":\"https:\/\/wonderful-nash.137-74-81-169.plesk.page\/en\/?s={search_term_string}\"},\"query-input\":{\"@type\":\"PropertyValueSpecification\",\"valueRequired\":true,\"valueName\":\"search_term_string\"}}],\"inLanguage\":\"en-US\"},{\"@type\":\"Organization\",\"@id\":\"https:\/\/wonderful-nash.137-74-81-169.plesk.page\/en\/#organization\",\"name\":\"Nauterra\",\"url\":\"https:\/\/wonderful-nash.137-74-81-169.plesk.page\/en\/\",\"logo\":{\"@type\":\"ImageObject\",\"inLanguage\":\"en-US\",\"@id\":\"https:\/\/wonderful-nash.137-74-81-169.plesk.page\/en\/#\/schema\/logo\/image\/\",\"url\":\"https:\/\/wonderful-nash.137-74-81-169.plesk.page\/wp-content\/uploads\/2023\/10\/nauterra.png\",\"contentUrl\":\"https:\/\/wonderful-nash.137-74-81-169.plesk.page\/wp-content\/uploads\/2023\/10\/nauterra.png\",\"width\":1150,\"height\":406,\"caption\":\"Nauterra\"},\"image\":{\"@id\":\"https:\/\/wonderful-nash.137-74-81-169.plesk.page\/en\/#\/schema\/logo\/image\/\"},\"sameAs\":[\"https:\/\/x.com\/NauterraEspana\",\"https:\/\/www.linkedin.com\/company\/nauterra-espana\/posts\/?feedView=all&viewAsMember=true\"]}]}<\/script>\n<!-- \/ Yoast SEO plugin. -->","yoast_head_json":{"title":"We bring healthy and quality foods to the table for millions of households","description":"Our canned products are prepared in accordance with the highest food safety standards. They have no preservatives and are a source of protein that is essential to any balanced diet.","robots":{"index":"noindex","follow":"follow","max-snippet":"max-snippet:-1","max-image-preview":"max-image-preview:large","max-video-preview":"max-video-preview:-1"},"og_locale":"en_US","og_type":"article","og_title":"We bring healthy and quality foods to the table for millions of households","og_description":"Our canned products are prepared in accordance with the highest food safety standards. They have no preservatives and are a source of protein that is essential to any balanced diet.","og_url":"https:\/\/wonderful-nash.137-74-81-169.plesk.page\/en\/healthy-eating\/","og_site_name":"NAUTERRA","twitter_card":"summary_large_image","twitter_site":"@NauterraEspana","twitter_misc":{"Est. reading time":"1 minute"},"schema":{"@context":"https:\/\/schema.org","@graph":[{"@type":"WebPage","@id":"https:\/\/wonderful-nash.137-74-81-169.plesk.page\/en\/healthy-eating\/","url":"https:\/\/wonderful-nash.137-74-81-169.plesk.page\/en\/healthy-eating\/","name":"We bring healthy and quality foods to the table for millions of households","isPartOf":{"@id":"https:\/\/wonderful-nash.137-74-81-169.plesk.page\/en\/#website"},"datePublished":"2024-11-20T09:43:11+00:00","description":"Our canned products are prepared in accordance with the highest food safety standards. They have no preservatives and are a source of protein that is essential to any balanced diet.","breadcrumb":{"@id":"https:\/\/wonderful-nash.137-74-81-169.plesk.page\/en\/healthy-eating\/#breadcrumb"},"inLanguage":"en-US","potentialAction":[{"@type":"ReadAction","target":["https:\/\/wonderful-nash.137-74-81-169.plesk.page\/en\/healthy-eating\/"]}]},{"@type":"BreadcrumbList","@id":"https:\/\/wonderful-nash.137-74-81-169.plesk.page\/en\/healthy-eating\/#breadcrumb","itemListElement":[{"@type":"ListItem","position":1,"name":"Portada","item":"https:\/\/wonderful-nash.137-74-81-169.plesk.page\/en\/"},{"@type":"ListItem","position":2,"name":"Healthy Eating"}]},{"@type":"WebSite","@id":"https:\/\/wonderful-nash.137-74-81-169.plesk.page\/en\/#website","url":"https:\/\/wonderful-nash.137-74-81-169.plesk.page\/en\/","name":"Nauterra","description":"Somos una compa\u00f1\u00eda global de alimentaci\u00f3n que tiene como prop\u00f3sito acercar a las personas una alimentaci\u00f3n saludable conservando lo mejor de la naturaleza.","publisher":{"@id":"https:\/\/wonderful-nash.137-74-81-169.plesk.page\/en\/#organization"},"potentialAction":[{"@type":"SearchAction","target":{"@type":"EntryPoint","urlTemplate":"https:\/\/wonderful-nash.137-74-81-169.plesk.page\/en\/?s={search_term_string}"},"query-input":{"@type":"PropertyValueSpecification","valueRequired":true,"valueName":"search_term_string"}}],"inLanguage":"en-US"},{"@type":"Organization","@id":"https:\/\/wonderful-nash.137-74-81-169.plesk.page\/en\/#organization","name":"Nauterra","url":"https:\/\/wonderful-nash.137-74-81-169.plesk.page\/en\/","logo":{"@type":"ImageObject","inLanguage":"en-US","@id":"https:\/\/wonderful-nash.137-74-81-169.plesk.page\/en\/#\/schema\/logo\/image\/","url":"https:\/\/wonderful-nash.137-74-81-169.plesk.page\/wp-content\/uploads\/2023\/10\/nauterra.png","contentUrl":"https:\/\/wonderful-nash.137-74-81-169.plesk.page\/wp-content\/uploads\/2023\/10\/nauterra.png","width":1150,"height":406,"caption":"Nauterra"},"image":{"@id":"https:\/\/wonderful-nash.137-74-81-169.plesk.page\/en\/#\/schema\/logo\/image\/"},"sameAs":["https:\/\/x.com\/NauterraEspana","https:\/\/www.linkedin.com\/company\/nauterra-espana\/posts\/?feedView=all&viewAsMember=true"]}]}},"_links":{"self":[{"href":"https:\/\/wonderful-nash.137-74-81-169.plesk.page\/en\/wp-json\/wp\/v2\/pages\/24523","targetHints":{"allow":["GET"]}}],"collection":[{"href":"https:\/\/wonderful-nash.137-74-81-169.plesk.page\/en\/wp-json\/wp\/v2\/pages"}],"about":[{"href":"https:\/\/wonderful-nash.137-74-81-169.plesk.page\/en\/wp-json\/wp\/v2\/types\/page"}],"author":[{"embeddable":true,"href":"https:\/\/wonderful-nash.137-74-81-169.plesk.page\/en\/wp-json\/wp\/v2\/users\/1"}],"replies":[{"embeddable":true,"href":"https:\/\/wonderful-nash.137-74-81-169.plesk.page\/en\/wp-json\/wp\/v2\/comments?post=24523"}],"version-history":[{"count":24,"href":"https:\/\/wonderful-nash.137-74-81-169.plesk.page\/en\/wp-json\/wp\/v2\/pages\/24523\/revisions"}],"predecessor-version":[{"id":25993,"href":"https:\/\/wonderful-nash.137-74-81-169.plesk.page\/en\/wp-json\/wp\/v2\/pages\/24523\/revisions\/25993"}],"wp:attachment":[{"href":"https:\/\/wonderful-nash.137-74-81-169.plesk.page\/en\/wp-json\/wp\/v2\/media?parent=24523"}],"curies":[{"name":"wp","href":"https:\/\/api.w.org\/{rel}","templated":true}]}}