{"id":24543,"date":"2024-11-20T09:43:14","date_gmt":"2024-11-20T09:43:14","guid":{"rendered":"https:\/\/nauterra.com\/conoce-nuestras-marcas\/"},"modified":"2024-11-20T09:43:14","modified_gmt":"2024-11-20T09:43:14","slug":"know-our-brands","status":"publish","type":"page","link":"https:\/\/wonderful-nash.137-74-81-169.plesk.page\/en\/know-our-brands\/","title":{"rendered":"Get to know our brands"},"content":{"rendered":"\t\t<div data-elementor-type=\"wp-page\" data-elementor-id=\"24543\" class=\"elementor elementor-24543 elementor-20015\" data-elementor-post-type=\"page\">\n\t\t\t\t<div class=\"elementor-element elementor-element-95f10e7 e-con-full e-flex e-con e-parent\" data-id=\"95f10e7\" data-element_type=\"container\" data-settings=\"{&quot;background_background&quot;:&quot;slideshow&quot;,&quot;background_slideshow_gallery&quot;:[{&quot;id&quot;:25647,&quot;url&quot;:&quot;https:\\\/\\\/nauterra.com\\\/wp-content\\\/uploads\\\/2023\\\/11\\\/cabecera_calvo2.jpg&quot;},{&quot;id&quot;:25649,&quot;url&quot;:&quot;https:\\\/\\\/nauterra.com\\\/wp-content\\\/uploads\\\/2023\\\/11\\\/cabecera_calvo1.jpg&quot;}],&quot;background_slideshow_loop&quot;:&quot;yes&quot;,&quot;background_slideshow_slide_duration&quot;:5000,&quot;background_slideshow_slide_transition&quot;:&quot;fade&quot;,&quot;background_slideshow_transition_duration&quot;:500}\">\n\t\t\t\t<\/div>\n\t\t<div class=\"elementor-element elementor-element-5bfdae9 e-flex e-con-boxed e-con e-parent\" data-id=\"5bfdae9\" data-element_type=\"container\">\n\t\t\t\t\t<div class=\"e-con-inner\">\n\t\t<div class=\"elementor-element elementor-element-ae089ec e-con-full e-flex e-con e-child\" data-id=\"ae089ec\" data-element_type=\"container\">\n\t\t\t\t<div class=\"elementor-element elementor-element-1d090b6 elementor-widget elementor-widget-text-editor\" data-id=\"1d090b6\" data-element_type=\"widget\" data-widget_type=\"text-editor.default\">\n\t\t\t\t<div class=\"elementor-widget-container\">\n\t\t\t\t\t\t\t\t\t<p>Our products are marketed through brands that are leaders in healthy and quality food and innovation.<\/p><p>The development and commercialization of new products seeks to meet consumer needs, and products are created having taken into consideration the attributes of taste, convenience, health and sustainability.<\/p>\t\t\t\t\t\t\t\t<\/div>\n\t\t\t\t<\/div>\n\t\t\t\t<div class=\"elementor-element elementor-element-5f4440e elementor-widget elementor-widget-heading\" data-id=\"5f4440e\" data-element_type=\"widget\" data-widget_type=\"heading.default\">\n\t\t\t\t<div class=\"elementor-widget-container\">\n\t\t\t\t\t<h1 class=\"elementor-heading-title elementor-size-default\">Our brands<\/h1>\t\t\t\t<\/div>\n\t\t\t\t<\/div>\n\t\t\t\t<\/div>\n\t\t\t\t\t<\/div>\n\t\t\t\t<\/div>\n\t\t<div class=\"elementor-element elementor-element-9e0a405 e-con-full e-flex e-con e-parent\" data-id=\"9e0a405\" data-element_type=\"container\">\n\t\t<div class=\"elementor-element elementor-element-6466ac0 e-con-full e-flex e-con e-child\" data-id=\"6466ac0\" data-element_type=\"container\">\n\t\t\t\t<div class=\"elementor-element elementor-element-3c92221 elementor-widget elementor-widget-image\" data-id=\"3c92221\" data-element_type=\"widget\" data-widget_type=\"image.default\">\n\t\t\t\t<div class=\"elementor-widget-container\">\n\t\t\t\t\t\t\t\t\t\t\t\t\t\t\t<img fetchpriority=\"high\" decoding=\"async\" width=\"377\" height=\"200\" src=\"https:\/\/wonderful-nash.137-74-81-169.plesk.page\/wp-content\/uploads\/2023\/11\/calvo-1-1.png\" class=\"attachment-large size-large wp-image-25505\" alt=\"\" srcset=\"https:\/\/wonderful-nash.137-74-81-169.plesk.page\/wp-content\/uploads\/2023\/11\/calvo-1-1.png 377w, https:\/\/wonderful-nash.137-74-81-169.plesk.page\/wp-content\/uploads\/2023\/11\/calvo-1-1-300x159.png 300w\" sizes=\"(max-width: 377px) 100vw, 377px\" \/>\t\t\t\t\t\t\t\t\t\t\t\t\t\t\t<\/div>\n\t\t\t\t<\/div>\n\t\t\t\t<div class=\"elementor-element elementor-element-076aa5f elementor-align-center elementor-widget elementor-widget-button\" data-id=\"076aa5f\" data-element_type=\"widget\" data-widget_type=\"button.default\">\n\t\t\t\t<div class=\"elementor-widget-container\">\n\t\t\t\t\t\t\t\t\t<div class=\"elementor-button-wrapper\">\n\t\t\t\t\t<a class=\"elementor-button elementor-button-link elementor-size-sm\" href=\"https:\/\/calvo.es\/\">\n\t\t\t\t\t\t<span class=\"elementor-button-content-wrapper\">\n\t\t\t\t\t\t\t\t\t<span class=\"elementor-button-text\">GO TO CALVO<\/span>\n\t\t\t\t\t<\/span>\n\t\t\t\t\t<\/a>\n\t\t\t\t<\/div>\n\t\t\t\t\t\t\t\t<\/div>\n\t\t\t\t<\/div>\n\t\t\t\t<div class=\"elementor-element elementor-element-3cc7e9d elementor-widget elementor-widget-text-editor\" data-id=\"3cc7e9d\" data-element_type=\"widget\" data-widget_type=\"text-editor.default\">\n\t\t\t\t<div class=\"elementor-widget-container\">\n\t\t\t\t\t\t\t\t\tThe best-known brand of canned fish and seafood in Spain with an ever-growing presence in more markets. Calvo was born in 1940 in the town of Carballo (Galicia). It is the leading brand in Spain\u2019s canned tuna, mussel and calamari market and has undergone significant development throughout Central America.\t\t\t\t\t\t\t\t<\/div>\n\t\t\t\t<\/div>\n\t\t\t\t<\/div>\n\t\t<div class=\"elementor-element elementor-element-5e75434 e-con-full e-flex e-con e-child\" data-id=\"5e75434\" data-element_type=\"container\">\n\t\t\t\t<div class=\"elementor-element elementor-element-80bb8a2 elementor-widget elementor-widget-image\" data-id=\"80bb8a2\" data-element_type=\"widget\" data-widget_type=\"image.default\">\n\t\t\t\t<div class=\"elementor-widget-container\">\n\t\t\t\t\t\t\t\t\t\t\t\t\t\t\t<img decoding=\"async\" width=\"377\" height=\"200\" src=\"https:\/\/wonderful-nash.137-74-81-169.plesk.page\/wp-content\/uploads\/2023\/11\/nostromo-1.png\" class=\"attachment-large size-large wp-image-25509\" alt=\"\" srcset=\"https:\/\/wonderful-nash.137-74-81-169.plesk.page\/wp-content\/uploads\/2023\/11\/nostromo-1.png 377w, https:\/\/wonderful-nash.137-74-81-169.plesk.page\/wp-content\/uploads\/2023\/11\/nostromo-1-300x159.png 300w\" sizes=\"(max-width: 377px) 100vw, 377px\" \/>\t\t\t\t\t\t\t\t\t\t\t\t\t\t\t<\/div>\n\t\t\t\t<\/div>\n\t\t\t\t<div class=\"elementor-element elementor-element-757ce37 elementor-align-center elementor-widget elementor-widget-button\" data-id=\"757ce37\" data-element_type=\"widget\" data-widget_type=\"button.default\">\n\t\t\t\t<div class=\"elementor-widget-container\">\n\t\t\t\t\t\t\t\t\t<div class=\"elementor-button-wrapper\">\n\t\t\t\t\t<a class=\"elementor-button elementor-button-link elementor-size-sm\" href=\"https:\/\/tonnonostromo.it\/\">\n\t\t\t\t\t\t<span class=\"elementor-button-content-wrapper\">\n\t\t\t\t\t\t\t\t\t<span class=\"elementor-button-text\">GO TO NOSTROMO<\/span>\n\t\t\t\t\t<\/span>\n\t\t\t\t\t<\/a>\n\t\t\t\t<\/div>\n\t\t\t\t\t\t\t\t<\/div>\n\t\t\t\t<\/div>\n\t\t\t\t<div class=\"elementor-element elementor-element-31db2dd elementor-widget elementor-widget-text-editor\" data-id=\"31db2dd\" data-element_type=\"widget\" data-widget_type=\"text-editor.default\">\n\t\t\t\t<div class=\"elementor-widget-container\">\n\t\t\t\t\t\t\t\t\t<p>A traditional brand in Italy, Nostromo was introduced in Grado in 1951 and acquired by Nauterra in 1993.<br \/>It is the second leading brand of canned tuna in this market and a point of reference for quality among Italian food products.<\/p>\t\t\t\t\t\t\t\t<\/div>\n\t\t\t\t<\/div>\n\t\t\t\t<\/div>\n\t\t<div class=\"elementor-element elementor-element-046f567 e-con-full e-flex e-con e-child\" data-id=\"046f567\" data-element_type=\"container\">\n\t\t\t\t<div class=\"elementor-element elementor-element-fe43621 elementor-widget elementor-widget-image\" data-id=\"fe43621\" data-element_type=\"widget\" data-widget_type=\"image.default\">\n\t\t\t\t<div class=\"elementor-widget-container\">\n\t\t\t\t\t\t\t\t\t\t\t\t\t\t\t<img decoding=\"async\" width=\"377\" height=\"200\" src=\"https:\/\/wonderful-nash.137-74-81-169.plesk.page\/wp-content\/uploads\/2023\/11\/gomes_costa-1-1.png\" class=\"attachment-large size-large wp-image-25653\" alt=\"\" srcset=\"https:\/\/wonderful-nash.137-74-81-169.plesk.page\/wp-content\/uploads\/2023\/11\/gomes_costa-1-1.png 377w, https:\/\/wonderful-nash.137-74-81-169.plesk.page\/wp-content\/uploads\/2023\/11\/gomes_costa-1-1-300x159.png 300w\" sizes=\"(max-width: 377px) 100vw, 377px\" \/>\t\t\t\t\t\t\t\t\t\t\t\t\t\t\t<\/div>\n\t\t\t\t<\/div>\n\t\t\t\t<div class=\"elementor-element elementor-element-890ba2f elementor-align-center elementor-widget elementor-widget-button\" data-id=\"890ba2f\" data-element_type=\"widget\" data-widget_type=\"button.default\">\n\t\t\t\t<div class=\"elementor-widget-container\">\n\t\t\t\t\t\t\t\t\t<div class=\"elementor-button-wrapper\">\n\t\t\t\t\t<a class=\"elementor-button elementor-button-link elementor-size-sm\" href=\"https:\/\/gomesdacosta.com.br\/\">\n\t\t\t\t\t\t<span class=\"elementor-button-content-wrapper\">\n\t\t\t\t\t\t\t\t\t<span class=\"elementor-button-text\">GO TO GOMES DA COSTA<\/span>\n\t\t\t\t\t<\/span>\n\t\t\t\t\t<\/a>\n\t\t\t\t<\/div>\n\t\t\t\t\t\t\t\t<\/div>\n\t\t\t\t<\/div>\n\t\t\t\t<div class=\"elementor-element elementor-element-8992b2b elementor-widget elementor-widget-text-editor\" data-id=\"8992b2b\" data-element_type=\"widget\" data-widget_type=\"text-editor.default\">\n\t\t\t\t<div class=\"elementor-widget-container\">\n\t\t\t\t\t\t\t\t\tEstablished in Brazil in 1954 and acquired by Nauterra in 2004, Gomes da Costa is the leading brand in Brazil on the canned tuna and sardine market.\t\t\t\t\t\t\t\t<\/div>\n\t\t\t\t<\/div>\n\t\t\t\t<\/div>\n\t\t\t\t<\/div>\n\t\t<div class=\"elementor-element elementor-element-6700bf6 e-con-full e-flex e-con e-parent\" data-id=\"6700bf6\" data-element_type=\"container\">\n\t\t<div class=\"elementor-element elementor-element-0742cec e-con-full e-flex elementor-invisible e-con e-child\" data-id=\"0742cec\" data-element_type=\"container\" data-settings=\"{&quot;animation&quot;:&quot;fadeInLeft&quot;}\">\n\t\t\t\t<div class=\"elementor-element elementor-element-bfd1aef elementor-cta--tablet-layout-image-above elementor-cta--skin-classic elementor-animated-content elementor-bg-transform elementor-bg-transform-zoom-in elementor-widget elementor-widget-call-to-action\" data-id=\"bfd1aef\" data-element_type=\"widget\" data-widget_type=\"call-to-action.default\">\n\t\t\t\t<div class=\"elementor-widget-container\">\n\t\t\t\t\t\t\t<a class=\"elementor-cta\" href=\"\/en\/basis-of-our-producs\/\">\n\t\t\t\t\t<div class=\"elementor-cta__bg-wrapper\">\n\t\t\t\t<div class=\"elementor-cta__bg elementor-bg\" style=\"background-image: url(https:\/\/wonderful-nash.137-74-81-169.plesk.page\/wp-content\/uploads\/2023\/09\/img_base_alimentacion.jpg);\" role=\"img\" aria-label=\"img_base_alimentacion\"><\/div>\n\t\t\t\t<div class=\"elementor-cta__bg-overlay\"><\/div>\n\t\t\t<\/div>\n\t\t\t\t\t\t\t<div class=\"elementor-cta__content\">\n\t\t\t\t\n\t\t\t\t\t\t\t\t\t<h2 class=\"elementor-cta__title elementor-cta__content-item elementor-content-item\">\n\t\t\t\t\t\tThe basis of our products\t\t\t\t\t<\/h2>\n\t\t\t\t\n\t\t\t\t\n\t\t\t\t\t\t\t<\/div>\n\t\t\t\t\t\t<\/a>\n\t\t\t\t\t\t<\/div>\n\t\t\t\t<\/div>\n\t\t\t\t<\/div>\n\t\t<div class=\"elementor-element elementor-element-074b0e7 e-con-full e-flex elementor-invisible e-con e-child\" data-id=\"074b0e7\" data-element_type=\"container\" data-settings=\"{&quot;animation&quot;:&quot;fadeInRight&quot;}\">\n\t\t\t\t<div class=\"elementor-element elementor-element-fcf39a8 elementor-cta--skin-classic elementor-animated-content elementor-bg-transform elementor-bg-transform-zoom-in elementor-widget elementor-widget-call-to-action\" data-id=\"fcf39a8\" data-element_type=\"widget\" data-widget_type=\"call-to-action.default\">\n\t\t\t\t<div class=\"elementor-widget-container\">\n\t\t\t\t\t\t\t<a class=\"elementor-cta\" href=\"\/en\/value-chain\/\">\n\t\t\t\t\t<div class=\"elementor-cta__bg-wrapper\">\n\t\t\t\t<div class=\"elementor-cta__bg elementor-bg\" style=\"background-image: url(https:\/\/wonderful-nash.137-74-81-169.plesk.page\/wp-content\/uploads\/2023\/09\/img_cadena_valor.jpg);\" role=\"img\" aria-label=\"img_cadena_valor\"><\/div>\n\t\t\t\t<div class=\"elementor-cta__bg-overlay\"><\/div>\n\t\t\t<\/div>\n\t\t\t\t\t\t\t<div class=\"elementor-cta__content\">\n\t\t\t\t\n\t\t\t\t\t\t\t\t\t<h2 class=\"elementor-cta__title elementor-cta__content-item elementor-content-item\">\n\t\t\t\t\t\tValue chain\t\t\t\t\t<\/h2>\n\t\t\t\t\n\t\t\t\t\n\t\t\t\t\t\t\t<\/div>\n\t\t\t\t\t\t<\/a>\n\t\t\t\t\t\t<\/div>\n\t\t\t\t<\/div>\n\t\t\t\t<\/div>\n\t\t\t\t<\/div>\n\t\t\t\t<\/div>\n\t\t","protected":false},"excerpt":{"rendered":"<p>Our products are marketed through brands that are leaders in healthy and quality food and innovation. The development and commercialization of new products seeks to meet consumer needs, and products are created having taken into consideration the attributes of taste, convenience, health and sustainability. Our brands GO TO CALVO The best-known brand of canned fish [&hellip;]<\/p>\n","protected":false},"author":1,"featured_media":0,"parent":0,"menu_order":0,"comment_status":"closed","ping_status":"closed","template":"","meta":{"footnotes":""},"class_list":["post-24543","page","type-page","status-publish","hentry"],"yoast_head":"<!-- This site is optimized with the Yoast SEO plugin v24.6 - https:\/\/yoast.com\/wordpress\/plugins\/seo\/ -->\n<title>Get to know our brands - NAUTERRA<\/title>\n<meta name=\"description\" content=\"Our products are marketed through brands that are leaders in healthy and quality food and innovation.\" \/>\n<meta name=\"robots\" content=\"noindex, follow, max-snippet:-1, max-image-preview:large, max-video-preview:-1\" \/>\n<meta property=\"og:locale\" content=\"en_US\" \/>\n<meta property=\"og:type\" content=\"article\" \/>\n<meta property=\"og:title\" content=\"Get to know our brands - NAUTERRA\" \/>\n<meta property=\"og:description\" content=\"Our products are marketed through brands that are leaders in healthy and quality food and innovation.\" \/>\n<meta property=\"og:url\" content=\"https:\/\/wonderful-nash.137-74-81-169.plesk.page\/en\/know-our-brands\/\" \/>\n<meta property=\"og:site_name\" content=\"NAUTERRA\" \/>\n<meta property=\"og:image\" content=\"https:\/\/nauterra.com\/wp-content\/uploads\/2023\/11\/calvo-1-1.png\" \/>\n<meta name=\"twitter:card\" content=\"summary_large_image\" \/>\n<meta name=\"twitter:site\" content=\"@NauterraEspana\" \/>\n<meta name=\"twitter:label1\" content=\"Est. reading time\" \/>\n\t<meta name=\"twitter:data1\" content=\"2 minutes\" \/>\n<script type=\"application\/ld+json\" class=\"yoast-schema-graph\">{\"@context\":\"https:\/\/schema.org\",\"@graph\":[{\"@type\":\"WebPage\",\"@id\":\"https:\/\/wonderful-nash.137-74-81-169.plesk.page\/en\/know-our-brands\/\",\"url\":\"https:\/\/wonderful-nash.137-74-81-169.plesk.page\/en\/know-our-brands\/\",\"name\":\"Get to know our brands - NAUTERRA\",\"isPartOf\":{\"@id\":\"https:\/\/wonderful-nash.137-74-81-169.plesk.page\/en\/#website\"},\"primaryImageOfPage\":{\"@id\":\"https:\/\/wonderful-nash.137-74-81-169.plesk.page\/en\/know-our-brands\/#primaryimage\"},\"image\":{\"@id\":\"https:\/\/wonderful-nash.137-74-81-169.plesk.page\/en\/know-our-brands\/#primaryimage\"},\"thumbnailUrl\":\"https:\/\/nauterra.com\/wp-content\/uploads\/2023\/11\/calvo-1-1.png\",\"datePublished\":\"2024-11-20T09:43:14+00:00\",\"description\":\"Our products are marketed through brands that are leaders in healthy and quality food and innovation.\",\"breadcrumb\":{\"@id\":\"https:\/\/wonderful-nash.137-74-81-169.plesk.page\/en\/know-our-brands\/#breadcrumb\"},\"inLanguage\":\"en-US\",\"potentialAction\":[{\"@type\":\"ReadAction\",\"target\":[\"https:\/\/wonderful-nash.137-74-81-169.plesk.page\/en\/know-our-brands\/\"]}]},{\"@type\":\"ImageObject\",\"inLanguage\":\"en-US\",\"@id\":\"https:\/\/wonderful-nash.137-74-81-169.plesk.page\/en\/know-our-brands\/#primaryimage\",\"url\":\"https:\/\/nauterra.com\/wp-content\/uploads\/2023\/11\/calvo-1-1.png\",\"contentUrl\":\"https:\/\/nauterra.com\/wp-content\/uploads\/2023\/11\/calvo-1-1.png\"},{\"@type\":\"BreadcrumbList\",\"@id\":\"https:\/\/wonderful-nash.137-74-81-169.plesk.page\/en\/know-our-brands\/#breadcrumb\",\"itemListElement\":[{\"@type\":\"ListItem\",\"position\":1,\"name\":\"Portada\",\"item\":\"https:\/\/wonderful-nash.137-74-81-169.plesk.page\/en\/\"},{\"@type\":\"ListItem\",\"position\":2,\"name\":\"Get to know our brands\"}]},{\"@type\":\"WebSite\",\"@id\":\"https:\/\/wonderful-nash.137-74-81-169.plesk.page\/en\/#website\",\"url\":\"https:\/\/wonderful-nash.137-74-81-169.plesk.page\/en\/\",\"name\":\"Nauterra\",\"description\":\"Somos una compa\u00f1\u00eda global de alimentaci\u00f3n que tiene como prop\u00f3sito acercar a las personas una alimentaci\u00f3n saludable conservando lo mejor de la naturaleza.\",\"publisher\":{\"@id\":\"https:\/\/wonderful-nash.137-74-81-169.plesk.page\/en\/#organization\"},\"potentialAction\":[{\"@type\":\"SearchAction\",\"target\":{\"@type\":\"EntryPoint\",\"urlTemplate\":\"https:\/\/wonderful-nash.137-74-81-169.plesk.page\/en\/?s={search_term_string}\"},\"query-input\":{\"@type\":\"PropertyValueSpecification\",\"valueRequired\":true,\"valueName\":\"search_term_string\"}}],\"inLanguage\":\"en-US\"},{\"@type\":\"Organization\",\"@id\":\"https:\/\/wonderful-nash.137-74-81-169.plesk.page\/en\/#organization\",\"name\":\"Nauterra\",\"url\":\"https:\/\/wonderful-nash.137-74-81-169.plesk.page\/en\/\",\"logo\":{\"@type\":\"ImageObject\",\"inLanguage\":\"en-US\",\"@id\":\"https:\/\/wonderful-nash.137-74-81-169.plesk.page\/en\/#\/schema\/logo\/image\/\",\"url\":\"https:\/\/wonderful-nash.137-74-81-169.plesk.page\/wp-content\/uploads\/2023\/10\/nauterra.png\",\"contentUrl\":\"https:\/\/wonderful-nash.137-74-81-169.plesk.page\/wp-content\/uploads\/2023\/10\/nauterra.png\",\"width\":1150,\"height\":406,\"caption\":\"Nauterra\"},\"image\":{\"@id\":\"https:\/\/wonderful-nash.137-74-81-169.plesk.page\/en\/#\/schema\/logo\/image\/\"},\"sameAs\":[\"https:\/\/x.com\/NauterraEspana\",\"https:\/\/www.linkedin.com\/company\/nauterra-espana\/posts\/?feedView=all&viewAsMember=true\"]}]}<\/script>\n<!-- \/ Yoast SEO plugin. -->","yoast_head_json":{"title":"Get to know our brands - NAUTERRA","description":"Our products are marketed through brands that are leaders in healthy and quality food and innovation.","robots":{"index":"noindex","follow":"follow","max-snippet":"max-snippet:-1","max-image-preview":"max-image-preview:large","max-video-preview":"max-video-preview:-1"},"og_locale":"en_US","og_type":"article","og_title":"Get to know our brands - NAUTERRA","og_description":"Our products are marketed through brands that are leaders in healthy and quality food and innovation.","og_url":"https:\/\/wonderful-nash.137-74-81-169.plesk.page\/en\/know-our-brands\/","og_site_name":"NAUTERRA","og_image":[{"url":"https:\/\/nauterra.com\/wp-content\/uploads\/2023\/11\/calvo-1-1.png","type":"","width":"","height":""}],"twitter_card":"summary_large_image","twitter_site":"@NauterraEspana","twitter_misc":{"Est. reading time":"2 minutes"},"schema":{"@context":"https:\/\/schema.org","@graph":[{"@type":"WebPage","@id":"https:\/\/wonderful-nash.137-74-81-169.plesk.page\/en\/know-our-brands\/","url":"https:\/\/wonderful-nash.137-74-81-169.plesk.page\/en\/know-our-brands\/","name":"Get to know our brands - NAUTERRA","isPartOf":{"@id":"https:\/\/wonderful-nash.137-74-81-169.plesk.page\/en\/#website"},"primaryImageOfPage":{"@id":"https:\/\/wonderful-nash.137-74-81-169.plesk.page\/en\/know-our-brands\/#primaryimage"},"image":{"@id":"https:\/\/wonderful-nash.137-74-81-169.plesk.page\/en\/know-our-brands\/#primaryimage"},"thumbnailUrl":"https:\/\/nauterra.com\/wp-content\/uploads\/2023\/11\/calvo-1-1.png","datePublished":"2024-11-20T09:43:14+00:00","description":"Our products are marketed through brands that are leaders in healthy and quality food and innovation.","breadcrumb":{"@id":"https:\/\/wonderful-nash.137-74-81-169.plesk.page\/en\/know-our-brands\/#breadcrumb"},"inLanguage":"en-US","potentialAction":[{"@type":"ReadAction","target":["https:\/\/wonderful-nash.137-74-81-169.plesk.page\/en\/know-our-brands\/"]}]},{"@type":"ImageObject","inLanguage":"en-US","@id":"https:\/\/wonderful-nash.137-74-81-169.plesk.page\/en\/know-our-brands\/#primaryimage","url":"https:\/\/nauterra.com\/wp-content\/uploads\/2023\/11\/calvo-1-1.png","contentUrl":"https:\/\/nauterra.com\/wp-content\/uploads\/2023\/11\/calvo-1-1.png"},{"@type":"BreadcrumbList","@id":"https:\/\/wonderful-nash.137-74-81-169.plesk.page\/en\/know-our-brands\/#breadcrumb","itemListElement":[{"@type":"ListItem","position":1,"name":"Portada","item":"https:\/\/wonderful-nash.137-74-81-169.plesk.page\/en\/"},{"@type":"ListItem","position":2,"name":"Get to know our brands"}]},{"@type":"WebSite","@id":"https:\/\/wonderful-nash.137-74-81-169.plesk.page\/en\/#website","url":"https:\/\/wonderful-nash.137-74-81-169.plesk.page\/en\/","name":"Nauterra","description":"Somos una compa\u00f1\u00eda global de alimentaci\u00f3n que tiene como prop\u00f3sito acercar a las personas una alimentaci\u00f3n saludable conservando lo mejor de la naturaleza.","publisher":{"@id":"https:\/\/wonderful-nash.137-74-81-169.plesk.page\/en\/#organization"},"potentialAction":[{"@type":"SearchAction","target":{"@type":"EntryPoint","urlTemplate":"https:\/\/wonderful-nash.137-74-81-169.plesk.page\/en\/?s={search_term_string}"},"query-input":{"@type":"PropertyValueSpecification","valueRequired":true,"valueName":"search_term_string"}}],"inLanguage":"en-US"},{"@type":"Organization","@id":"https:\/\/wonderful-nash.137-74-81-169.plesk.page\/en\/#organization","name":"Nauterra","url":"https:\/\/wonderful-nash.137-74-81-169.plesk.page\/en\/","logo":{"@type":"ImageObject","inLanguage":"en-US","@id":"https:\/\/wonderful-nash.137-74-81-169.plesk.page\/en\/#\/schema\/logo\/image\/","url":"https:\/\/wonderful-nash.137-74-81-169.plesk.page\/wp-content\/uploads\/2023\/10\/nauterra.png","contentUrl":"https:\/\/wonderful-nash.137-74-81-169.plesk.page\/wp-content\/uploads\/2023\/10\/nauterra.png","width":1150,"height":406,"caption":"Nauterra"},"image":{"@id":"https:\/\/wonderful-nash.137-74-81-169.plesk.page\/en\/#\/schema\/logo\/image\/"},"sameAs":["https:\/\/x.com\/NauterraEspana","https:\/\/www.linkedin.com\/company\/nauterra-espana\/posts\/?feedView=all&viewAsMember=true"]}]}},"_links":{"self":[{"href":"https:\/\/wonderful-nash.137-74-81-169.plesk.page\/en\/wp-json\/wp\/v2\/pages\/24543","targetHints":{"allow":["GET"]}}],"collection":[{"href":"https:\/\/wonderful-nash.137-74-81-169.plesk.page\/en\/wp-json\/wp\/v2\/pages"}],"about":[{"href":"https:\/\/wonderful-nash.137-74-81-169.plesk.page\/en\/wp-json\/wp\/v2\/types\/page"}],"author":[{"embeddable":true,"href":"https:\/\/wonderful-nash.137-74-81-169.plesk.page\/en\/wp-json\/wp\/v2\/users\/1"}],"replies":[{"embeddable":true,"href":"https:\/\/wonderful-nash.137-74-81-169.plesk.page\/en\/wp-json\/wp\/v2\/comments?post=24543"}],"version-history":[{"count":39,"href":"https:\/\/wonderful-nash.137-74-81-169.plesk.page\/en\/wp-json\/wp\/v2\/pages\/24543\/revisions"}],"predecessor-version":[{"id":26878,"href":"https:\/\/wonderful-nash.137-74-81-169.plesk.page\/en\/wp-json\/wp\/v2\/pages\/24543\/revisions\/26878"}],"wp:attachment":[{"href":"https:\/\/wonderful-nash.137-74-81-169.plesk.page\/en\/wp-json\/wp\/v2\/media?parent=24543"}],"curies":[{"name":"wp","href":"https:\/\/api.w.org\/{rel}","templated":true}]}}