{"id":24694,"date":"2024-11-20T09:43:13","date_gmt":"2024-11-20T09:43:13","guid":{"rendered":"https:\/\/nauterra.com\/canal-de-denuncias\/"},"modified":"2024-11-20T09:43:13","modified_gmt":"2024-11-20T09:43:13","slug":"canal-de-denuncias","status":"publish","type":"page","link":"https:\/\/wonderful-nash.137-74-81-169.plesk.page\/en\/canal-de-denuncias\/","title":{"rendered":"Whistleblower channel"},"content":{"rendered":"\t\t<div data-elementor-type=\"wp-page\" data-elementor-id=\"24694\" class=\"elementor elementor-24694 elementor-16477\" data-elementor-post-type=\"page\">\n\t\t\t\t<div class=\"elementor-element elementor-element-14abb45 e-flex e-con-boxed e-con e-parent\" data-id=\"14abb45\" data-element_type=\"container\">\n\t\t\t\t\t<div class=\"e-con-inner\">\n\t\t<div class=\"elementor-element elementor-element-cb175b1 e-con-full e-flex e-con e-child\" data-id=\"cb175b1\" data-element_type=\"container\">\n\t\t\t\t<div class=\"elementor-element elementor-element-5ed2970 elementor-widget elementor-widget-heading\" data-id=\"5ed2970\" data-element_type=\"widget\" data-widget_type=\"heading.default\">\n\t\t\t\t<div class=\"elementor-widget-container\">\n\t\t\t\t\t<h1 class=\"elementor-heading-title elementor-size-default\">Whistleblower channel<\/h1>\t\t\t\t<\/div>\n\t\t\t\t<\/div>\n\t\t\t\t<\/div>\n\t\t<div class=\"elementor-element elementor-element-e2a938e e-con-full e-flex e-con e-child\" data-id=\"e2a938e\" data-element_type=\"container\">\n\t\t\t\t<div class=\"elementor-element elementor-element-3bbbc50 elementor-widget elementor-widget-text-editor\" data-id=\"3bbbc50\" data-element_type=\"widget\" data-widget_type=\"text-editor.default\">\n\t\t\t\t<div class=\"elementor-widget-container\">\n\t\t\t\t\t\t\t\t\tGrupo Calvo has made this whistleblower channel available to all its stakeholders so that they can report, confidentially and without fear of reprisals, any possible irregularity or breach of the Grupo Calvo Code of Business Ethics. Use of the channel is voluntary and claims are to be made at all times in good faith.\n\nGrupo Calvo\u2019s whistleblower channel is managed by an independent third party (NAVEX) through an external platform (Ethicspoint) to guarantee the confidentiality of communications. Grupo Calvo\u2019s Ethics Committee is in charge of resolving the issues raised, ensuring due investigation of potential irregularities and evaluating the conclusions.\n<h4><strong><a href=\"https:\/\/secure.ethicspoint.eu\/domain\/media\/eseu\/gui\/104726\/index.html\">Submit a claim or inquiry<\/a><\/strong><\/h4>\nYou are about to leave the Grupo Calvo website and will be redirected to the Ethicspoint platform. By accessing this platform, you expressly accept the <a href=\"https:\/\/nauterra.com\/politica-de-privacidad\/\">Nauterra Privacy Policy.<\/a>\t\t\t\t\t\t\t\t<\/div>\n\t\t\t\t<\/div>\n\t\t\t\t<\/div>\n\t\t\t\t\t<\/div>\n\t\t\t\t<\/div>\n\t\t\t\t<\/div>\n\t\t","protected":false},"excerpt":{"rendered":"<p>Whistleblower channel Grupo Calvo has made this whistleblower channel available to all its stakeholders so that they can report, confidentially and without fear of reprisals, any possible irregularity or breach of the Grupo Calvo Code of Business Ethics. Use of the channel is voluntary and claims are to be made at all times in good [&hellip;]<\/p>\n","protected":false},"author":1,"featured_media":0,"parent":0,"menu_order":0,"comment_status":"closed","ping_status":"closed","template":"","meta":{"footnotes":""},"class_list":["post-24694","page","type-page","status-publish","hentry"],"yoast_head":"<!-- This site is optimized with the Yoast SEO plugin v24.6 - https:\/\/yoast.com\/wordpress\/plugins\/seo\/ -->\n<title>Whistleblower channel - NAUTERRA<\/title>\n<meta name=\"description\" content=\"Whistleblower channel\" \/>\n<meta name=\"robots\" content=\"noindex, follow, max-snippet:-1, max-image-preview:large, max-video-preview:-1\" \/>\n<meta property=\"og:locale\" content=\"en_US\" \/>\n<meta property=\"og:type\" content=\"article\" \/>\n<meta property=\"og:title\" content=\"Whistleblower channel - NAUTERRA\" \/>\n<meta property=\"og:description\" content=\"Whistleblower channel\" \/>\n<meta property=\"og:url\" content=\"https:\/\/wonderful-nash.137-74-81-169.plesk.page\/en\/canal-de-denuncias\/\" \/>\n<meta property=\"og:site_name\" content=\"NAUTERRA\" \/>\n<meta name=\"twitter:card\" content=\"summary_large_image\" \/>\n<meta name=\"twitter:site\" content=\"@NauterraEspana\" \/>\n<meta name=\"twitter:label1\" content=\"Est. reading time\" \/>\n\t<meta name=\"twitter:data1\" content=\"1 minute\" \/>\n<script type=\"application\/ld+json\" class=\"yoast-schema-graph\">{\"@context\":\"https:\/\/schema.org\",\"@graph\":[{\"@type\":\"WebPage\",\"@id\":\"https:\/\/wonderful-nash.137-74-81-169.plesk.page\/en\/canal-de-denuncias\/\",\"url\":\"https:\/\/wonderful-nash.137-74-81-169.plesk.page\/en\/canal-de-denuncias\/\",\"name\":\"Whistleblower channel - NAUTERRA\",\"isPartOf\":{\"@id\":\"https:\/\/wonderful-nash.137-74-81-169.plesk.page\/en\/#website\"},\"datePublished\":\"2024-11-20T09:43:13+00:00\",\"description\":\"Whistleblower channel\",\"breadcrumb\":{\"@id\":\"https:\/\/wonderful-nash.137-74-81-169.plesk.page\/en\/canal-de-denuncias\/#breadcrumb\"},\"inLanguage\":\"en-US\",\"potentialAction\":[{\"@type\":\"ReadAction\",\"target\":[\"https:\/\/wonderful-nash.137-74-81-169.plesk.page\/en\/canal-de-denuncias\/\"]}]},{\"@type\":\"BreadcrumbList\",\"@id\":\"https:\/\/wonderful-nash.137-74-81-169.plesk.page\/en\/canal-de-denuncias\/#breadcrumb\",\"itemListElement\":[{\"@type\":\"ListItem\",\"position\":1,\"name\":\"Portada\",\"item\":\"https:\/\/wonderful-nash.137-74-81-169.plesk.page\/en\/\"},{\"@type\":\"ListItem\",\"position\":2,\"name\":\"Whistleblower channel\"}]},{\"@type\":\"WebSite\",\"@id\":\"https:\/\/wonderful-nash.137-74-81-169.plesk.page\/en\/#website\",\"url\":\"https:\/\/wonderful-nash.137-74-81-169.plesk.page\/en\/\",\"name\":\"Nauterra\",\"description\":\"Somos una compa\u00f1\u00eda global de alimentaci\u00f3n que tiene como prop\u00f3sito acercar a las personas una alimentaci\u00f3n saludable conservando lo mejor de la naturaleza.\",\"publisher\":{\"@id\":\"https:\/\/wonderful-nash.137-74-81-169.plesk.page\/en\/#organization\"},\"potentialAction\":[{\"@type\":\"SearchAction\",\"target\":{\"@type\":\"EntryPoint\",\"urlTemplate\":\"https:\/\/wonderful-nash.137-74-81-169.plesk.page\/en\/?s={search_term_string}\"},\"query-input\":{\"@type\":\"PropertyValueSpecification\",\"valueRequired\":true,\"valueName\":\"search_term_string\"}}],\"inLanguage\":\"en-US\"},{\"@type\":\"Organization\",\"@id\":\"https:\/\/wonderful-nash.137-74-81-169.plesk.page\/en\/#organization\",\"name\":\"Nauterra\",\"url\":\"https:\/\/wonderful-nash.137-74-81-169.plesk.page\/en\/\",\"logo\":{\"@type\":\"ImageObject\",\"inLanguage\":\"en-US\",\"@id\":\"https:\/\/wonderful-nash.137-74-81-169.plesk.page\/en\/#\/schema\/logo\/image\/\",\"url\":\"https:\/\/wonderful-nash.137-74-81-169.plesk.page\/wp-content\/uploads\/2023\/10\/nauterra.png\",\"contentUrl\":\"https:\/\/wonderful-nash.137-74-81-169.plesk.page\/wp-content\/uploads\/2023\/10\/nauterra.png\",\"width\":1150,\"height\":406,\"caption\":\"Nauterra\"},\"image\":{\"@id\":\"https:\/\/wonderful-nash.137-74-81-169.plesk.page\/en\/#\/schema\/logo\/image\/\"},\"sameAs\":[\"https:\/\/x.com\/NauterraEspana\",\"https:\/\/www.linkedin.com\/company\/nauterra-espana\/posts\/?feedView=all&viewAsMember=true\"]}]}<\/script>\n<!-- \/ Yoast SEO plugin. -->","yoast_head_json":{"title":"Whistleblower channel - NAUTERRA","description":"Whistleblower channel","robots":{"index":"noindex","follow":"follow","max-snippet":"max-snippet:-1","max-image-preview":"max-image-preview:large","max-video-preview":"max-video-preview:-1"},"og_locale":"en_US","og_type":"article","og_title":"Whistleblower channel - NAUTERRA","og_description":"Whistleblower channel","og_url":"https:\/\/wonderful-nash.137-74-81-169.plesk.page\/en\/canal-de-denuncias\/","og_site_name":"NAUTERRA","twitter_card":"summary_large_image","twitter_site":"@NauterraEspana","twitter_misc":{"Est. reading time":"1 minute"},"schema":{"@context":"https:\/\/schema.org","@graph":[{"@type":"WebPage","@id":"https:\/\/wonderful-nash.137-74-81-169.plesk.page\/en\/canal-de-denuncias\/","url":"https:\/\/wonderful-nash.137-74-81-169.plesk.page\/en\/canal-de-denuncias\/","name":"Whistleblower channel - NAUTERRA","isPartOf":{"@id":"https:\/\/wonderful-nash.137-74-81-169.plesk.page\/en\/#website"},"datePublished":"2024-11-20T09:43:13+00:00","description":"Whistleblower channel","breadcrumb":{"@id":"https:\/\/wonderful-nash.137-74-81-169.plesk.page\/en\/canal-de-denuncias\/#breadcrumb"},"inLanguage":"en-US","potentialAction":[{"@type":"ReadAction","target":["https:\/\/wonderful-nash.137-74-81-169.plesk.page\/en\/canal-de-denuncias\/"]}]},{"@type":"BreadcrumbList","@id":"https:\/\/wonderful-nash.137-74-81-169.plesk.page\/en\/canal-de-denuncias\/#breadcrumb","itemListElement":[{"@type":"ListItem","position":1,"name":"Portada","item":"https:\/\/wonderful-nash.137-74-81-169.plesk.page\/en\/"},{"@type":"ListItem","position":2,"name":"Whistleblower channel"}]},{"@type":"WebSite","@id":"https:\/\/wonderful-nash.137-74-81-169.plesk.page\/en\/#website","url":"https:\/\/wonderful-nash.137-74-81-169.plesk.page\/en\/","name":"Nauterra","description":"Somos una compa\u00f1\u00eda global de alimentaci\u00f3n que tiene como prop\u00f3sito acercar a las personas una alimentaci\u00f3n saludable conservando lo mejor de la naturaleza.","publisher":{"@id":"https:\/\/wonderful-nash.137-74-81-169.plesk.page\/en\/#organization"},"potentialAction":[{"@type":"SearchAction","target":{"@type":"EntryPoint","urlTemplate":"https:\/\/wonderful-nash.137-74-81-169.plesk.page\/en\/?s={search_term_string}"},"query-input":{"@type":"PropertyValueSpecification","valueRequired":true,"valueName":"search_term_string"}}],"inLanguage":"en-US"},{"@type":"Organization","@id":"https:\/\/wonderful-nash.137-74-81-169.plesk.page\/en\/#organization","name":"Nauterra","url":"https:\/\/wonderful-nash.137-74-81-169.plesk.page\/en\/","logo":{"@type":"ImageObject","inLanguage":"en-US","@id":"https:\/\/wonderful-nash.137-74-81-169.plesk.page\/en\/#\/schema\/logo\/image\/","url":"https:\/\/wonderful-nash.137-74-81-169.plesk.page\/wp-content\/uploads\/2023\/10\/nauterra.png","contentUrl":"https:\/\/wonderful-nash.137-74-81-169.plesk.page\/wp-content\/uploads\/2023\/10\/nauterra.png","width":1150,"height":406,"caption":"Nauterra"},"image":{"@id":"https:\/\/wonderful-nash.137-74-81-169.plesk.page\/en\/#\/schema\/logo\/image\/"},"sameAs":["https:\/\/x.com\/NauterraEspana","https:\/\/www.linkedin.com\/company\/nauterra-espana\/posts\/?feedView=all&viewAsMember=true"]}]}},"_links":{"self":[{"href":"https:\/\/wonderful-nash.137-74-81-169.plesk.page\/en\/wp-json\/wp\/v2\/pages\/24694","targetHints":{"allow":["GET"]}}],"collection":[{"href":"https:\/\/wonderful-nash.137-74-81-169.plesk.page\/en\/wp-json\/wp\/v2\/pages"}],"about":[{"href":"https:\/\/wonderful-nash.137-74-81-169.plesk.page\/en\/wp-json\/wp\/v2\/types\/page"}],"author":[{"embeddable":true,"href":"https:\/\/wonderful-nash.137-74-81-169.plesk.page\/en\/wp-json\/wp\/v2\/users\/1"}],"replies":[{"embeddable":true,"href":"https:\/\/wonderful-nash.137-74-81-169.plesk.page\/en\/wp-json\/wp\/v2\/comments?post=24694"}],"version-history":[{"count":11,"href":"https:\/\/wonderful-nash.137-74-81-169.plesk.page\/en\/wp-json\/wp\/v2\/pages\/24694\/revisions"}],"predecessor-version":[{"id":25834,"href":"https:\/\/wonderful-nash.137-74-81-169.plesk.page\/en\/wp-json\/wp\/v2\/pages\/24694\/revisions\/25834"}],"wp:attachment":[{"href":"https:\/\/wonderful-nash.137-74-81-169.plesk.page\/en\/wp-json\/wp\/v2\/media?parent=24694"}],"curies":[{"name":"wp","href":"https:\/\/api.w.org\/{rel}","templated":true}]}}