{"id":26590,"date":"2024-11-20T09:43:11","date_gmt":"2024-11-20T09:43:11","guid":{"rendered":"https:\/\/nauterra.com\/alimentacao-saudavel\/"},"modified":"2024-11-20T09:43:11","modified_gmt":"2024-11-20T09:43:11","slug":"alimentacao-saudavel","status":"publish","type":"page","link":"https:\/\/wonderful-nash.137-74-81-169.plesk.page\/pt-br\/alimentacao-saudavel\/","title":{"rendered":"Alimenta\u00e7\u00e3o Saud\u00e1vel"},"content":{"rendered":"\t\t<div data-elementor-type=\"wp-page\" data-elementor-id=\"26590\" class=\"elementor elementor-26590 elementor-20028\" data-elementor-post-type=\"page\">\n\t\t\t\t<div class=\"elementor-element elementor-element-3437ec6 e-con-full e-flex e-con e-parent\" data-id=\"3437ec6\" data-element_type=\"container\" data-settings=\"{&quot;background_background&quot;:&quot;classic&quot;}\">\n\t\t\t\t<div class=\"elementor-element elementor-element-62faf1e elementor-widget elementor-widget-heading\" data-id=\"62faf1e\" data-element_type=\"widget\" data-widget_type=\"heading.default\">\n\t\t\t\t<div class=\"elementor-widget-container\">\n\t\t\t\t\t<h1 class=\"elementor-heading-title elementor-size-default\">Alimenta\u00e7\u00e3o Saud\u00e1vel<\/h1>\t\t\t\t<\/div>\n\t\t\t\t<\/div>\n\t\t\t\t<\/div>\n\t\t<div class=\"elementor-element elementor-element-0492b9f e-flex e-con-boxed e-con e-parent\" data-id=\"0492b9f\" data-element_type=\"container\">\n\t\t\t\t\t<div class=\"e-con-inner\">\n\t\t<div class=\"elementor-element elementor-element-eac32ce e-con-full e-flex e-con e-child\" data-id=\"eac32ce\" data-element_type=\"container\">\n\t\t\t\t<div class=\"elementor-element elementor-element-84e8370 elementor-widget elementor-widget-heading\" data-id=\"84e8370\" data-element_type=\"widget\" data-widget_type=\"heading.default\">\n\t\t\t\t<div class=\"elementor-widget-container\">\n\t\t\t\t\t<h1 class=\"elementor-heading-title elementor-size-default\">Levamos alimentos saud\u00e1veis e de qualidade \u00e0 mesa de milh\u00f5es de lares.<\/h1>\t\t\t\t<\/div>\n\t\t\t\t<\/div>\n\t\t\t\t<\/div>\n\t\t<div class=\"elementor-element elementor-element-e01b21b e-con-full e-flex e-con e-child\" data-id=\"e01b21b\" data-element_type=\"container\">\n\t\t\t\t<div class=\"elementor-element elementor-element-a824199 elementor-widget elementor-widget-text-editor\" data-id=\"a824199\" data-element_type=\"widget\" data-widget_type=\"text-editor.default\">\n\t\t\t\t<div class=\"elementor-widget-container\">\n\t\t\t\t\t\t\t\t\t<p>Nossas conservas s\u00e3o elaboradas com os mais altos padr\u00f5es de seguran\u00e7a alimentar.<br \/>N\u00e3o possuem conservantes e representam prote\u00edna essencial em qualquer dieta equilibrada.<\/p>\n\t\t\t\t\t\t\t\t<\/div>\n\t\t\t\t<\/div>\n\t\t\t\t<\/div>\n\t\t\t\t\t<\/div>\n\t\t\t\t<\/div>\n\t\t<div class=\"elementor-element elementor-element-3705d86 e-con-full e-flex e-con e-parent\" data-id=\"3705d86\" data-element_type=\"container\">\n\t\t<div class=\"elementor-element elementor-element-0cb2805 e-con-full e-flex elementor-invisible e-con e-child\" data-id=\"0cb2805\" data-element_type=\"container\" data-settings=\"{&quot;animation&quot;:&quot;fadeInLeft&quot;}\">\n\t\t\t\t<div class=\"elementor-element elementor-element-25afc25 elementor-cta--skin-classic elementor-animated-content elementor-bg-transform elementor-bg-transform-zoom-in elementor-widget elementor-widget-call-to-action\" data-id=\"25afc25\" data-element_type=\"widget\" data-widget_type=\"call-to-action.default\">\n\t\t\t\t<div class=\"elementor-widget-container\">\n\t\t\t\t\t\t\t<a class=\"elementor-cta\" href=\"https:\/\/nauterra.com\/pt-br\/?page_id=26596\">\n\t\t\t\t\t<div class=\"elementor-cta__bg-wrapper\">\n\t\t\t\t<div class=\"elementor-cta__bg elementor-bg\" style=\"background-image: url(https:\/\/wonderful-nash.137-74-81-169.plesk.page\/wp-content\/uploads\/2023\/09\/img_base_alimentacion.jpg);\" role=\"img\" aria-label=\"img_base_alimentacion\"><\/div>\n\t\t\t\t<div class=\"elementor-cta__bg-overlay\"><\/div>\n\t\t\t<\/div>\n\t\t\t\t\t\t\t<div class=\"elementor-cta__content\">\n\t\t\t\t\n\t\t\t\t\t\t\t\t\t<h2 class=\"elementor-cta__title elementor-cta__content-item elementor-content-item\">\n\t\t\t\t\t\tA base de nossos produtos\t\t\t\t\t<\/h2>\n\t\t\t\t\n\t\t\t\t\n\t\t\t\t\t\t\t<\/div>\n\t\t\t\t\t\t<\/a>\n\t\t\t\t\t\t<\/div>\n\t\t\t\t<\/div>\n\t\t\t\t<\/div>\n\t\t<div class=\"elementor-element elementor-element-23eea6e e-con-full e-flex elementor-invisible e-con e-child\" data-id=\"23eea6e\" data-element_type=\"container\" data-settings=\"{&quot;animation&quot;:&quot;fadeInUp&quot;}\">\n\t\t\t\t<div class=\"elementor-element elementor-element-a7f8449 elementor-cta--skin-classic elementor-animated-content elementor-bg-transform elementor-bg-transform-zoom-in elementor-widget elementor-widget-call-to-action\" data-id=\"a7f8449\" data-element_type=\"widget\" data-widget_type=\"call-to-action.default\">\n\t\t\t\t<div class=\"elementor-widget-container\">\n\t\t\t\t\t\t\t<a class=\"elementor-cta\" href=\"\/cadena-de-valor\/\">\n\t\t\t\t\t<div class=\"elementor-cta__bg-wrapper\">\n\t\t\t\t<div class=\"elementor-cta__bg elementor-bg\" style=\"background-image: url(https:\/\/wonderful-nash.137-74-81-169.plesk.page\/wp-content\/uploads\/2023\/09\/img_cadena_valor.jpg);\" role=\"img\" aria-label=\"img_cadena_valor\"><\/div>\n\t\t\t\t<div class=\"elementor-cta__bg-overlay\"><\/div>\n\t\t\t<\/div>\n\t\t\t\t\t\t\t<div class=\"elementor-cta__content\">\n\t\t\t\t\n\t\t\t\t\t\t\t\t\t<h2 class=\"elementor-cta__title elementor-cta__content-item elementor-content-item\">\n\t\t\t\t\t\tCadeia de valor<br><br>\t\t\t\t\t<\/h2>\n\t\t\t\t\n\t\t\t\t\n\t\t\t\t\t\t\t<\/div>\n\t\t\t\t\t\t<\/a>\n\t\t\t\t\t\t<\/div>\n\t\t\t\t<\/div>\n\t\t\t\t<\/div>\n\t\t<div class=\"elementor-element elementor-element-d33ff23 e-con-full e-flex elementor-invisible e-con e-child\" data-id=\"d33ff23\" data-element_type=\"container\" data-settings=\"{&quot;animation&quot;:&quot;fadeInRight&quot;}\">\n\t\t\t\t<div class=\"elementor-element elementor-element-eb09b08 elementor-cta--valign-middle elementor-cta--skin-classic elementor-animated-content elementor-bg-transform elementor-bg-transform-zoom-in elementor-widget elementor-widget-call-to-action\" data-id=\"eb09b08\" data-element_type=\"widget\" data-widget_type=\"call-to-action.default\">\n\t\t\t\t<div class=\"elementor-widget-container\">\n\t\t\t\t\t\t\t<a class=\"elementor-cta\" href=\"https:\/\/nauterra.com\/?page_id=20015\">\n\t\t\t\t\t<div class=\"elementor-cta__bg-wrapper\">\n\t\t\t\t<div class=\"elementor-cta__bg elementor-bg\" style=\"background-image: url(https:\/\/wonderful-nash.137-74-81-169.plesk.page\/wp-content\/uploads\/2023\/09\/img_nuestras_marcas.jpg);\" role=\"img\" aria-label=\"img_nuestras_marcas\"><\/div>\n\t\t\t\t<div class=\"elementor-cta__bg-overlay\"><\/div>\n\t\t\t<\/div>\n\t\t\t\t\t\t\t<div class=\"elementor-cta__content\">\n\t\t\t\t\n\t\t\t\t\t\t\t\t\t<h2 class=\"elementor-cta__title elementor-cta__content-item elementor-content-item\">\n\t\t\t\t\t\tConhe\u00e7a nossas marcas<br>\t\t\t\t\t<\/h2>\n\t\t\t\t\n\t\t\t\t\n\t\t\t\t\t\t\t<\/div>\n\t\t\t\t\t\t<\/a>\n\t\t\t\t\t\t<\/div>\n\t\t\t\t<\/div>\n\t\t\t\t<\/div>\n\t\t\t\t<\/div>\n\t\t\t\t<\/div>\n\t\t","protected":false},"excerpt":{"rendered":"<p>Alimenta\u00e7\u00e3o Saud\u00e1vel Levamos alimentos saud\u00e1veis e de qualidade \u00e0 mesa de milh\u00f5es de lares. Nossas conservas s\u00e3o elaboradas com os mais altos padr\u00f5es de seguran\u00e7a alimentar.N\u00e3o possuem conservantes e representam prote\u00edna essencial em qualquer dieta equilibrada. A base de nossos produtos Cadeia de valor Conhe\u00e7a nossas marcas<\/p>\n","protected":false},"author":1,"featured_media":0,"parent":0,"menu_order":0,"comment_status":"closed","ping_status":"closed","template":"","meta":{"footnotes":""},"class_list":["post-26590","page","type-page","status-publish","hentry"],"yoast_head":"<!-- This site is optimized with the Yoast SEO plugin v24.6 - https:\/\/yoast.com\/wordpress\/plugins\/seo\/ -->\n<title>Levamos alimentos saud\u00e1veis e de qualidade \u00e0 mesa de milh\u00f5es de lares.<\/title>\n<meta name=\"description\" content=\"Nossas conservas s\u00e3o elaboradas com os mais altos padr\u00f5es de seguran\u00e7a alimentar.\" \/>\n<meta name=\"robots\" content=\"noindex, follow, max-snippet:-1, max-image-preview:large, max-video-preview:-1\" \/>\n<meta property=\"og:locale\" content=\"pt_BR\" \/>\n<meta property=\"og:type\" content=\"article\" \/>\n<meta property=\"og:title\" content=\"Levamos alimentos saud\u00e1veis e de qualidade \u00e0 mesa de milh\u00f5es de lares.\" \/>\n<meta property=\"og:description\" content=\"Nossas conservas s\u00e3o elaboradas com os mais altos padr\u00f5es de seguran\u00e7a alimentar.\" \/>\n<meta property=\"og:url\" content=\"https:\/\/wonderful-nash.137-74-81-169.plesk.page\/pt-br\/alimentacao-saudavel\/\" \/>\n<meta property=\"og:site_name\" content=\"NAUTERRA\" \/>\n<meta name=\"twitter:card\" content=\"summary_large_image\" \/>\n<meta name=\"twitter:site\" content=\"@NauterraEspana\" \/>\n<script type=\"application\/ld+json\" class=\"yoast-schema-graph\">{\"@context\":\"https:\/\/schema.org\",\"@graph\":[{\"@type\":\"WebPage\",\"@id\":\"https:\/\/wonderful-nash.137-74-81-169.plesk.page\/pt-br\/alimentacao-saudavel\/\",\"url\":\"https:\/\/wonderful-nash.137-74-81-169.plesk.page\/pt-br\/alimentacao-saudavel\/\",\"name\":\"Levamos alimentos saud\u00e1veis e de qualidade \u00e0 mesa de milh\u00f5es de lares.\",\"isPartOf\":{\"@id\":\"https:\/\/wonderful-nash.137-74-81-169.plesk.page\/pt-br\/#website\"},\"datePublished\":\"2024-11-20T09:43:11+00:00\",\"description\":\"Nossas conservas s\u00e3o elaboradas com os mais altos padr\u00f5es de seguran\u00e7a alimentar.\",\"breadcrumb\":{\"@id\":\"https:\/\/wonderful-nash.137-74-81-169.plesk.page\/pt-br\/alimentacao-saudavel\/#breadcrumb\"},\"inLanguage\":\"pt-BR\",\"potentialAction\":[{\"@type\":\"ReadAction\",\"target\":[\"https:\/\/wonderful-nash.137-74-81-169.plesk.page\/pt-br\/alimentacao-saudavel\/\"]}]},{\"@type\":\"BreadcrumbList\",\"@id\":\"https:\/\/wonderful-nash.137-74-81-169.plesk.page\/pt-br\/alimentacao-saudavel\/#breadcrumb\",\"itemListElement\":[{\"@type\":\"ListItem\",\"position\":1,\"name\":\"Portada\",\"item\":\"https:\/\/wonderful-nash.137-74-81-169.plesk.page\/pt-br\/\"},{\"@type\":\"ListItem\",\"position\":2,\"name\":\"Alimenta\u00e7\u00e3o Saud\u00e1vel\"}]},{\"@type\":\"WebSite\",\"@id\":\"https:\/\/wonderful-nash.137-74-81-169.plesk.page\/pt-br\/#website\",\"url\":\"https:\/\/wonderful-nash.137-74-81-169.plesk.page\/pt-br\/\",\"name\":\"Nauterra\",\"description\":\"Somos una compa\u00f1\u00eda global de alimentaci\u00f3n que tiene como prop\u00f3sito acercar a las personas una alimentaci\u00f3n saludable conservando lo mejor de la naturaleza.\",\"publisher\":{\"@id\":\"https:\/\/wonderful-nash.137-74-81-169.plesk.page\/pt-br\/#organization\"},\"potentialAction\":[{\"@type\":\"SearchAction\",\"target\":{\"@type\":\"EntryPoint\",\"urlTemplate\":\"https:\/\/wonderful-nash.137-74-81-169.plesk.page\/pt-br\/?s={search_term_string}\"},\"query-input\":{\"@type\":\"PropertyValueSpecification\",\"valueRequired\":true,\"valueName\":\"search_term_string\"}}],\"inLanguage\":\"pt-BR\"},{\"@type\":\"Organization\",\"@id\":\"https:\/\/wonderful-nash.137-74-81-169.plesk.page\/pt-br\/#organization\",\"name\":\"Nauterra\",\"url\":\"https:\/\/wonderful-nash.137-74-81-169.plesk.page\/pt-br\/\",\"logo\":{\"@type\":\"ImageObject\",\"inLanguage\":\"pt-BR\",\"@id\":\"https:\/\/wonderful-nash.137-74-81-169.plesk.page\/pt-br\/#\/schema\/logo\/image\/\",\"url\":\"https:\/\/wonderful-nash.137-74-81-169.plesk.page\/wp-content\/uploads\/2023\/10\/nauterra.png\",\"contentUrl\":\"https:\/\/wonderful-nash.137-74-81-169.plesk.page\/wp-content\/uploads\/2023\/10\/nauterra.png\",\"width\":1150,\"height\":406,\"caption\":\"Nauterra\"},\"image\":{\"@id\":\"https:\/\/wonderful-nash.137-74-81-169.plesk.page\/pt-br\/#\/schema\/logo\/image\/\"},\"sameAs\":[\"https:\/\/x.com\/NauterraEspana\",\"https:\/\/www.linkedin.com\/company\/nauterra-espana\/posts\/?feedView=all&viewAsMember=true\"]}]}<\/script>\n<!-- \/ Yoast SEO plugin. -->","yoast_head_json":{"title":"Levamos alimentos saud\u00e1veis e de qualidade \u00e0 mesa de milh\u00f5es de lares.","description":"Nossas conservas s\u00e3o elaboradas com os mais altos padr\u00f5es de seguran\u00e7a alimentar.","robots":{"index":"noindex","follow":"follow","max-snippet":"max-snippet:-1","max-image-preview":"max-image-preview:large","max-video-preview":"max-video-preview:-1"},"og_locale":"pt_BR","og_type":"article","og_title":"Levamos alimentos saud\u00e1veis e de qualidade \u00e0 mesa de milh\u00f5es de lares.","og_description":"Nossas conservas s\u00e3o elaboradas com os mais altos padr\u00f5es de seguran\u00e7a alimentar.","og_url":"https:\/\/wonderful-nash.137-74-81-169.plesk.page\/pt-br\/alimentacao-saudavel\/","og_site_name":"NAUTERRA","twitter_card":"summary_large_image","twitter_site":"@NauterraEspana","schema":{"@context":"https:\/\/schema.org","@graph":[{"@type":"WebPage","@id":"https:\/\/wonderful-nash.137-74-81-169.plesk.page\/pt-br\/alimentacao-saudavel\/","url":"https:\/\/wonderful-nash.137-74-81-169.plesk.page\/pt-br\/alimentacao-saudavel\/","name":"Levamos alimentos saud\u00e1veis e de qualidade \u00e0 mesa de milh\u00f5es de lares.","isPartOf":{"@id":"https:\/\/wonderful-nash.137-74-81-169.plesk.page\/pt-br\/#website"},"datePublished":"2024-11-20T09:43:11+00:00","description":"Nossas conservas s\u00e3o elaboradas com os mais altos padr\u00f5es de seguran\u00e7a alimentar.","breadcrumb":{"@id":"https:\/\/wonderful-nash.137-74-81-169.plesk.page\/pt-br\/alimentacao-saudavel\/#breadcrumb"},"inLanguage":"pt-BR","potentialAction":[{"@type":"ReadAction","target":["https:\/\/wonderful-nash.137-74-81-169.plesk.page\/pt-br\/alimentacao-saudavel\/"]}]},{"@type":"BreadcrumbList","@id":"https:\/\/wonderful-nash.137-74-81-169.plesk.page\/pt-br\/alimentacao-saudavel\/#breadcrumb","itemListElement":[{"@type":"ListItem","position":1,"name":"Portada","item":"https:\/\/wonderful-nash.137-74-81-169.plesk.page\/pt-br\/"},{"@type":"ListItem","position":2,"name":"Alimenta\u00e7\u00e3o Saud\u00e1vel"}]},{"@type":"WebSite","@id":"https:\/\/wonderful-nash.137-74-81-169.plesk.page\/pt-br\/#website","url":"https:\/\/wonderful-nash.137-74-81-169.plesk.page\/pt-br\/","name":"Nauterra","description":"Somos una compa\u00f1\u00eda global de alimentaci\u00f3n que tiene como prop\u00f3sito acercar a las personas una alimentaci\u00f3n saludable conservando lo mejor de la naturaleza.","publisher":{"@id":"https:\/\/wonderful-nash.137-74-81-169.plesk.page\/pt-br\/#organization"},"potentialAction":[{"@type":"SearchAction","target":{"@type":"EntryPoint","urlTemplate":"https:\/\/wonderful-nash.137-74-81-169.plesk.page\/pt-br\/?s={search_term_string}"},"query-input":{"@type":"PropertyValueSpecification","valueRequired":true,"valueName":"search_term_string"}}],"inLanguage":"pt-BR"},{"@type":"Organization","@id":"https:\/\/wonderful-nash.137-74-81-169.plesk.page\/pt-br\/#organization","name":"Nauterra","url":"https:\/\/wonderful-nash.137-74-81-169.plesk.page\/pt-br\/","logo":{"@type":"ImageObject","inLanguage":"pt-BR","@id":"https:\/\/wonderful-nash.137-74-81-169.plesk.page\/pt-br\/#\/schema\/logo\/image\/","url":"https:\/\/wonderful-nash.137-74-81-169.plesk.page\/wp-content\/uploads\/2023\/10\/nauterra.png","contentUrl":"https:\/\/wonderful-nash.137-74-81-169.plesk.page\/wp-content\/uploads\/2023\/10\/nauterra.png","width":1150,"height":406,"caption":"Nauterra"},"image":{"@id":"https:\/\/wonderful-nash.137-74-81-169.plesk.page\/pt-br\/#\/schema\/logo\/image\/"},"sameAs":["https:\/\/x.com\/NauterraEspana","https:\/\/www.linkedin.com\/company\/nauterra-espana\/posts\/?feedView=all&viewAsMember=true"]}]}},"_links":{"self":[{"href":"https:\/\/wonderful-nash.137-74-81-169.plesk.page\/pt-br\/wp-json\/wp\/v2\/pages\/26590","targetHints":{"allow":["GET"]}}],"collection":[{"href":"https:\/\/wonderful-nash.137-74-81-169.plesk.page\/pt-br\/wp-json\/wp\/v2\/pages"}],"about":[{"href":"https:\/\/wonderful-nash.137-74-81-169.plesk.page\/pt-br\/wp-json\/wp\/v2\/types\/page"}],"author":[{"embeddable":true,"href":"https:\/\/wonderful-nash.137-74-81-169.plesk.page\/pt-br\/wp-json\/wp\/v2\/users\/1"}],"replies":[{"embeddable":true,"href":"https:\/\/wonderful-nash.137-74-81-169.plesk.page\/pt-br\/wp-json\/wp\/v2\/comments?post=26590"}],"version-history":[{"count":1,"href":"https:\/\/wonderful-nash.137-74-81-169.plesk.page\/pt-br\/wp-json\/wp\/v2\/pages\/26590\/revisions"}],"predecessor-version":[{"id":26595,"href":"https:\/\/wonderful-nash.137-74-81-169.plesk.page\/pt-br\/wp-json\/wp\/v2\/pages\/26590\/revisions\/26595"}],"wp:attachment":[{"href":"https:\/\/wonderful-nash.137-74-81-169.plesk.page\/pt-br\/wp-json\/wp\/v2\/media?parent=26590"}],"curies":[{"name":"wp","href":"https:\/\/api.w.org\/{rel}","templated":true}]}}