{"id":26645,"date":"2024-11-20T09:43:19","date_gmt":"2024-11-20T09:43:19","guid":{"rendered":"https:\/\/nauterra.com\/politica-de-cookies\/"},"modified":"2025-01-13T15:33:20","modified_gmt":"2025-01-13T15:33:20","slug":"politica-de-cookies","status":"publish","type":"page","link":"https:\/\/wonderful-nash.137-74-81-169.plesk.page\/pt-br\/politica-de-cookies\/","title":{"rendered":"POL\u00cdTICA DE COOKIES"},"content":{"rendered":"\t\t<div data-elementor-type=\"wp-page\" data-elementor-id=\"26645\" class=\"elementor elementor-26645 elementor-20023\" data-elementor-post-type=\"page\">\n\t\t\t\t<div class=\"elementor-element elementor-element-8a466db e-flex e-con-boxed e-con e-parent\" data-id=\"8a466db\" data-element_type=\"container\">\n\t\t\t\t\t<div class=\"e-con-inner\">\n\t\t\t\t<div class=\"elementor-element elementor-element-cf77868 elementor-widget elementor-widget-heading\" data-id=\"cf77868\" data-element_type=\"widget\" data-widget_type=\"heading.default\">\n\t\t\t\t<div class=\"elementor-widget-container\">\n\t\t\t\t\t<h1 class=\"elementor-heading-title elementor-size-default\">POL\u00cdTICA DE COOKIES<\/h1>\t\t\t\t<\/div>\n\t\t\t\t<\/div>\n\t\t\t\t<div class=\"elementor-element elementor-element-c56c6b0 elementor-widget elementor-widget-text-editor\" data-id=\"c56c6b0\" data-element_type=\"widget\" data-widget_type=\"text-editor.default\">\n\t\t\t\t<div class=\"elementor-widget-container\">\n\t\t\t\t\t\t\t\t\t<p style=\"font-size: 14pt;\"><strong>1. Informa\u00e7\u00e3o geral<\/strong><\/p>\n<p>A seguir, oferecemos ao usu\u00e1rio informa\u00e7\u00f5es gerais sobre o que s\u00e3o cookies e que tipos de cookies existem.<\/p>\n<p><strong>O que s\u00e3o os cookies?<\/strong> Os cookies e outros dispositivos similares, como Pixels, web bugs, etc, s\u00e3o arquivos de texto ou imagem que s\u00e3o instalados no navegador do usu\u00e1rio quando este acesso ao servi\u00e7o on-line. Os cookies permitem, entre outras coisas, armazenar e recuperar informa\u00e7\u00e3o sobre o usu\u00e1rio, seu navegador, seus dispositivos e a atividade deste usu\u00e1rio no servi\u00e7o ao qual se conecta. <\/p>\n<p><strong>Que tipos de cookies existem?<\/strong> Existem muitos tipos de cookies. A seguir, oferecemos ao usu\u00e1rio algumas classifica\u00e7\u00f5es dos mesmos, sem que isso implique necessariamente que este servi\u00e7o utilize todos estes tipos de cookies: <\/p>\n<p><strong>a) de acordo com a entidade que gerencia os cookies:<\/strong><\/p>\n<ul>\n<li><u>Cookies pr\u00f3prios<\/u>: s\u00e3o aqueles que s\u00e3o enviados ao dispositivo ou terminal do usu\u00e1rio a partir do equipamento ou dom\u00ednio pertencente ao titular de um servi\u00e7o, e administrado por este.<\/li>\n<li><u>Cookies de terceiros:<\/u> s\u00e3o aqueles que s\u00e3o enviados ao dispositivo ou terminal do usu\u00e1rio a partir de um equipamento ou dom\u00ednio que n\u00e3o \u00e9 gerenciado pelo titular de um servi\u00e7o, mas por um terceiro que tratar\u00e1 a informa\u00e7\u00e3o obtida atrav\u00e9s desses cookies.<\/li>\n<\/ul>\n<p><strong>b) de acordo com o tempo de conserva\u00e7\u00e3o:<\/strong><\/p>\n<ul>\n<li><u>Cookies de sess\u00e3o:<\/u> s\u00e3o aqueles que coletam em armazenam os dados quando o usu\u00e1rio acessa um servi\u00e7o e cessam seu funcionamento uma vez que o usu\u00e1rio deixa o servi\u00e7o.<\/li>\n<li><u>Cookies persistentes:<\/u> s\u00e3o aqueles que t\u00eam uma dura\u00e7\u00e3o determinada pelo respons\u00e1vel pelo tratamento. O tempo de conserva\u00e7\u00e3o pode variar entre alguns minutos e v\u00e1rios anos. S\u00e3o utilizados para aguardar e recuperar certos par\u00e2metros cada vez que o usu\u00e1rio visite um servi\u00e7o.  <\/li>\n<\/ul>\n<p><strong>c) de acordo com sua finalidade:<\/strong><\/p>\n<ul>\n<li><u>Cookies t\u00e9cnicos: <\/u>s\u00e3o aqueles imprescind\u00edveis e estritamente necess\u00e1rios para o correto funcionamento do servi\u00e7o e utiliza\u00e7\u00e3o das diferentes op\u00e7\u00f5es ou servi\u00e7os oferecidos pelos titulares do mesmo atrav\u00e9s deste. Por exemplo, incluem aqueles que servem para a manuten\u00e7\u00e3o da sess\u00e3o, gerenciamento do tempo de resposta, rendimento ou valida\u00e7\u00e3o de op\u00e7\u00f5es e a utiliza\u00e7\u00e3o de elementos de seguran\u00e7a, etc. <\/li>\n<li><u>Cookies de personaliza\u00e7\u00e3o:<\/u> s\u00e3o aqueles que permitem que o usu\u00e1rio possa especificar ou personalizar algumas caracter\u00edsticas de um servi\u00e7o. Por exemplo, definir o idioma, a configura\u00e7\u00e3o regional ou o tipo de navegador. <\/li>\n<li><u>Cookies anal\u00edticos:<\/u> s\u00e3o aqueles que permitem contar o n\u00famero de visitantes \u00fanicos e realizar uma an\u00e1lise do uso de um servi\u00e7o, para medir o interesse por este servi\u00e7o ou por determinadas \u00e1reas do mesmo. Por exemplo, atrav\u00e9s de um cookie anal\u00edtico, podem ser controladas as \u00e1reas geogr\u00e1ficas a partir de onde se conectam maiores porcentagens de usu\u00e1rios, qual \u00e9 o produto ou servi\u00e7o de maior aceita\u00e7\u00e3o, etc. <\/li>\n<li><u>Cookies publicit\u00e1rios:<\/u> s\u00e3o aqueles que permitem o gerenciamento dos espa\u00e7os publicit\u00e1rios em um servi\u00e7o.<\/li>\n<li><u>Cookies de publicidade comportamental:<\/u> s\u00e3o aqueles que permitem a administra\u00e7\u00e3o de espa\u00e7os publicit\u00e1rios em um servi\u00e7o. A fun\u00e7\u00e3o desses cookies \u00e9 armazenar informa\u00e7\u00e3o do comportamento dos usu\u00e1rios de um servi\u00e7o para, posteriormente, mostrar publicidade personalizada. <\/li>\n<\/ul>\n<p><strong>d) outras tecnologias:<\/strong><\/p>\n<ul>\n<li><u>Pixels, web bugs ou trackers:<\/u> tamb\u00e9m conhecidos como pixels de rastreamento, tracking pixels, pixel tags ou pixels de convers\u00e3o, web beacons ou balizas web, s\u00e3o imagens de 1&#215;1 pixels transparentes que s\u00e3o inseridos em um servi\u00e7o para realizar medi\u00e7\u00f5es de atividade. Uma vez que determinada p\u00e1gina \u00e9 carregada em um navegador, a referida imagem carregar\u00e1, permitindo que este dado seja medido. Os pixels de acompanhamento permitem, geralmente, conhecer a rota que um determinado IP de usu\u00e1rio tra\u00e7ou em um servi\u00e7o online.  <\/li>\n<li><u>Armazenamento HTML5: <\/u>consiste em aproveitar as capacidades da tecnologia HTML5 para armazenar no navegador do usu\u00e1rio determinados par\u00e2metros que possam ser utilizados para identific\u00e1-lo.<\/li>\n<li><u>Objetos locais compartilhados (LSO): <\/u>tamb\u00e9m conhecidos como \u201cflash cookies\u201d, consistem no armazenamento da informa\u00e7\u00e3o sem cookies no equipamento do usu\u00e1rio, aproveitando a tecnologia Adobe Flash Player.<\/li>\n<li><u>Etags:<\/u> consiste em um mecanismo do protocolo HTTP que permite a valida\u00e7\u00e3o do cache que o usu\u00e1rio guarda em seu navegador web. Esta tecnologia \u00e9 usada principalmente para economizar largura de banda, evitando download duplicado de conte\u00fados. N\u00e3o obstante, tamb\u00e9m \u00e9 poss\u00edvel utiliz\u00e1-la para identificar o equipamento do usu\u00e1rio.  <\/li>\n<li><u>Canvas fingerprinting: <\/u>consiste na gera\u00e7\u00e3o de uma forma \u00fanica no navegador do usu\u00e1rio, aproveitando a tecnologia padr\u00e3o web HTML5 para identificar seu equipamento.<\/li>\n<li><u>Detec\u00e7\u00e3o de fontes:<\/u> esta t\u00e9cnica consiste em identificar a configura\u00e7\u00e3o de fontes do equipamento do usu\u00e1rio para obter uma identifica\u00e7\u00e3o \u00fanica deste.<\/li>\n<li><u>Cache do navegador: <\/u>como seu pr\u00f3prio nome indica, esta t\u00e9cnica consiste no armazenamento de informa\u00e7\u00e3o no cache do navegador.<\/li>\n<li><u>WebGL:<\/u> esta t\u00e9cnica permite aproveitar as capacidades dos navegadores modernos de representar figuras em 3D para obter uma identifica\u00e7\u00e3o \u00fanica do equipamento, devido \u00e0s diferentes configura\u00e7\u00f5es de cada um.<\/li>\n<\/ul>\n<p style=\"font-size: 14pt;\"><strong>2. Informa\u00e7\u00f5es Espec\u00edficas<br \/><\/strong><\/p>\n<p><strong>Quem \u00e9 o respons\u00e1vel por este servi\u00e7o?<\/strong> Este servi\u00e7o \u00e9 gerenciado por LUIS CALVO SANZ S.A., CIF: A-15017205, CARRETERA CORU\u00d1A \u2013 FINISTERRE KM. 34,5 \/ 15106 CARBALLO (LA CORU\u00d1A), registrada no Registro Mercantil de La Coru\u00f1a, Volume 211, Livro 86, Se\u00e7\u00e3o 3, Folha 17, Registro 779, 1\u00aa Inscri\u00e7\u00e3o (doravante chamada de NAUTERRA). E-mail:<a href=\"mailto:dpo@nauterra.com\"> dpo@nauterra.com<\/a><\/p>\n<p><strong>Quais tecnologias utilizamos?<\/strong> Este servi\u00e7o online utiliza, especificamente, cookies e outros dispositivos semelhantes pr\u00f3prios e de terceiros para diferentes finalidades. Voc\u00ea pode consultar as finalidades previstas e os cookies espec\u00edficos para cada finalidade a seguir. <\/p>\n\t\t\t\t\t\t\t\t<\/div>\n\t\t\t\t<\/div>\n\t\t\t\t<div class=\"elementor-element elementor-element-a742532 elementor-widget elementor-widget-wp-widget-cookiebot_declaration_widget\" data-id=\"a742532\" data-element_type=\"widget\" data-widget_type=\"wp-widget-cookiebot_declaration_widget.default\">\n\t\t\t\t<div class=\"elementor-widget-container\">\n\t\t\t\t\t\t<div class=\"widget-text wp_widget_plugin_box cookiebot_cookie_declaration\">\n\t\t\t\t<script\n\t\t\t\ttype=\"text\/javascript\"\n\t\t\t\tid=\"CookieDeclaration\"\n\t\t\t\tsrc=\"https:\/\/consent.cookiebot.com\/25a0218d-d09a-464e-b2c9-3a93d6d95de9\/cd.js\"\n\t\t\t\t\t\tasync\t\t>\n\t\t<\/script>\n\t<\/div>\n\t\t\t\t<\/div>\n\t\t\t\t<\/div>\n\t\t\t\t<div class=\"elementor-element elementor-element-30bc858 elementor-widget elementor-widget-text-editor\" data-id=\"30bc858\" data-element_type=\"widget\" data-widget_type=\"text-editor.default\">\n\t\t\t\t<div class=\"elementor-widget-container\">\n\t\t\t\t\t\t\t\t\t<p><strong>Como desabilitar ou excluir os cookies? <\/strong> Ao acessar o servi\u00e7o pela primeira vez, o usu\u00e1rio ver\u00e1 um aviso de cookies no qual ser\u00e1 informado sobre a forma de conceder ou rejeitar seu consentimento. Caso o usu\u00e1rio tenha concedido seu consentimento, poder\u00e1, a qualquer momento, desabilitar ou excluir os cookies mencionados por meio da op\u00e7\u00e3o &#8220;Personalizar&#8221; no configurador de cookies.  Caso o usu\u00e1rio tenha concedido seu consentimento, poder\u00e1, a qualquer momento, desabilitar ou excluir os cookies mencionados por meio da configura\u00e7\u00e3o das op\u00e7\u00f5es do navegador utilizado em seu dispositivo ou terminal. No entanto, o usu\u00e1rio deve estar ciente de que, se rejeitar ou excluir os cookies, n\u00e3o ser\u00e1 poss\u00edvel manter suas prefer\u00eancias, e algumas funcionalidades poder\u00e3o n\u00e3o estar operacionais. Por isso, n\u00e3o poderemos oferecer servi\u00e7os personalizados e, sempre que utilizar o servi\u00e7o, ser\u00e1 considerado um novo usu\u00e1rio, sendo necess\u00e1rio solicitar novamente sua autoriza\u00e7\u00e3o para o uso de cookies. Abaixo, disponibilizamos links com informa\u00e7\u00f5es sobre como desativar cookies e similares nos principais navegadores: <\/p>\n<p><a href=\"https:\/\/support.google.com\/chrome\/answer\/95647?hl=es\" target=\"_blank\" rel=\"noopener noreferrer\">Configura\u00e7\u00e3o de cookies no Google Chrome<\/a><\/p>\n<p><a href=\"https:\/\/support.mozilla.org\/es\/kb\/Protecci%C3%B3n-contra-el-rastreo-mejorada-en-Firefox-para-escritorio\" target=\"_blank\" rel=\"noopener noreferrer\">Configura\u00e7\u00e3o de cookies no Mozilla Firefox<\/a><\/p>\n<p><a href=\"https:\/\/support.microsoft.com\/es-es\/help\/17442\/windows-internet-explorer-delete-manage-cookies\" target=\"_blank\" rel=\"noopener noreferrer\">Configura\u00e7\u00e3o de cookies no Microsoft Edge<\/a><\/p>\n<p><a href=\"https:\/\/support.apple.com\/es-es\/guide\/safari\/sfri11471\/mac\" target=\"_blank\" rel=\"noopener noreferrer\">Configura\u00e7\u00e3o de cookies no Safari<\/a><\/p>\n<p><strong>Como o uso de cookies afeta a prote\u00e7\u00e3o dos dados pessoais do usu\u00e1rio?<\/strong> A maioria dos cookies coleta informa\u00e7\u00f5es an\u00f4nimas, que n\u00e3o permitem identificar o usu\u00e1rio. No entanto, alguns dos c\u00f3digos inclu\u00eddos podem singularizar ou individualizar o navegador do dispositivo utilizado, podendo ser aplic\u00e1vel a legisla\u00e7\u00e3o relativa \u00e0 prote\u00e7\u00e3o de dados pessoais. Por isso, informamos que as informa\u00e7\u00f5es obtidas por meio dos cookies ser\u00e3o tratadas para as finalidades indicadas nesta Pol\u00edtica de Cookies. Al\u00e9m disso, essas informa\u00e7\u00f5es tamb\u00e9m poder\u00e3o ser tratadas por empresas que fornecem cookies para os fins indicados em suas respectivas pol\u00edticas de privacidade.<br \/>No entanto, considerando que esses c\u00f3digos n\u00e3o permitem a identifica\u00e7\u00e3o do usu\u00e1rio, n\u00e3o ser\u00e3o aplic\u00e1veis os direitos de acesso, retifica\u00e7\u00e3o, exclus\u00e3o, oposi\u00e7\u00e3o, limita\u00e7\u00e3o e portabilidade reconhecidos pela legisla\u00e7\u00e3o de prote\u00e7\u00e3o de dados, a menos que o usu\u00e1rio forne\u00e7a informa\u00e7\u00f5es adicionais que permitam vincular sua identidade aos c\u00f3digos identificadores de seus cookies. Caso considere que seu direito \u00e0 prote\u00e7\u00e3o de dados foi violado, o usu\u00e1rio poder\u00e1 apresentar uma reclama\u00e7\u00e3o junto \u00e0 Autoridade Nacional de Prote\u00e7\u00e3o de Dados (<a href=\"\">ANPD<\/a>).    <\/p>\n<p><strong>Mais informa\u00e7\u00f5es <\/strong>O usu\u00e1rio pode enviar qualquer d\u00favida relacionada ao uso de cookies n\u00e3o abordada nesta Pol\u00edtica de Cookies por meio do e-mail <a href=\"mailto:dpo@nauterra.com\" target=\"_blank\" rel=\"noopener\">dpo@nauterra.com<\/a>.<\/p>\n\t\t\t\t\t\t\t\t<\/div>\n\t\t\t\t<\/div>\n\t\t\t\t\t<\/div>\n\t\t\t\t<\/div>\n\t\t\t\t<\/div>\n\t\t","protected":false},"excerpt":{"rendered":"<p>POL\u00cdTICA DE COOKIES 1. Informa\u00e7\u00e3o geral A seguir, oferecemos ao usu\u00e1rio informa\u00e7\u00f5es gerais sobre o que s\u00e3o cookies e que tipos de cookies existem. O que s\u00e3o os cookies? Os cookies e outros dispositivos similares, como Pixels, web bugs, etc, s\u00e3o arquivos de texto ou imagem que s\u00e3o instalados no navegador do usu\u00e1rio quando este [&hellip;]<\/p>\n","protected":false},"author":1,"featured_media":0,"parent":0,"menu_order":0,"comment_status":"closed","ping_status":"closed","template":"","meta":{"footnotes":""},"class_list":["post-26645","page","type-page","status-publish","hentry"],"yoast_head":"<!-- This site is optimized with the Yoast SEO plugin v24.6 - https:\/\/yoast.com\/wordpress\/plugins\/seo\/ -->\n<title>POL\u00cdTICA DE COOKIES - NAUTERRA<\/title>\n<meta name=\"description\" content=\"POL\u00cdTICA DE COOKIES\" \/>\n<meta name=\"robots\" content=\"noindex, follow, max-snippet:-1, max-image-preview:large, max-video-preview:-1\" \/>\n<meta property=\"og:locale\" content=\"pt_BR\" \/>\n<meta property=\"og:type\" content=\"article\" \/>\n<meta property=\"og:title\" content=\"POL\u00cdTICA DE COOKIES - NAUTERRA\" \/>\n<meta property=\"og:description\" content=\"POL\u00cdTICA DE COOKIES\" \/>\n<meta property=\"og:url\" content=\"https:\/\/wonderful-nash.137-74-81-169.plesk.page\/pt-br\/politica-de-cookies\/\" \/>\n<meta property=\"og:site_name\" content=\"NAUTERRA\" \/>\n<meta property=\"article:modified_time\" content=\"2025-01-13T15:33:20+00:00\" \/>\n<meta name=\"twitter:card\" content=\"summary_large_image\" \/>\n<meta name=\"twitter:site\" content=\"@NauterraEspana\" \/>\n<meta name=\"twitter:label1\" content=\"Est. tempo de leitura\" \/>\n\t<meta name=\"twitter:data1\" content=\"7 minutos\" \/>\n<script type=\"application\/ld+json\" class=\"yoast-schema-graph\">{\"@context\":\"https:\/\/schema.org\",\"@graph\":[{\"@type\":\"WebPage\",\"@id\":\"https:\/\/wonderful-nash.137-74-81-169.plesk.page\/pt-br\/politica-de-cookies\/\",\"url\":\"https:\/\/wonderful-nash.137-74-81-169.plesk.page\/pt-br\/politica-de-cookies\/\",\"name\":\"POL\u00cdTICA DE COOKIES - NAUTERRA\",\"isPartOf\":{\"@id\":\"https:\/\/wonderful-nash.137-74-81-169.plesk.page\/pt-br\/#website\"},\"datePublished\":\"2024-11-20T09:43:19+00:00\",\"dateModified\":\"2025-01-13T15:33:20+00:00\",\"description\":\"POL\u00cdTICA DE COOKIES\",\"breadcrumb\":{\"@id\":\"https:\/\/wonderful-nash.137-74-81-169.plesk.page\/pt-br\/politica-de-cookies\/#breadcrumb\"},\"inLanguage\":\"pt-BR\",\"potentialAction\":[{\"@type\":\"ReadAction\",\"target\":[\"https:\/\/wonderful-nash.137-74-81-169.plesk.page\/pt-br\/politica-de-cookies\/\"]}]},{\"@type\":\"BreadcrumbList\",\"@id\":\"https:\/\/wonderful-nash.137-74-81-169.plesk.page\/pt-br\/politica-de-cookies\/#breadcrumb\",\"itemListElement\":[{\"@type\":\"ListItem\",\"position\":1,\"name\":\"Portada\",\"item\":\"https:\/\/wonderful-nash.137-74-81-169.plesk.page\/pt-br\/\"},{\"@type\":\"ListItem\",\"position\":2,\"name\":\"POL\u00cdTICA DE COOKIES\"}]},{\"@type\":\"WebSite\",\"@id\":\"https:\/\/wonderful-nash.137-74-81-169.plesk.page\/pt-br\/#website\",\"url\":\"https:\/\/wonderful-nash.137-74-81-169.plesk.page\/pt-br\/\",\"name\":\"Nauterra\",\"description\":\"Somos una compa\u00f1\u00eda global de alimentaci\u00f3n que tiene como prop\u00f3sito acercar a las personas una alimentaci\u00f3n saludable conservando lo mejor de la naturaleza.\",\"publisher\":{\"@id\":\"https:\/\/wonderful-nash.137-74-81-169.plesk.page\/pt-br\/#organization\"},\"potentialAction\":[{\"@type\":\"SearchAction\",\"target\":{\"@type\":\"EntryPoint\",\"urlTemplate\":\"https:\/\/wonderful-nash.137-74-81-169.plesk.page\/pt-br\/?s={search_term_string}\"},\"query-input\":{\"@type\":\"PropertyValueSpecification\",\"valueRequired\":true,\"valueName\":\"search_term_string\"}}],\"inLanguage\":\"pt-BR\"},{\"@type\":\"Organization\",\"@id\":\"https:\/\/wonderful-nash.137-74-81-169.plesk.page\/pt-br\/#organization\",\"name\":\"Nauterra\",\"url\":\"https:\/\/wonderful-nash.137-74-81-169.plesk.page\/pt-br\/\",\"logo\":{\"@type\":\"ImageObject\",\"inLanguage\":\"pt-BR\",\"@id\":\"https:\/\/wonderful-nash.137-74-81-169.plesk.page\/pt-br\/#\/schema\/logo\/image\/\",\"url\":\"https:\/\/wonderful-nash.137-74-81-169.plesk.page\/wp-content\/uploads\/2023\/10\/nauterra.png\",\"contentUrl\":\"https:\/\/wonderful-nash.137-74-81-169.plesk.page\/wp-content\/uploads\/2023\/10\/nauterra.png\",\"width\":1150,\"height\":406,\"caption\":\"Nauterra\"},\"image\":{\"@id\":\"https:\/\/wonderful-nash.137-74-81-169.plesk.page\/pt-br\/#\/schema\/logo\/image\/\"},\"sameAs\":[\"https:\/\/x.com\/NauterraEspana\",\"https:\/\/www.linkedin.com\/company\/nauterra-espana\/posts\/?feedView=all&viewAsMember=true\"]}]}<\/script>\n<!-- \/ Yoast SEO plugin. -->","yoast_head_json":{"title":"POL\u00cdTICA DE COOKIES - NAUTERRA","description":"POL\u00cdTICA DE COOKIES","robots":{"index":"noindex","follow":"follow","max-snippet":"max-snippet:-1","max-image-preview":"max-image-preview:large","max-video-preview":"max-video-preview:-1"},"og_locale":"pt_BR","og_type":"article","og_title":"POL\u00cdTICA DE COOKIES - NAUTERRA","og_description":"POL\u00cdTICA DE COOKIES","og_url":"https:\/\/wonderful-nash.137-74-81-169.plesk.page\/pt-br\/politica-de-cookies\/","og_site_name":"NAUTERRA","article_modified_time":"2025-01-13T15:33:20+00:00","twitter_card":"summary_large_image","twitter_site":"@NauterraEspana","twitter_misc":{"Est. tempo de leitura":"7 minutos"},"schema":{"@context":"https:\/\/schema.org","@graph":[{"@type":"WebPage","@id":"https:\/\/wonderful-nash.137-74-81-169.plesk.page\/pt-br\/politica-de-cookies\/","url":"https:\/\/wonderful-nash.137-74-81-169.plesk.page\/pt-br\/politica-de-cookies\/","name":"POL\u00cdTICA DE COOKIES - NAUTERRA","isPartOf":{"@id":"https:\/\/wonderful-nash.137-74-81-169.plesk.page\/pt-br\/#website"},"datePublished":"2024-11-20T09:43:19+00:00","dateModified":"2025-01-13T15:33:20+00:00","description":"POL\u00cdTICA DE COOKIES","breadcrumb":{"@id":"https:\/\/wonderful-nash.137-74-81-169.plesk.page\/pt-br\/politica-de-cookies\/#breadcrumb"},"inLanguage":"pt-BR","potentialAction":[{"@type":"ReadAction","target":["https:\/\/wonderful-nash.137-74-81-169.plesk.page\/pt-br\/politica-de-cookies\/"]}]},{"@type":"BreadcrumbList","@id":"https:\/\/wonderful-nash.137-74-81-169.plesk.page\/pt-br\/politica-de-cookies\/#breadcrumb","itemListElement":[{"@type":"ListItem","position":1,"name":"Portada","item":"https:\/\/wonderful-nash.137-74-81-169.plesk.page\/pt-br\/"},{"@type":"ListItem","position":2,"name":"POL\u00cdTICA DE COOKIES"}]},{"@type":"WebSite","@id":"https:\/\/wonderful-nash.137-74-81-169.plesk.page\/pt-br\/#website","url":"https:\/\/wonderful-nash.137-74-81-169.plesk.page\/pt-br\/","name":"Nauterra","description":"Somos una compa\u00f1\u00eda global de alimentaci\u00f3n que tiene como prop\u00f3sito acercar a las personas una alimentaci\u00f3n saludable conservando lo mejor de la naturaleza.","publisher":{"@id":"https:\/\/wonderful-nash.137-74-81-169.plesk.page\/pt-br\/#organization"},"potentialAction":[{"@type":"SearchAction","target":{"@type":"EntryPoint","urlTemplate":"https:\/\/wonderful-nash.137-74-81-169.plesk.page\/pt-br\/?s={search_term_string}"},"query-input":{"@type":"PropertyValueSpecification","valueRequired":true,"valueName":"search_term_string"}}],"inLanguage":"pt-BR"},{"@type":"Organization","@id":"https:\/\/wonderful-nash.137-74-81-169.plesk.page\/pt-br\/#organization","name":"Nauterra","url":"https:\/\/wonderful-nash.137-74-81-169.plesk.page\/pt-br\/","logo":{"@type":"ImageObject","inLanguage":"pt-BR","@id":"https:\/\/wonderful-nash.137-74-81-169.plesk.page\/pt-br\/#\/schema\/logo\/image\/","url":"https:\/\/wonderful-nash.137-74-81-169.plesk.page\/wp-content\/uploads\/2023\/10\/nauterra.png","contentUrl":"https:\/\/wonderful-nash.137-74-81-169.plesk.page\/wp-content\/uploads\/2023\/10\/nauterra.png","width":1150,"height":406,"caption":"Nauterra"},"image":{"@id":"https:\/\/wonderful-nash.137-74-81-169.plesk.page\/pt-br\/#\/schema\/logo\/image\/"},"sameAs":["https:\/\/x.com\/NauterraEspana","https:\/\/www.linkedin.com\/company\/nauterra-espana\/posts\/?feedView=all&viewAsMember=true"]}]}},"_links":{"self":[{"href":"https:\/\/wonderful-nash.137-74-81-169.plesk.page\/pt-br\/wp-json\/wp\/v2\/pages\/26645","targetHints":{"allow":["GET"]}}],"collection":[{"href":"https:\/\/wonderful-nash.137-74-81-169.plesk.page\/pt-br\/wp-json\/wp\/v2\/pages"}],"about":[{"href":"https:\/\/wonderful-nash.137-74-81-169.plesk.page\/pt-br\/wp-json\/wp\/v2\/types\/page"}],"author":[{"embeddable":true,"href":"https:\/\/wonderful-nash.137-74-81-169.plesk.page\/pt-br\/wp-json\/wp\/v2\/users\/1"}],"replies":[{"embeddable":true,"href":"https:\/\/wonderful-nash.137-74-81-169.plesk.page\/pt-br\/wp-json\/wp\/v2\/comments?post=26645"}],"version-history":[{"count":9,"href":"https:\/\/wonderful-nash.137-74-81-169.plesk.page\/pt-br\/wp-json\/wp\/v2\/pages\/26645\/revisions"}],"predecessor-version":[{"id":27703,"href":"https:\/\/wonderful-nash.137-74-81-169.plesk.page\/pt-br\/wp-json\/wp\/v2\/pages\/26645\/revisions\/27703"}],"wp:attachment":[{"href":"https:\/\/wonderful-nash.137-74-81-169.plesk.page\/pt-br\/wp-json\/wp\/v2\/media?parent=26645"}],"curies":[{"name":"wp","href":"https:\/\/api.w.org\/{rel}","templated":true}]}}