{"id":26647,"date":"2024-11-20T09:43:19","date_gmt":"2024-11-20T09:43:19","guid":{"rendered":"https:\/\/nauterra.com\/politica-de-privacidade\/"},"modified":"2025-01-13T11:31:38","modified_gmt":"2025-01-13T11:31:38","slug":"politica-de-privacidade","status":"publish","type":"page","link":"https:\/\/wonderful-nash.137-74-81-169.plesk.page\/pt-br\/politica-de-privacidade\/","title":{"rendered":"POL\u00cdTICA DE PRIVACIDADE"},"content":{"rendered":"\t\t<div data-elementor-type=\"wp-page\" data-elementor-id=\"26647\" class=\"elementor elementor-26647 elementor-20024\" data-elementor-post-type=\"page\">\n\t\t\t\t<div class=\"elementor-element elementor-element-7f22992 e-flex e-con-boxed e-con e-parent\" data-id=\"7f22992\" data-element_type=\"container\">\n\t\t\t\t\t<div class=\"e-con-inner\">\n\t\t\t\t<div class=\"elementor-element elementor-element-eb314fe elementor-widget elementor-widget-heading\" data-id=\"eb314fe\" data-element_type=\"widget\" data-widget_type=\"heading.default\">\n\t\t\t\t<div class=\"elementor-widget-container\">\n\t\t\t\t\t<h1 class=\"elementor-heading-title elementor-size-default\">POL\u00cdTICA DE PRIVACIDADE<\/h1>\t\t\t\t<\/div>\n\t\t\t\t<\/div>\n\t\t\t\t<div class=\"elementor-element elementor-element-900f620 elementor-widget elementor-widget-text-editor\" data-id=\"900f620\" data-element_type=\"widget\" data-widget_type=\"text-editor.default\">\n\t\t\t\t<div class=\"elementor-widget-container\">\n\t\t\t\t\t\t\t\t\t<p><strong style=\"font-size: 14pt;\">1. RESPONS\u00c1VEL PELO WEBSITE <\/strong><\/p>\n<p>Este site \u00e9 de responsabilidade de LUIS CALVO SANZ S.A., CIF: A-15017205, Endere\u00e7o: CARRETERA CORU\u00d1A \u2013 FINISTERRE KM. 34.5 \/ 15106 CARBALLO (LA CORU\u00d1A), registrada no Registro Comercial de La Coru\u00f1a, Tomo 211, Livro 86, Se\u00e7\u00e3o 3, Folha 17, P\u00e1gina 779, 1\u00aa Inscri\u00e7\u00e3o (doravante denominada NAUTERRA). E-mail: <a href=\"mailto:dpo@nauterra.com\" target=\"_blank\" rel=\"noopener\">dpo@nauterra.com.<\/a><\/p>\n<p>NAUTERRA respeita os direitos de privacidade de seus usu\u00e1rios e reconhece a import\u00e2ncia de proteger os dados pessoais coletados sobre eles. Este documento visa informar os usu\u00e1rios do site sobre o tratamento de dados pessoais realizado neste site. <\/p>\n<p><strong style=\"font-size: 14pt;\">2. DADOS PESSOAIS COLETADOS PELO SITE<br \/><\/strong><\/p>\n<p>De forma geral, NAUTERRA coleta dados dos usu\u00e1rios do site por meio de:<\/p>\n<p>&#8211; <strong>Endere\u00e7o IP:<\/strong> Apenas ao acessar o site, o endere\u00e7o IP e outros dados relacionados \u00e0 conex\u00e3o e sua origem s\u00e3o coletados. O endere\u00e7o IP identifica a conex\u00e3o de internet do usu\u00e1rio em um momento espec\u00edfico. Somente o provedor de internet do usu\u00e1rio pode identificar o assinante ao qual um endere\u00e7o IP foi atribu\u00eddo em um momento espec\u00edfico. Pela natureza do servidor que suporta o site, o endere\u00e7o IP do usu\u00e1rio \u00e9 registrado automaticamente juntamente com a data e hora de acesso. Esses dados s\u00e3o usados exclusivamente para gerenciar o uso normal do site e realizar an\u00e1lises estat\u00edsticas. NAUTERRA n\u00e3o compartilha essas informa\u00e7\u00f5es com terceiros, exceto quando exigido por lei (por exemplo, uma solicita\u00e7\u00e3o oficial no \u00e2mbito de uma investiga\u00e7\u00e3o policial). A base legal que legitima o tratamento do endere\u00e7o IP \u00e9 a necessidade tecnol\u00f3gica para viabilizar a presta\u00e7\u00e3o do site. Os endere\u00e7os IP s\u00e3o armazenados por um per\u00edodo de 1 m\u00eas.       <\/p>\n<p>&#8211; <strong>Cookies e tecnologias semelhantes<\/strong>: NAUTERRA utiliza cookies e outros mecanismos semelhantes de armazenamento e recupera\u00e7\u00e3o de dados em dispositivos terminais (doravante denominados cookies). Cookies s\u00e3o arquivos baixados no navegador do usu\u00e1rio que podem ser posteriormente lidos por NAUTERRA. Os cookies permitem diversas funcionalidades, como reconhecer um usu\u00e1rio que j\u00e1 acessou o site anteriormente e realizar an\u00e1lises de uso do servi\u00e7o para melhor\u00e1-lo. No entanto, n\u00e3o \u00e9 poss\u00edvel identificar o usu\u00e1rio apenas pelos cookies utilizados por NAUTERRA, a menos que o usu\u00e1rio forne\u00e7a informa\u00e7\u00f5es adicionais que possam ser vinculadas aos cookies baixados. Para mais informa\u00e7\u00f5es, consulte a Pol\u00edtica de Cookies.    <\/p>\n<p>&#8211;<strong> Formul\u00e1rios e outros:<\/strong> Caso haja formul\u00e1rios no site para coleta de dados pessoais, os usu\u00e1rios ser\u00e3o informados sobre a finalidade do tratamento e o procedimento para exercer seus direitos em cada formul\u00e1rio.<\/p>\n<p><strong style=\"font-size: 14pt;\">3. DESTINAT\u00c1RIOS<br \/><\/strong><\/p>\n<p>NAUTERRA n\u00e3o compartilha essas informa\u00e7\u00f5es com terceiros, exceto quando exigido pela legisla\u00e7\u00e3o vigente (por exemplo, uma solicita\u00e7\u00e3o oficial no \u00e2mbito de uma investiga\u00e7\u00e3o policial).<\/p>\n<p><strong style=\"font-size: 14pt;\">4. DIREITOS<br \/><\/strong><\/p>\n<p>A legisla\u00e7\u00e3o de prote\u00e7\u00e3o de dados garante aos usu\u00e1rios os seguintes direitos:<\/p>\n<p>&#8211; <strong>Acesso:<\/strong> Permite aos usu\u00e1rios saber quais informa\u00e7\u00f5es est\u00e3o dispon\u00edveis, sua origem, para quem foram fornecidas e para quais finalidades foram tratadas.<\/p>\n<p>&#8211; <strong>Retifica\u00e7\u00e3o<\/strong>: Permite aos usu\u00e1rios corrigir quaisquer dados imprecisos ou desatualizados.<\/p>\n<p>&#8211; <strong>Elimina\u00e7\u00e3o<\/strong>: Permite aos usu\u00e1rios cessar o tratamento de seus dados.<\/p>\n<p>&#8211; <strong>Oposi\u00e7\u00e3o<\/strong>: Permite aos usu\u00e1rios impedir que seus dados sejam utilizados para uma finalidade espec\u00edfica.<\/p>\n<p>&#8211; <strong>Limita\u00e7\u00e3o<\/strong>: Permite aos usu\u00e1rios restringir o tratamento de seus dados, garantindo que sejam retidos para uso posterior.<\/p>\n<p>&#8211; <strong>Portabilidade:<\/strong> Permite aos usu\u00e1rios obter uma c\u00f3pia de seus dados em formato eletr\u00f4nico e, em determinadas circunst\u00e2ncias, solicitar sua transfer\u00eancia para outro prestador de servi\u00e7os. Aplica-se apenas a tratamentos informatizados realizados com o consentimento do usu\u00e1rio ou para a execu\u00e7\u00e3o de um contrato. <\/p>\n<p>&#8211; <strong>Revoga\u00e7\u00e3o do consentimento:<\/strong> Permite aos usu\u00e1rios retirar o consentimento dado para o tratamento de seus dados.<\/p>\n<p>O exerc\u00edcio desses direitos requer a identifica\u00e7\u00e3o do usu\u00e1rio e a vincula\u00e7\u00e3o de sua identidade aos dados tratados por NAUTERRA. No entanto, NAUTERRA n\u00e3o pode estabelecer esse v\u00ednculo para dados tratados apenas pelo acesso ao site, a menos que o usu\u00e1rio forne\u00e7a documenta\u00e7\u00e3o que permita sua identifica\u00e7\u00e3o (por exemplo, um certificado do provedor de internet indicando o endere\u00e7o IP atribu\u00eddo ao usu\u00e1rio em uma data e hora espec\u00edficas). Os usu\u00e1rios podem exercer seus direitos entrando em contato com NAUTERRA por correspond\u00eancia na dire\u00e7\u00e3o mencionada ou por e-mail para <a href=\"\">dpo@nauterra.com<\/a>. Caso os usu\u00e1rios desejem mais informa\u00e7\u00f5es ou considerem que seus direitos de prote\u00e7\u00e3o de dados foram violados, podem entrar em contato com a Autoridade Espanhola de Prote\u00e7\u00e3o de Dados (<a href=\"\">www.aepd.es<\/a>).   <\/p>\n<p><strong style=\"font-size: 14pt;\">5. MAIS INFORMA\u00c7\u00d5ES<br \/><\/strong><\/p>\n<p>Caso o usu\u00e1rio tenha d\u00favidas sobre as informa\u00e7\u00f5es contidas em nossa Pol\u00edtica de Privacidade, pode enviar um e-mail para: <a href=\"mailto:dpo@nauterra.com\">dpo@nauterra.com<\/a>.<\/p>\n\t\t\t\t\t\t\t\t<\/div>\n\t\t\t\t<\/div>\n\t\t\t\t\t<\/div>\n\t\t\t\t<\/div>\n\t\t\t\t<\/div>\n\t\t","protected":false},"excerpt":{"rendered":"<p>POL\u00cdTICA DE PRIVACIDADE 1. RESPONS\u00c1VEL PELO WEBSITE Este site \u00e9 de responsabilidade de LUIS CALVO SANZ S.A., CIF: A-15017205, Endere\u00e7o: CARRETERA CORU\u00d1A \u2013 FINISTERRE KM. 34.5 \/ 15106 CARBALLO (LA CORU\u00d1A), registrada no Registro Comercial de La Coru\u00f1a, Tomo 211, Livro 86, Se\u00e7\u00e3o 3, Folha 17, P\u00e1gina 779, 1\u00aa Inscri\u00e7\u00e3o (doravante denominada NAUTERRA). E-mail: dpo@nauterra.com. [&hellip;]<\/p>\n","protected":false},"author":1,"featured_media":0,"parent":0,"menu_order":0,"comment_status":"closed","ping_status":"closed","template":"","meta":{"footnotes":""},"class_list":["post-26647","page","type-page","status-publish","hentry"],"yoast_head":"<!-- This site is optimized with the Yoast SEO plugin v24.6 - https:\/\/yoast.com\/wordpress\/plugins\/seo\/ -->\n<title>POL\u00cdTICA DE PRIVACIDADE - NAUTERRA<\/title>\n<meta name=\"description\" content=\"POL\u00cdTICA DE PRIVACIDADE\" \/>\n<meta name=\"robots\" content=\"noindex, follow, max-snippet:-1, max-image-preview:large, max-video-preview:-1\" \/>\n<meta property=\"og:locale\" content=\"pt_BR\" \/>\n<meta property=\"og:type\" content=\"article\" \/>\n<meta property=\"og:title\" content=\"POL\u00cdTICA DE PRIVACIDADE - NAUTERRA\" \/>\n<meta property=\"og:description\" content=\"POL\u00cdTICA DE PRIVACIDADE\" \/>\n<meta property=\"og:url\" content=\"https:\/\/wonderful-nash.137-74-81-169.plesk.page\/pt-br\/politica-de-privacidade\/\" \/>\n<meta property=\"og:site_name\" content=\"NAUTERRA\" \/>\n<meta property=\"article:modified_time\" content=\"2025-01-13T11:31:38+00:00\" \/>\n<meta name=\"twitter:card\" content=\"summary_large_image\" \/>\n<meta name=\"twitter:site\" content=\"@NauterraEspana\" \/>\n<meta name=\"twitter:label1\" content=\"Est. tempo de leitura\" \/>\n\t<meta name=\"twitter:data1\" content=\"5 minutos\" \/>\n<script type=\"application\/ld+json\" class=\"yoast-schema-graph\">{\"@context\":\"https:\/\/schema.org\",\"@graph\":[{\"@type\":\"WebPage\",\"@id\":\"https:\/\/wonderful-nash.137-74-81-169.plesk.page\/pt-br\/politica-de-privacidade\/\",\"url\":\"https:\/\/wonderful-nash.137-74-81-169.plesk.page\/pt-br\/politica-de-privacidade\/\",\"name\":\"POL\u00cdTICA DE PRIVACIDADE - NAUTERRA\",\"isPartOf\":{\"@id\":\"https:\/\/wonderful-nash.137-74-81-169.plesk.page\/pt-br\/#website\"},\"datePublished\":\"2024-11-20T09:43:19+00:00\",\"dateModified\":\"2025-01-13T11:31:38+00:00\",\"description\":\"POL\u00cdTICA DE PRIVACIDADE\",\"breadcrumb\":{\"@id\":\"https:\/\/wonderful-nash.137-74-81-169.plesk.page\/pt-br\/politica-de-privacidade\/#breadcrumb\"},\"inLanguage\":\"pt-BR\",\"potentialAction\":[{\"@type\":\"ReadAction\",\"target\":[\"https:\/\/wonderful-nash.137-74-81-169.plesk.page\/pt-br\/politica-de-privacidade\/\"]}]},{\"@type\":\"BreadcrumbList\",\"@id\":\"https:\/\/wonderful-nash.137-74-81-169.plesk.page\/pt-br\/politica-de-privacidade\/#breadcrumb\",\"itemListElement\":[{\"@type\":\"ListItem\",\"position\":1,\"name\":\"Portada\",\"item\":\"https:\/\/wonderful-nash.137-74-81-169.plesk.page\/pt-br\/\"},{\"@type\":\"ListItem\",\"position\":2,\"name\":\"POL\u00cdTICA DE PRIVACIDADE\"}]},{\"@type\":\"WebSite\",\"@id\":\"https:\/\/wonderful-nash.137-74-81-169.plesk.page\/pt-br\/#website\",\"url\":\"https:\/\/wonderful-nash.137-74-81-169.plesk.page\/pt-br\/\",\"name\":\"Nauterra\",\"description\":\"Somos una compa\u00f1\u00eda global de alimentaci\u00f3n que tiene como prop\u00f3sito acercar a las personas una alimentaci\u00f3n saludable conservando lo mejor de la naturaleza.\",\"publisher\":{\"@id\":\"https:\/\/wonderful-nash.137-74-81-169.plesk.page\/pt-br\/#organization\"},\"potentialAction\":[{\"@type\":\"SearchAction\",\"target\":{\"@type\":\"EntryPoint\",\"urlTemplate\":\"https:\/\/wonderful-nash.137-74-81-169.plesk.page\/pt-br\/?s={search_term_string}\"},\"query-input\":{\"@type\":\"PropertyValueSpecification\",\"valueRequired\":true,\"valueName\":\"search_term_string\"}}],\"inLanguage\":\"pt-BR\"},{\"@type\":\"Organization\",\"@id\":\"https:\/\/wonderful-nash.137-74-81-169.plesk.page\/pt-br\/#organization\",\"name\":\"Nauterra\",\"url\":\"https:\/\/wonderful-nash.137-74-81-169.plesk.page\/pt-br\/\",\"logo\":{\"@type\":\"ImageObject\",\"inLanguage\":\"pt-BR\",\"@id\":\"https:\/\/wonderful-nash.137-74-81-169.plesk.page\/pt-br\/#\/schema\/logo\/image\/\",\"url\":\"https:\/\/wonderful-nash.137-74-81-169.plesk.page\/wp-content\/uploads\/2023\/10\/nauterra.png\",\"contentUrl\":\"https:\/\/wonderful-nash.137-74-81-169.plesk.page\/wp-content\/uploads\/2023\/10\/nauterra.png\",\"width\":1150,\"height\":406,\"caption\":\"Nauterra\"},\"image\":{\"@id\":\"https:\/\/wonderful-nash.137-74-81-169.plesk.page\/pt-br\/#\/schema\/logo\/image\/\"},\"sameAs\":[\"https:\/\/x.com\/NauterraEspana\",\"https:\/\/www.linkedin.com\/company\/nauterra-espana\/posts\/?feedView=all&viewAsMember=true\"]}]}<\/script>\n<!-- \/ Yoast SEO plugin. -->","yoast_head_json":{"title":"POL\u00cdTICA DE PRIVACIDADE - NAUTERRA","description":"POL\u00cdTICA DE PRIVACIDADE","robots":{"index":"noindex","follow":"follow","max-snippet":"max-snippet:-1","max-image-preview":"max-image-preview:large","max-video-preview":"max-video-preview:-1"},"og_locale":"pt_BR","og_type":"article","og_title":"POL\u00cdTICA DE PRIVACIDADE - NAUTERRA","og_description":"POL\u00cdTICA DE PRIVACIDADE","og_url":"https:\/\/wonderful-nash.137-74-81-169.plesk.page\/pt-br\/politica-de-privacidade\/","og_site_name":"NAUTERRA","article_modified_time":"2025-01-13T11:31:38+00:00","twitter_card":"summary_large_image","twitter_site":"@NauterraEspana","twitter_misc":{"Est. tempo de leitura":"5 minutos"},"schema":{"@context":"https:\/\/schema.org","@graph":[{"@type":"WebPage","@id":"https:\/\/wonderful-nash.137-74-81-169.plesk.page\/pt-br\/politica-de-privacidade\/","url":"https:\/\/wonderful-nash.137-74-81-169.plesk.page\/pt-br\/politica-de-privacidade\/","name":"POL\u00cdTICA DE PRIVACIDADE - NAUTERRA","isPartOf":{"@id":"https:\/\/wonderful-nash.137-74-81-169.plesk.page\/pt-br\/#website"},"datePublished":"2024-11-20T09:43:19+00:00","dateModified":"2025-01-13T11:31:38+00:00","description":"POL\u00cdTICA DE PRIVACIDADE","breadcrumb":{"@id":"https:\/\/wonderful-nash.137-74-81-169.plesk.page\/pt-br\/politica-de-privacidade\/#breadcrumb"},"inLanguage":"pt-BR","potentialAction":[{"@type":"ReadAction","target":["https:\/\/wonderful-nash.137-74-81-169.plesk.page\/pt-br\/politica-de-privacidade\/"]}]},{"@type":"BreadcrumbList","@id":"https:\/\/wonderful-nash.137-74-81-169.plesk.page\/pt-br\/politica-de-privacidade\/#breadcrumb","itemListElement":[{"@type":"ListItem","position":1,"name":"Portada","item":"https:\/\/wonderful-nash.137-74-81-169.plesk.page\/pt-br\/"},{"@type":"ListItem","position":2,"name":"POL\u00cdTICA DE PRIVACIDADE"}]},{"@type":"WebSite","@id":"https:\/\/wonderful-nash.137-74-81-169.plesk.page\/pt-br\/#website","url":"https:\/\/wonderful-nash.137-74-81-169.plesk.page\/pt-br\/","name":"Nauterra","description":"Somos una compa\u00f1\u00eda global de alimentaci\u00f3n que tiene como prop\u00f3sito acercar a las personas una alimentaci\u00f3n saludable conservando lo mejor de la naturaleza.","publisher":{"@id":"https:\/\/wonderful-nash.137-74-81-169.plesk.page\/pt-br\/#organization"},"potentialAction":[{"@type":"SearchAction","target":{"@type":"EntryPoint","urlTemplate":"https:\/\/wonderful-nash.137-74-81-169.plesk.page\/pt-br\/?s={search_term_string}"},"query-input":{"@type":"PropertyValueSpecification","valueRequired":true,"valueName":"search_term_string"}}],"inLanguage":"pt-BR"},{"@type":"Organization","@id":"https:\/\/wonderful-nash.137-74-81-169.plesk.page\/pt-br\/#organization","name":"Nauterra","url":"https:\/\/wonderful-nash.137-74-81-169.plesk.page\/pt-br\/","logo":{"@type":"ImageObject","inLanguage":"pt-BR","@id":"https:\/\/wonderful-nash.137-74-81-169.plesk.page\/pt-br\/#\/schema\/logo\/image\/","url":"https:\/\/wonderful-nash.137-74-81-169.plesk.page\/wp-content\/uploads\/2023\/10\/nauterra.png","contentUrl":"https:\/\/wonderful-nash.137-74-81-169.plesk.page\/wp-content\/uploads\/2023\/10\/nauterra.png","width":1150,"height":406,"caption":"Nauterra"},"image":{"@id":"https:\/\/wonderful-nash.137-74-81-169.plesk.page\/pt-br\/#\/schema\/logo\/image\/"},"sameAs":["https:\/\/x.com\/NauterraEspana","https:\/\/www.linkedin.com\/company\/nauterra-espana\/posts\/?feedView=all&viewAsMember=true"]}]}},"_links":{"self":[{"href":"https:\/\/wonderful-nash.137-74-81-169.plesk.page\/pt-br\/wp-json\/wp\/v2\/pages\/26647","targetHints":{"allow":["GET"]}}],"collection":[{"href":"https:\/\/wonderful-nash.137-74-81-169.plesk.page\/pt-br\/wp-json\/wp\/v2\/pages"}],"about":[{"href":"https:\/\/wonderful-nash.137-74-81-169.plesk.page\/pt-br\/wp-json\/wp\/v2\/types\/page"}],"author":[{"embeddable":true,"href":"https:\/\/wonderful-nash.137-74-81-169.plesk.page\/pt-br\/wp-json\/wp\/v2\/users\/1"}],"replies":[{"embeddable":true,"href":"https:\/\/wonderful-nash.137-74-81-169.plesk.page\/pt-br\/wp-json\/wp\/v2\/comments?post=26647"}],"version-history":[{"count":8,"href":"https:\/\/wonderful-nash.137-74-81-169.plesk.page\/pt-br\/wp-json\/wp\/v2\/pages\/26647\/revisions"}],"predecessor-version":[{"id":27679,"href":"https:\/\/wonderful-nash.137-74-81-169.plesk.page\/pt-br\/wp-json\/wp\/v2\/pages\/26647\/revisions\/27679"}],"wp:attachment":[{"href":"https:\/\/wonderful-nash.137-74-81-169.plesk.page\/pt-br\/wp-json\/wp\/v2\/media?parent=26647"}],"curies":[{"name":"wp","href":"https:\/\/api.w.org\/{rel}","templated":true}]}}