{"id":26649,"date":"2024-11-20T09:43:19","date_gmt":"2024-11-20T09:43:19","guid":{"rendered":"https:\/\/nauterra.com\/sala-de-imprensa\/"},"modified":"2024-11-29T14:57:10","modified_gmt":"2024-11-29T14:57:10","slug":"sala-de-imprensa","status":"publish","type":"page","link":"https:\/\/wonderful-nash.137-74-81-169.plesk.page\/pt-br\/sala-de-imprensa\/","title":{"rendered":"Sala de Imprensa"},"content":{"rendered":"\t\t<div data-elementor-type=\"wp-page\" data-elementor-id=\"26649\" class=\"elementor elementor-26649 elementor-20026\" data-elementor-post-type=\"page\">\n\t\t\t\t<div class=\"elementor-element elementor-element-ededcc1 e-con-full e-flex e-con e-parent\" data-id=\"ededcc1\" data-element_type=\"container\" data-settings=\"{&quot;background_background&quot;:&quot;classic&quot;}\">\n\t\t\t\t<\/div>\n\t\t<div class=\"elementor-element elementor-element-e07605a e-flex e-con-boxed e-con e-parent\" data-id=\"e07605a\" data-element_type=\"container\">\n\t\t\t\t\t<div class=\"e-con-inner\">\n\t\t<div class=\"elementor-element elementor-element-e65f9ac e-con-full e-flex e-con e-child\" data-id=\"e65f9ac\" data-element_type=\"container\">\n\t\t\t\t<div class=\"elementor-element elementor-element-a2e83ce elementor-widget elementor-widget-heading\" data-id=\"a2e83ce\" data-element_type=\"widget\" data-widget_type=\"heading.default\">\n\t\t\t\t<div class=\"elementor-widget-container\">\n\t\t\t\t\t<h1 class=\"elementor-heading-title elementor-size-default\">\u00daltimas not\u00edcias <\/h1>\t\t\t\t<\/div>\n\t\t\t\t<\/div>\n\t\t\t\t<\/div>\n\t\t<div class=\"elementor-element elementor-element-aad2361 e-con-full e-flex e-con e-child\" data-id=\"aad2361\" data-element_type=\"container\">\n\t\t\t\t<div class=\"elementor-element elementor-element-b2de1f7 elementor-grid-3 elementor-grid-tablet-2 elementor-grid-mobile-1 elementor-posts--thumbnail-top elementor-widget elementor-widget-posts\" data-id=\"b2de1f7\" data-element_type=\"widget\" data-settings=\"{&quot;classic_row_gap&quot;:{&quot;unit&quot;:&quot;px&quot;,&quot;size&quot;:72,&quot;sizes&quot;:[]},&quot;classic_columns&quot;:&quot;3&quot;,&quot;classic_columns_tablet&quot;:&quot;2&quot;,&quot;classic_columns_mobile&quot;:&quot;1&quot;,&quot;classic_row_gap_tablet&quot;:{&quot;unit&quot;:&quot;px&quot;,&quot;size&quot;:&quot;&quot;,&quot;sizes&quot;:[]},&quot;classic_row_gap_mobile&quot;:{&quot;unit&quot;:&quot;px&quot;,&quot;size&quot;:&quot;&quot;,&quot;sizes&quot;:[]}}\" data-widget_type=\"posts.classic\">\n\t\t\t\t<div class=\"elementor-widget-container\">\n\t\t\t\t\t\t\t<div class=\"elementor-posts-container elementor-posts elementor-posts--skin-classic elementor-grid\">\n\t\t\t\t<article class=\"elementor-post elementor-grid-item post-27724 post type-post status-publish format-standard hentry category-nao-categorizado\">\n\t\t\t\t<div class=\"elementor-post__text\">\n\t\t\t\t<h3 class=\"elementor-post__title\">\n\t\t\t<a href=\"https:\/\/wonderful-nash.137-74-81-169.plesk.page\/pt-br\/2024\/08\/24\/nauterra-reduz-o-impacto-ambiental-e-aumenta-eficiencia-ao-tornar-suas-embalagens-mais-sustentaveis\/\" >\n\t\t\t\tNauterra reduz o impacto ambiental e aumenta efici\u00eancia ao tornar suas embalagens mais sustent\u00e1veis\t\t\t<\/a>\n\t\t<\/h3>\n\t\t\t\t<div class=\"elementor-post__meta-data\">\n\t\t\t\t\t<span class=\"elementor-post-date\">\n\t\t\tagosto 24, 2024\t\t<\/span>\n\t\t\t\t<\/div>\n\t\t\t\t<\/div>\n\t\t\t\t<\/article>\n\t\t\t\t<article class=\"elementor-post elementor-grid-item post-26890 post type-post status-publish format-standard has-post-thumbnail hentry category-nao-categorizado\">\n\t\t\t\t<a class=\"elementor-post__thumbnail__link\" href=\"https:\/\/wonderful-nash.137-74-81-169.plesk.page\/pt-br\/2024\/05\/28\/nauterra-facturo-697-millones-de-euros-en-2023-un-3-mas-que-el-pasado-ano\/\" tabindex=\"-1\" >\n\t\t\t<div class=\"elementor-post__thumbnail\"><img fetchpriority=\"high\" decoding=\"async\" width=\"300\" height=\"169\" src=\"https:\/\/wonderful-nash.137-74-81-169.plesk.page\/wp-content\/uploads\/2024\/05\/Nauterra-Logo-300x169.jpg\" class=\"attachment-medium size-medium wp-image-26893\" alt=\"\" srcset=\"https:\/\/wonderful-nash.137-74-81-169.plesk.page\/wp-content\/uploads\/2024\/05\/Nauterra-Logo-300x169.jpg 300w, https:\/\/wonderful-nash.137-74-81-169.plesk.page\/wp-content\/uploads\/2024\/05\/Nauterra-Logo-768x432.jpg 768w, https:\/\/wonderful-nash.137-74-81-169.plesk.page\/wp-content\/uploads\/2024\/05\/Nauterra-Logo.jpg 1024w\" sizes=\"(max-width: 300px) 100vw, 300px\" \/><\/div>\n\t\t<\/a>\n\t\t\t\t<div class=\"elementor-post__text\">\n\t\t\t\t<h3 class=\"elementor-post__title\">\n\t\t\t<a href=\"https:\/\/wonderful-nash.137-74-81-169.plesk.page\/pt-br\/2024\/05\/28\/nauterra-facturo-697-millones-de-euros-en-2023-un-3-mas-que-el-pasado-ano\/\" >\n\t\t\t\tNauterra faturou 697 milh\u00f5es de euros em 2023, 3% a mais do que no ano anterior\t\t\t<\/a>\n\t\t<\/h3>\n\t\t\t\t<div class=\"elementor-post__meta-data\">\n\t\t\t\t\t<span class=\"elementor-post-date\">\n\t\t\tmaio 28, 2024\t\t<\/span>\n\t\t\t\t<\/div>\n\t\t\t\t<\/div>\n\t\t\t\t<\/article>\n\t\t\t\t<article class=\"elementor-post elementor-grid-item post-27048 post type-post status-publish format-standard has-post-thumbnail hentry category-nao-categorizado\">\n\t\t\t\t<a class=\"elementor-post__thumbnail__link\" href=\"https:\/\/wonderful-nash.137-74-81-169.plesk.page\/pt-br\/2023\/11\/14\/nauterra-substitui-grupo-calvo-como-marca-corporativa-apos-mais-de-80-anos-de-historia\/\" tabindex=\"-1\" >\n\t\t\t<div class=\"elementor-post__thumbnail\"><img decoding=\"async\" width=\"300\" height=\"169\" src=\"https:\/\/wonderful-nash.137-74-81-169.plesk.page\/wp-content\/uploads\/2023\/11\/Nauterra-sustituye-a-Grupo-Calvo-como-marca-corporativa-300x169.jpg\" class=\"attachment-medium size-medium wp-image-27050\" alt=\"\" srcset=\"https:\/\/wonderful-nash.137-74-81-169.plesk.page\/wp-content\/uploads\/2023\/11\/Nauterra-sustituye-a-Grupo-Calvo-como-marca-corporativa-300x169.jpg 300w, https:\/\/wonderful-nash.137-74-81-169.plesk.page\/wp-content\/uploads\/2023\/11\/Nauterra-sustituye-a-Grupo-Calvo-como-marca-corporativa-768x432.jpg 768w, https:\/\/wonderful-nash.137-74-81-169.plesk.page\/wp-content\/uploads\/2023\/11\/Nauterra-sustituye-a-Grupo-Calvo-como-marca-corporativa.jpg 1024w\" sizes=\"(max-width: 300px) 100vw, 300px\" \/><\/div>\n\t\t<\/a>\n\t\t\t\t<div class=\"elementor-post__text\">\n\t\t\t\t<h3 class=\"elementor-post__title\">\n\t\t\t<a href=\"https:\/\/wonderful-nash.137-74-81-169.plesk.page\/pt-br\/2023\/11\/14\/nauterra-substitui-grupo-calvo-como-marca-corporativa-apos-mais-de-80-anos-de-historia\/\" >\n\t\t\t\tNauterra substitui Grupo Calvo como marca corporativa ap\u00f3s mais de 80 anos de hist\u00f3ria\t\t\t<\/a>\n\t\t<\/h3>\n\t\t\t\t<div class=\"elementor-post__meta-data\">\n\t\t\t\t\t<span class=\"elementor-post-date\">\n\t\t\tnovembro 14, 2023\t\t<\/span>\n\t\t\t\t<\/div>\n\t\t\t\t<\/div>\n\t\t\t\t<\/article>\n\t\t\t\t<\/div>\n\t\t\n\t\t\t\t\t\t<\/div>\n\t\t\t\t<\/div>\n\t\t\t\t<\/div>\n\t\t\t\t\t<\/div>\n\t\t\t\t<\/div>\n\t\t<div class=\"elementor-element elementor-element-bad55fd e-flex e-con-boxed e-con e-parent\" data-id=\"bad55fd\" data-element_type=\"container\" data-settings=\"{&quot;background_background&quot;:&quot;classic&quot;}\">\n\t\t\t\t\t<div class=\"e-con-inner\">\n\t\t<div class=\"elementor-element elementor-element-369dc4b e-con-full e-flex e-con e-child\" data-id=\"369dc4b\" data-element_type=\"container\">\n\t\t\t\t<div class=\"elementor-element elementor-element-66d329d elementor-widget elementor-widget-heading\" data-id=\"66d329d\" data-element_type=\"widget\" data-widget_type=\"heading.default\">\n\t\t\t\t<div class=\"elementor-widget-container\">\n\t\t\t\t\t<h1 class=\"elementor-heading-title elementor-size-default\">Galeria<\/h1>\t\t\t\t<\/div>\n\t\t\t\t<\/div>\n\t\t\t\t<div class=\"elementor-element elementor-element-c78bd10 elementor-widget elementor-widget-heading\" data-id=\"c78bd10\" data-element_type=\"widget\" data-widget_type=\"heading.default\">\n\t\t\t\t<div class=\"elementor-widget-container\">\n\t\t\t\t\t<h1 class=\"elementor-heading-title elementor-size-default\">Logotipos das nossas marcas<\/h1>\t\t\t\t<\/div>\n\t\t\t\t<\/div>\n\t\t\t\t<\/div>\n\t\t<div class=\"elementor-element elementor-element-44fc762 e-con-full e-flex e-con e-child\" data-id=\"44fc762\" data-element_type=\"container\">\n\t\t\t\t<div class=\"elementor-element elementor-element-fc46fb8 elementor-position-top elementor-widget elementor-widget-image-box\" data-id=\"fc46fb8\" data-element_type=\"widget\" data-widget_type=\"image-box.default\">\n\t\t\t\t<div class=\"elementor-widget-container\">\n\t\t\t\t\t<div class=\"elementor-image-box-wrapper\"><figure class=\"elementor-image-box-img\"><a href=\"https:\/\/nauterra.com\/wp-content\/uploads\/2024\/01\/logo-marca-calvo-1.pdf\" tabindex=\"-1\"><img decoding=\"async\" width=\"377\" height=\"200\" src=\"https:\/\/wonderful-nash.137-74-81-169.plesk.page\/wp-content\/uploads\/2023\/11\/calvo-1.png\" class=\"elementor-animation-pulse attachment-full size-full wp-image-26661\" alt=\"\" srcset=\"https:\/\/wonderful-nash.137-74-81-169.plesk.page\/wp-content\/uploads\/2023\/11\/calvo-1.png 377w, https:\/\/wonderful-nash.137-74-81-169.plesk.page\/wp-content\/uploads\/2023\/11\/calvo-1-300x159.png 300w\" sizes=\"(max-width: 377px) 100vw, 377px\" \/><\/a><\/figure><div class=\"elementor-image-box-content\"><h3 class=\"elementor-image-box-title\"><a href=\"https:\/\/nauterra.com\/wp-content\/uploads\/2024\/01\/logo-marca-calvo-1.pdf\">Download<\/a><\/h3><\/div><\/div>\t\t\t\t<\/div>\n\t\t\t\t<\/div>\n\t\t\t\t<div class=\"elementor-element elementor-element-14f992c elementor-position-top elementor-widget elementor-widget-image-box\" data-id=\"14f992c\" data-element_type=\"widget\" data-widget_type=\"image-box.default\">\n\t\t\t\t<div class=\"elementor-widget-container\">\n\t\t\t\t\t<div class=\"elementor-image-box-wrapper\"><figure class=\"elementor-image-box-img\"><a href=\"https:\/\/nauterra.com\/wp-content\/uploads\/2024\/01\/LOGOTIPO_VERSAO_POSITIVA_MONO_FUNDO_CLARO_HORIZONTAL.pdf\" tabindex=\"-1\"><img loading=\"lazy\" decoding=\"async\" width=\"377\" height=\"200\" src=\"https:\/\/wonderful-nash.137-74-81-169.plesk.page\/wp-content\/uploads\/2023\/11\/gomes_costa-1-1.png\" class=\"elementor-animation-pulse attachment-full size-full wp-image-25652\" alt=\"\" srcset=\"https:\/\/wonderful-nash.137-74-81-169.plesk.page\/wp-content\/uploads\/2023\/11\/gomes_costa-1-1.png 377w, https:\/\/wonderful-nash.137-74-81-169.plesk.page\/wp-content\/uploads\/2023\/11\/gomes_costa-1-1-300x159.png 300w\" sizes=\"(max-width: 377px) 100vw, 377px\" \/><\/a><\/figure><div class=\"elementor-image-box-content\"><h3 class=\"elementor-image-box-title\"><a href=\"https:\/\/nauterra.com\/wp-content\/uploads\/2024\/01\/LOGOTIPO_VERSAO_POSITIVA_MONO_FUNDO_CLARO_HORIZONTAL.pdf\">Download<\/a><\/h3><\/div><\/div>\t\t\t\t<\/div>\n\t\t\t\t<\/div>\n\t\t\t\t<div class=\"elementor-element elementor-element-88141a7 elementor-position-top elementor-widget elementor-widget-image-box\" data-id=\"88141a7\" data-element_type=\"widget\" data-widget_type=\"image-box.default\">\n\t\t\t\t<div class=\"elementor-widget-container\">\n\t\t\t\t\t<div class=\"elementor-image-box-wrapper\"><figure class=\"elementor-image-box-img\"><a href=\"https:\/\/nauterra.com\/wp-content\/uploads\/2024\/01\/Logo-Nostromo-1.pdf\" tabindex=\"-1\"><img loading=\"lazy\" decoding=\"async\" width=\"377\" height=\"200\" src=\"https:\/\/wonderful-nash.137-74-81-169.plesk.page\/wp-content\/uploads\/2023\/11\/nostromo.png\" class=\"elementor-animation-pulse attachment-full size-full wp-image-26660\" alt=\"\" srcset=\"https:\/\/wonderful-nash.137-74-81-169.plesk.page\/wp-content\/uploads\/2023\/11\/nostromo.png 377w, https:\/\/wonderful-nash.137-74-81-169.plesk.page\/wp-content\/uploads\/2023\/11\/nostromo-300x159.png 300w\" sizes=\"(max-width: 377px) 100vw, 377px\" \/><\/a><\/figure><div class=\"elementor-image-box-content\"><h3 class=\"elementor-image-box-title\"><a href=\"https:\/\/nauterra.com\/wp-content\/uploads\/2024\/01\/Logo-Nostromo-1.pdf\">Download<\/a><\/h3><\/div><\/div>\t\t\t\t<\/div>\n\t\t\t\t<\/div>\n\t\t\t\t<\/div>\n\t\t\t\t\t<\/div>\n\t\t\t\t<\/div>\n\t\t<div class=\"elementor-element elementor-element-e279db8 e-con-full e-flex e-con e-parent\" data-id=\"e279db8\" data-element_type=\"container\" data-settings=\"{&quot;background_background&quot;:&quot;classic&quot;}\">\n\t\t<div class=\"elementor-element elementor-element-8428b04 e-con-full e-flex e-con e-child\" data-id=\"8428b04\" data-element_type=\"container\">\n\t\t\t\t<div class=\"elementor-element elementor-element-84e09bc elementor-widget elementor-widget-heading\" data-id=\"84e09bc\" data-element_type=\"widget\" data-widget_type=\"heading.default\">\n\t\t\t\t<div class=\"elementor-widget-container\">\n\t\t\t\t\t<h1 class=\"elementor-heading-title elementor-size-default\">Assessoria de imprensa<\/h1>\t\t\t\t<\/div>\n\t\t\t\t<\/div>\n\t\t\t\t<\/div>\n\t\t<div class=\"elementor-element elementor-element-1509dc2 e-con-full e-flex e-con e-child\" data-id=\"1509dc2\" data-element_type=\"container\">\n\t\t\t\t<div class=\"elementor-element elementor-element-fe253a1 elementor-widget elementor-widget-text-editor\" data-id=\"fe253a1\" data-element_type=\"widget\" data-widget_type=\"text-editor.default\">\n\t\t\t\t<div class=\"elementor-widget-container\">\n\t\t\t\t\t\t\t\t\t<p style=\"text-align: center;\">\u00a0<\/p><hr \/><p style=\"text-align: center;\"><span style=\"color: #2b1fab;\">Equipe JeffreyGroup<\/span><br \/><a href=\"mailto:nauterra@kreab.com\" target=\"_blank\" rel=\"noopener\">nauterra@jeffreygroup.com<\/a><br \/><br \/><\/p>\t\t\t\t\t\t\t\t<\/div>\n\t\t\t\t<\/div>\n\t\t\t\t<\/div>\n\t\t\t\t<\/div>\n\t\t\t\t<\/div>\n\t\t","protected":false},"excerpt":{"rendered":"<p>\u00daltimas not\u00edcias Galeria Logotipos das nossas marcas Download Download Download Assessoria de imprensa \u00a0 Equipe JeffreyGroupnauterra@jeffreygroup.com<\/p>\n","protected":false},"author":1,"featured_media":0,"parent":0,"menu_order":0,"comment_status":"closed","ping_status":"closed","template":"","meta":{"footnotes":""},"class_list":["post-26649","page","type-page","status-publish","hentry"],"yoast_head":"<!-- This site is optimized with the Yoast SEO plugin v24.6 - https:\/\/yoast.com\/wordpress\/plugins\/seo\/ -->\n<title>Sala de Imprensa NAUTERRA<\/title>\n<meta name=\"description\" content=\"Nesta p\u00e1gina da Sala de Imprensa, voc\u00ea encontrar\u00e1 todas as not\u00edcias mais recentes sobre a Nauterra e nossos produtos e servi\u00e7os.\" \/>\n<meta name=\"robots\" content=\"noindex, follow, max-snippet:-1, max-image-preview:large, max-video-preview:-1\" \/>\n<meta property=\"og:locale\" content=\"pt_BR\" \/>\n<meta property=\"og:type\" content=\"article\" \/>\n<meta property=\"og:title\" content=\"Sala de Imprensa NAUTERRA\" \/>\n<meta property=\"og:description\" content=\"Nesta p\u00e1gina da Sala de Imprensa, voc\u00ea encontrar\u00e1 todas as not\u00edcias mais recentes sobre a Nauterra e nossos produtos e servi\u00e7os.\" \/>\n<meta property=\"og:url\" content=\"https:\/\/wonderful-nash.137-74-81-169.plesk.page\/pt-br\/sala-de-imprensa\/\" \/>\n<meta property=\"og:site_name\" content=\"NAUTERRA\" \/>\n<meta property=\"article:modified_time\" content=\"2024-11-29T14:57:10+00:00\" \/>\n<meta property=\"og:image\" content=\"https:\/\/nauterra.com\/wp-content\/uploads\/2023\/11\/calvo-1.png\" \/>\n<meta name=\"twitter:card\" content=\"summary_large_image\" \/>\n<meta name=\"twitter:site\" content=\"@NauterraEspana\" \/>\n<meta name=\"twitter:label1\" content=\"Est. tempo de leitura\" \/>\n\t<meta name=\"twitter:data1\" content=\"3 minutos\" \/>\n<script type=\"application\/ld+json\" class=\"yoast-schema-graph\">{\"@context\":\"https:\/\/schema.org\",\"@graph\":[{\"@type\":\"WebPage\",\"@id\":\"https:\/\/wonderful-nash.137-74-81-169.plesk.page\/pt-br\/sala-de-imprensa\/\",\"url\":\"https:\/\/wonderful-nash.137-74-81-169.plesk.page\/pt-br\/sala-de-imprensa\/\",\"name\":\"Sala de Imprensa NAUTERRA\",\"isPartOf\":{\"@id\":\"https:\/\/wonderful-nash.137-74-81-169.plesk.page\/pt-br\/#website\"},\"primaryImageOfPage\":{\"@id\":\"https:\/\/wonderful-nash.137-74-81-169.plesk.page\/pt-br\/sala-de-imprensa\/#primaryimage\"},\"image\":{\"@id\":\"https:\/\/wonderful-nash.137-74-81-169.plesk.page\/pt-br\/sala-de-imprensa\/#primaryimage\"},\"thumbnailUrl\":\"https:\/\/nauterra.com\/wp-content\/uploads\/2023\/11\/calvo-1.png\",\"datePublished\":\"2024-11-20T09:43:19+00:00\",\"dateModified\":\"2024-11-29T14:57:10+00:00\",\"description\":\"Nesta p\u00e1gina da Sala de Imprensa, voc\u00ea encontrar\u00e1 todas as not\u00edcias mais recentes sobre a Nauterra e nossos produtos e servi\u00e7os.\",\"breadcrumb\":{\"@id\":\"https:\/\/wonderful-nash.137-74-81-169.plesk.page\/pt-br\/sala-de-imprensa\/#breadcrumb\"},\"inLanguage\":\"pt-BR\",\"potentialAction\":[{\"@type\":\"ReadAction\",\"target\":[\"https:\/\/wonderful-nash.137-74-81-169.plesk.page\/pt-br\/sala-de-imprensa\/\"]}]},{\"@type\":\"ImageObject\",\"inLanguage\":\"pt-BR\",\"@id\":\"https:\/\/wonderful-nash.137-74-81-169.plesk.page\/pt-br\/sala-de-imprensa\/#primaryimage\",\"url\":\"https:\/\/nauterra.com\/wp-content\/uploads\/2023\/11\/calvo-1.png\",\"contentUrl\":\"https:\/\/nauterra.com\/wp-content\/uploads\/2023\/11\/calvo-1.png\"},{\"@type\":\"BreadcrumbList\",\"@id\":\"https:\/\/wonderful-nash.137-74-81-169.plesk.page\/pt-br\/sala-de-imprensa\/#breadcrumb\",\"itemListElement\":[{\"@type\":\"ListItem\",\"position\":1,\"name\":\"Portada\",\"item\":\"https:\/\/wonderful-nash.137-74-81-169.plesk.page\/pt-br\/\"},{\"@type\":\"ListItem\",\"position\":2,\"name\":\"Sala de Imprensa\"}]},{\"@type\":\"WebSite\",\"@id\":\"https:\/\/wonderful-nash.137-74-81-169.plesk.page\/pt-br\/#website\",\"url\":\"https:\/\/wonderful-nash.137-74-81-169.plesk.page\/pt-br\/\",\"name\":\"Nauterra\",\"description\":\"Somos una compa\u00f1\u00eda global de alimentaci\u00f3n que tiene como prop\u00f3sito acercar a las personas una alimentaci\u00f3n saludable conservando lo mejor de la naturaleza.\",\"publisher\":{\"@id\":\"https:\/\/wonderful-nash.137-74-81-169.plesk.page\/pt-br\/#organization\"},\"potentialAction\":[{\"@type\":\"SearchAction\",\"target\":{\"@type\":\"EntryPoint\",\"urlTemplate\":\"https:\/\/wonderful-nash.137-74-81-169.plesk.page\/pt-br\/?s={search_term_string}\"},\"query-input\":{\"@type\":\"PropertyValueSpecification\",\"valueRequired\":true,\"valueName\":\"search_term_string\"}}],\"inLanguage\":\"pt-BR\"},{\"@type\":\"Organization\",\"@id\":\"https:\/\/wonderful-nash.137-74-81-169.plesk.page\/pt-br\/#organization\",\"name\":\"Nauterra\",\"url\":\"https:\/\/wonderful-nash.137-74-81-169.plesk.page\/pt-br\/\",\"logo\":{\"@type\":\"ImageObject\",\"inLanguage\":\"pt-BR\",\"@id\":\"https:\/\/wonderful-nash.137-74-81-169.plesk.page\/pt-br\/#\/schema\/logo\/image\/\",\"url\":\"https:\/\/wonderful-nash.137-74-81-169.plesk.page\/wp-content\/uploads\/2023\/10\/nauterra.png\",\"contentUrl\":\"https:\/\/wonderful-nash.137-74-81-169.plesk.page\/wp-content\/uploads\/2023\/10\/nauterra.png\",\"width\":1150,\"height\":406,\"caption\":\"Nauterra\"},\"image\":{\"@id\":\"https:\/\/wonderful-nash.137-74-81-169.plesk.page\/pt-br\/#\/schema\/logo\/image\/\"},\"sameAs\":[\"https:\/\/x.com\/NauterraEspana\",\"https:\/\/www.linkedin.com\/company\/nauterra-espana\/posts\/?feedView=all&viewAsMember=true\"]}]}<\/script>\n<!-- \/ Yoast SEO plugin. -->","yoast_head_json":{"title":"Sala de Imprensa NAUTERRA","description":"Nesta p\u00e1gina da Sala de Imprensa, voc\u00ea encontrar\u00e1 todas as not\u00edcias mais recentes sobre a Nauterra e nossos produtos e servi\u00e7os.","robots":{"index":"noindex","follow":"follow","max-snippet":"max-snippet:-1","max-image-preview":"max-image-preview:large","max-video-preview":"max-video-preview:-1"},"og_locale":"pt_BR","og_type":"article","og_title":"Sala de Imprensa NAUTERRA","og_description":"Nesta p\u00e1gina da Sala de Imprensa, voc\u00ea encontrar\u00e1 todas as not\u00edcias mais recentes sobre a Nauterra e nossos produtos e servi\u00e7os.","og_url":"https:\/\/wonderful-nash.137-74-81-169.plesk.page\/pt-br\/sala-de-imprensa\/","og_site_name":"NAUTERRA","article_modified_time":"2024-11-29T14:57:10+00:00","og_image":[{"url":"https:\/\/nauterra.com\/wp-content\/uploads\/2023\/11\/calvo-1.png","type":"","width":"","height":""}],"twitter_card":"summary_large_image","twitter_site":"@NauterraEspana","twitter_misc":{"Est. tempo de leitura":"3 minutos"},"schema":{"@context":"https:\/\/schema.org","@graph":[{"@type":"WebPage","@id":"https:\/\/wonderful-nash.137-74-81-169.plesk.page\/pt-br\/sala-de-imprensa\/","url":"https:\/\/wonderful-nash.137-74-81-169.plesk.page\/pt-br\/sala-de-imprensa\/","name":"Sala de Imprensa NAUTERRA","isPartOf":{"@id":"https:\/\/wonderful-nash.137-74-81-169.plesk.page\/pt-br\/#website"},"primaryImageOfPage":{"@id":"https:\/\/wonderful-nash.137-74-81-169.plesk.page\/pt-br\/sala-de-imprensa\/#primaryimage"},"image":{"@id":"https:\/\/wonderful-nash.137-74-81-169.plesk.page\/pt-br\/sala-de-imprensa\/#primaryimage"},"thumbnailUrl":"https:\/\/nauterra.com\/wp-content\/uploads\/2023\/11\/calvo-1.png","datePublished":"2024-11-20T09:43:19+00:00","dateModified":"2024-11-29T14:57:10+00:00","description":"Nesta p\u00e1gina da Sala de Imprensa, voc\u00ea encontrar\u00e1 todas as not\u00edcias mais recentes sobre a Nauterra e nossos produtos e servi\u00e7os.","breadcrumb":{"@id":"https:\/\/wonderful-nash.137-74-81-169.plesk.page\/pt-br\/sala-de-imprensa\/#breadcrumb"},"inLanguage":"pt-BR","potentialAction":[{"@type":"ReadAction","target":["https:\/\/wonderful-nash.137-74-81-169.plesk.page\/pt-br\/sala-de-imprensa\/"]}]},{"@type":"ImageObject","inLanguage":"pt-BR","@id":"https:\/\/wonderful-nash.137-74-81-169.plesk.page\/pt-br\/sala-de-imprensa\/#primaryimage","url":"https:\/\/nauterra.com\/wp-content\/uploads\/2023\/11\/calvo-1.png","contentUrl":"https:\/\/nauterra.com\/wp-content\/uploads\/2023\/11\/calvo-1.png"},{"@type":"BreadcrumbList","@id":"https:\/\/wonderful-nash.137-74-81-169.plesk.page\/pt-br\/sala-de-imprensa\/#breadcrumb","itemListElement":[{"@type":"ListItem","position":1,"name":"Portada","item":"https:\/\/wonderful-nash.137-74-81-169.plesk.page\/pt-br\/"},{"@type":"ListItem","position":2,"name":"Sala de Imprensa"}]},{"@type":"WebSite","@id":"https:\/\/wonderful-nash.137-74-81-169.plesk.page\/pt-br\/#website","url":"https:\/\/wonderful-nash.137-74-81-169.plesk.page\/pt-br\/","name":"Nauterra","description":"Somos una compa\u00f1\u00eda global de alimentaci\u00f3n que tiene como prop\u00f3sito acercar a las personas una alimentaci\u00f3n saludable conservando lo mejor de la naturaleza.","publisher":{"@id":"https:\/\/wonderful-nash.137-74-81-169.plesk.page\/pt-br\/#organization"},"potentialAction":[{"@type":"SearchAction","target":{"@type":"EntryPoint","urlTemplate":"https:\/\/wonderful-nash.137-74-81-169.plesk.page\/pt-br\/?s={search_term_string}"},"query-input":{"@type":"PropertyValueSpecification","valueRequired":true,"valueName":"search_term_string"}}],"inLanguage":"pt-BR"},{"@type":"Organization","@id":"https:\/\/wonderful-nash.137-74-81-169.plesk.page\/pt-br\/#organization","name":"Nauterra","url":"https:\/\/wonderful-nash.137-74-81-169.plesk.page\/pt-br\/","logo":{"@type":"ImageObject","inLanguage":"pt-BR","@id":"https:\/\/wonderful-nash.137-74-81-169.plesk.page\/pt-br\/#\/schema\/logo\/image\/","url":"https:\/\/wonderful-nash.137-74-81-169.plesk.page\/wp-content\/uploads\/2023\/10\/nauterra.png","contentUrl":"https:\/\/wonderful-nash.137-74-81-169.plesk.page\/wp-content\/uploads\/2023\/10\/nauterra.png","width":1150,"height":406,"caption":"Nauterra"},"image":{"@id":"https:\/\/wonderful-nash.137-74-81-169.plesk.page\/pt-br\/#\/schema\/logo\/image\/"},"sameAs":["https:\/\/x.com\/NauterraEspana","https:\/\/www.linkedin.com\/company\/nauterra-espana\/posts\/?feedView=all&viewAsMember=true"]}]}},"_links":{"self":[{"href":"https:\/\/wonderful-nash.137-74-81-169.plesk.page\/pt-br\/wp-json\/wp\/v2\/pages\/26649","targetHints":{"allow":["GET"]}}],"collection":[{"href":"https:\/\/wonderful-nash.137-74-81-169.plesk.page\/pt-br\/wp-json\/wp\/v2\/pages"}],"about":[{"href":"https:\/\/wonderful-nash.137-74-81-169.plesk.page\/pt-br\/wp-json\/wp\/v2\/types\/page"}],"author":[{"embeddable":true,"href":"https:\/\/wonderful-nash.137-74-81-169.plesk.page\/pt-br\/wp-json\/wp\/v2\/users\/1"}],"replies":[{"embeddable":true,"href":"https:\/\/wonderful-nash.137-74-81-169.plesk.page\/pt-br\/wp-json\/wp\/v2\/comments?post=26649"}],"version-history":[{"count":4,"href":"https:\/\/wonderful-nash.137-74-81-169.plesk.page\/pt-br\/wp-json\/wp\/v2\/pages\/26649\/revisions"}],"predecessor-version":[{"id":27430,"href":"https:\/\/wonderful-nash.137-74-81-169.plesk.page\/pt-br\/wp-json\/wp\/v2\/pages\/26649\/revisions\/27430"}],"wp:attachment":[{"href":"https:\/\/wonderful-nash.137-74-81-169.plesk.page\/pt-br\/wp-json\/wp\/v2\/media?parent=26649"}],"curies":[{"name":"wp","href":"https:\/\/api.w.org\/{rel}","templated":true}]}}