{"id":26721,"date":"2024-11-20T09:43:21","date_gmt":"2024-11-20T09:43:21","guid":{"rendered":"https:\/\/nauterra.com\/proposito-e-valores\/"},"modified":"2024-12-09T08:30:40","modified_gmt":"2024-12-09T08:30:40","slug":"proposito-e-valores","status":"publish","type":"page","link":"https:\/\/wonderful-nash.137-74-81-169.plesk.page\/pt-br\/proposito-e-valores\/","title":{"rendered":"PROP\u00d3SITO E VALORES"},"content":{"rendered":"\t\t<div data-elementor-type=\"wp-page\" data-elementor-id=\"26721\" class=\"elementor elementor-26721 elementor-20009\" data-elementor-post-type=\"page\">\n\t\t\t\t<div class=\"elementor-element elementor-element-8e8e05e e-con-full e-flex e-con e-parent\" data-id=\"8e8e05e\" data-element_type=\"container\" data-settings=\"{&quot;background_background&quot;:&quot;classic&quot;}\">\n\t\t\t\t<div class=\"elementor-element elementor-element-63069d5 elementor-widget elementor-widget-heading\" data-id=\"63069d5\" data-element_type=\"widget\" data-widget_type=\"heading.default\">\n\t\t\t\t<div class=\"elementor-widget-container\">\n\t\t\t\t\t<h1 class=\"elementor-heading-title elementor-size-default\">PROP\u00d3SITO E VALORES<\/h1>\t\t\t\t<\/div>\n\t\t\t\t<\/div>\n\t\t\t\t<\/div>\n\t\t<div class=\"elementor-element elementor-element-db3cf70 e-flex e-con-boxed e-con e-parent\" data-id=\"db3cf70\" data-element_type=\"container\">\n\t\t\t\t\t<div class=\"e-con-inner\">\n\t\t<div class=\"elementor-element elementor-element-d471c08 e-con-full e-flex e-con e-child\" data-id=\"d471c08\" data-element_type=\"container\">\n\t\t\t\t<div class=\"elementor-element elementor-element-8803d10 elementor-widget elementor-widget-heading\" data-id=\"8803d10\" data-element_type=\"widget\" data-widget_type=\"heading.default\">\n\t\t\t\t<div class=\"elementor-widget-container\">\n\t\t\t\t\t<h1 class=\"elementor-heading-title elementor-size-default\">Nosso prop\u00f3sito<\/h1>\t\t\t\t<\/div>\n\t\t\t\t<\/div>\n\t\t\t\t<\/div>\n\t\t<div class=\"elementor-element elementor-element-5128a0b e-con-full e-flex e-con e-child\" data-id=\"5128a0b\" data-element_type=\"container\">\n\t\t\t\t<div class=\"elementor-element elementor-element-6e6fa29 elementor-widget elementor-widget-text-editor\" data-id=\"6e6fa29\" data-element_type=\"widget\" data-widget_type=\"text-editor.default\">\n\t\t\t\t<div class=\"elementor-widget-container\">\n\t\t\t\t\t\t\t\t\t<p>Aproximar as pessoas de uma alimenta\u00e7\u00e3o saud\u00e1vel, conservando o melhor da natureza.<\/p>\n\t\t\t\t\t\t\t\t<\/div>\n\t\t\t\t<\/div>\n\t\t\t\t<\/div>\n\t\t\t\t\t<\/div>\n\t\t\t\t<\/div>\n\t\t<div class=\"elementor-element elementor-element-41b0b08 e-con-full e-flex e-con e-parent\" data-id=\"41b0b08\" data-element_type=\"container\" data-settings=\"{&quot;background_background&quot;:&quot;classic&quot;}\">\n\t\t\t\t<div class=\"elementor-element elementor-element-21b8c85 elementor-widget elementor-widget-heading\" data-id=\"21b8c85\" data-element_type=\"widget\" data-widget_type=\"heading.default\">\n\t\t\t\t<div class=\"elementor-widget-container\">\n\t\t\t\t\t<h2 class=\"elementor-heading-title elementor-size-default\">Nossos valores<\/h2>\t\t\t\t<\/div>\n\t\t\t\t<\/div>\n\t\t\t\t<\/div>\n\t\t<div class=\"elementor-element elementor-element-1daa177 e-con-full e-flex e-con e-parent\" data-id=\"1daa177\" data-element_type=\"container\">\n\t\t<div class=\"elementor-element elementor-element-db48186 e-con-full e-flex e-con e-child\" data-id=\"db48186\" data-element_type=\"container\">\n\t\t\t\t<div class=\"elementor-element elementor-element-d20cbf3 elementor-flip-box--effect-fade elementor-widget elementor-widget-flip-box\" data-id=\"d20cbf3\" data-element_type=\"widget\" data-widget_type=\"flip-box.default\">\n\t\t\t\t<div class=\"elementor-widget-container\">\n\t\t\t\t\t\t\t<div class=\"elementor-flip-box\" tabindex=\"0\">\n\t\t\t<div class=\"elementor-flip-box__layer elementor-flip-box__front\">\n\t\t\t\t<div class=\"elementor-flip-box__layer__overlay\">\n\t\t\t\t\t<div class=\"elementor-flip-box__layer__inner\">\n\t\t\t\t\t\t\n\t\t\t\t\t\t\t\t\t\t\t\t\t<h3 class=\"elementor-flip-box__layer__title\">\n\t\t\t\t\t\t\t\tCompromisso\t\t\t\t\t\t\t<\/h3>\n\t\t\t\t\t\t\n\t\t\t\t\t\t\t\t\t\t\t<\/div>\n\t\t\t\t<\/div>\n\t\t\t<\/div>\n\t\t\t<div class=\"elementor-flip-box__layer elementor-flip-box__back\">\n\t\t\t<div class=\"elementor-flip-box__layer__overlay\">\n\t\t\t\t<div class=\"elementor-flip-box__layer__inner\">\n\t\t\t\t\t\t\t\t\t\t\t<h3 class=\"elementor-flip-box__layer__title\">\n\t\t\t\t\t\t\tCompromisso\t\t\t\t\t\t<\/h3>\n\t\t\t\t\t\n\t\t\t\t\t\t\t\t\t\t\t<div class=\"elementor-flip-box__layer__description\">\n\t\t\t\t\t\t\tNos implicamos na supera\u00e7\u00e3o de nossos desafios, atuando com \u00e9tica e responsabilidade.\t\t\t\t\t\t<\/div>\n\t\t\t\t\t\n\t\t\t\t\t\t\t\t<\/div>\n\t\t<\/div>\n\t\t<\/div>\n\t\t<\/div>\n\t\t\t\t\t\t<\/div>\n\t\t\t\t<\/div>\n\t\t\t\t<\/div>\n\t\t<div class=\"elementor-element elementor-element-2f7d4dd e-con-full e-flex e-con e-child\" data-id=\"2f7d4dd\" data-element_type=\"container\">\n\t\t\t\t<div class=\"elementor-element elementor-element-4b547b3 elementor-flip-box--effect-fade elementor-widget elementor-widget-flip-box\" data-id=\"4b547b3\" data-element_type=\"widget\" data-widget_type=\"flip-box.default\">\n\t\t\t\t<div class=\"elementor-widget-container\">\n\t\t\t\t\t\t\t<div class=\"elementor-flip-box\" tabindex=\"0\">\n\t\t\t<div class=\"elementor-flip-box__layer elementor-flip-box__front\">\n\t\t\t\t<div class=\"elementor-flip-box__layer__overlay\">\n\t\t\t\t\t<div class=\"elementor-flip-box__layer__inner\">\n\t\t\t\t\t\t\n\t\t\t\t\t\t\t\t\t\t\t\t\t<h3 class=\"elementor-flip-box__layer__title\">\n\t\t\t\t\t\t\t\tInova\u00e7\u00e3o\t\t\t\t\t\t\t<\/h3>\n\t\t\t\t\t\t\n\t\t\t\t\t\t\t\t\t\t\t<\/div>\n\t\t\t\t<\/div>\n\t\t\t<\/div>\n\t\t\t<div class=\"elementor-flip-box__layer elementor-flip-box__back\">\n\t\t\t<div class=\"elementor-flip-box__layer__overlay\">\n\t\t\t\t<div class=\"elementor-flip-box__layer__inner\">\n\t\t\t\t\t\t\t\t\t\t\t<h3 class=\"elementor-flip-box__layer__title\">\n\t\t\t\t\t\t\tInova\u00e7\u00e3o\t\t\t\t\t\t<\/h3>\n\t\t\t\t\t\n\t\t\t\t\t\t\t\t\t\t\t<div class=\"elementor-flip-box__layer__description\">\n\t\t\t\t\t\t\tNos antecipamos aplicando novas ideias para superar expectativas.\t\t\t\t\t\t<\/div>\n\t\t\t\t\t\n\t\t\t\t\t\t\t\t<\/div>\n\t\t<\/div>\n\t\t<\/div>\n\t\t<\/div>\n\t\t\t\t\t\t<\/div>\n\t\t\t\t<\/div>\n\t\t\t\t<\/div>\n\t\t<div class=\"elementor-element elementor-element-aa21fab e-con-full e-flex e-con e-child\" data-id=\"aa21fab\" data-element_type=\"container\">\n\t\t\t\t<div class=\"elementor-element elementor-element-25e3ee3 elementor-flip-box--effect-fade elementor-widget elementor-widget-flip-box\" data-id=\"25e3ee3\" data-element_type=\"widget\" data-widget_type=\"flip-box.default\">\n\t\t\t\t<div class=\"elementor-widget-container\">\n\t\t\t\t\t\t\t<div class=\"elementor-flip-box\" tabindex=\"0\">\n\t\t\t<div class=\"elementor-flip-box__layer elementor-flip-box__front\">\n\t\t\t\t<div class=\"elementor-flip-box__layer__overlay\">\n\t\t\t\t\t<div class=\"elementor-flip-box__layer__inner\">\n\t\t\t\t\t\t\n\t\t\t\t\t\t\t\t\t\t\t\t\t<h3 class=\"elementor-flip-box__layer__title\">\n\t\t\t\t\t\t\t\tQualidade\t\t\t\t\t\t\t<\/h3>\n\t\t\t\t\t\t\n\t\t\t\t\t\t\t\t\t\t\t<\/div>\n\t\t\t\t<\/div>\n\t\t\t<\/div>\n\t\t\t<div class=\"elementor-flip-box__layer elementor-flip-box__back\">\n\t\t\t<div class=\"elementor-flip-box__layer__overlay\">\n\t\t\t\t<div class=\"elementor-flip-box__layer__inner\">\n\t\t\t\t\t\t\t\t\t\t\t<h3 class=\"elementor-flip-box__layer__title\">\n\t\t\t\t\t\t\tQualidade\t\t\t\t\t\t<\/h3>\n\t\t\t\t\t\n\t\t\t\t\t\t\t\t\t\t\t<div class=\"elementor-flip-box__layer__description\">\n\t\t\t\t\t\t\tInspiramos confian\u00e7a alcan\u00e7ando a excel\u00eancia em tudo o que fazemos.\t\t\t\t\t\t<\/div>\n\t\t\t\t\t\n\t\t\t\t\t\t\t\t<\/div>\n\t\t<\/div>\n\t\t<\/div>\n\t\t<\/div>\n\t\t\t\t\t\t<\/div>\n\t\t\t\t<\/div>\n\t\t\t\t<\/div>\n\t\t<div class=\"elementor-element elementor-element-70a53bf e-con-full e-flex e-con e-child\" data-id=\"70a53bf\" data-element_type=\"container\">\n\t\t\t\t<div class=\"elementor-element elementor-element-5fc9b42 elementor-flip-box--effect-fade elementor-widget elementor-widget-flip-box\" data-id=\"5fc9b42\" data-element_type=\"widget\" data-widget_type=\"flip-box.default\">\n\t\t\t\t<div class=\"elementor-widget-container\">\n\t\t\t\t\t\t\t<div class=\"elementor-flip-box\" tabindex=\"0\">\n\t\t\t<div class=\"elementor-flip-box__layer elementor-flip-box__front\">\n\t\t\t\t<div class=\"elementor-flip-box__layer__overlay\">\n\t\t\t\t\t<div class=\"elementor-flip-box__layer__inner\">\n\t\t\t\t\t\t\n\t\t\t\t\t\t\t\t\t\t\t\t\t<h3 class=\"elementor-flip-box__layer__title\">\n\t\t\t\t\t\t\t\tPessoas\t\t\t\t\t\t\t<\/h3>\n\t\t\t\t\t\t\n\t\t\t\t\t\t\t\t\t\t\t<\/div>\n\t\t\t\t<\/div>\n\t\t\t<\/div>\n\t\t\t<div class=\"elementor-flip-box__layer elementor-flip-box__back\">\n\t\t\t<div class=\"elementor-flip-box__layer__overlay\">\n\t\t\t\t<div class=\"elementor-flip-box__layer__inner\">\n\t\t\t\t\t\t\t\t\t\t\t<h3 class=\"elementor-flip-box__layer__title\">\n\t\t\t\t\t\t\tPessoas\t\t\t\t\t\t<\/h3>\n\t\t\t\t\t\n\t\t\t\t\t\t\t\t\t\t\t<div class=\"elementor-flip-box__layer__description\">\n\t\t\t\t\t\t\tGeramos valor atrav\u00e9s do trabalho em equipe e o desenvolvimento das pessoas.\t\t\t\t\t\t<\/div>\n\t\t\t\t\t\n\t\t\t\t\t\t\t\t<\/div>\n\t\t<\/div>\n\t\t<\/div>\n\t\t<\/div>\n\t\t\t\t\t\t<\/div>\n\t\t\t\t<\/div>\n\t\t\t\t<\/div>\n\t\t\t\t<\/div>\n\t\t\t\t<\/div>\n\t\t","protected":false},"excerpt":{"rendered":"<p>PROP\u00d3SITO E VALORES Nosso prop\u00f3sito Aproximar as pessoas de uma alimenta\u00e7\u00e3o saud\u00e1vel, conservando o melhor da natureza. Nossos valores Compromisso Compromisso Nos implicamos na supera\u00e7\u00e3o de nossos desafios, atuando com \u00e9tica e responsabilidade. Inova\u00e7\u00e3o Inova\u00e7\u00e3o Nos antecipamos aplicando novas ideias para superar expectativas. Qualidade Qualidade Inspiramos confian\u00e7a alcan\u00e7ando a excel\u00eancia em tudo o que fazemos. [&hellip;]<\/p>\n","protected":false},"author":1,"featured_media":0,"parent":0,"menu_order":2,"comment_status":"closed","ping_status":"closed","template":"","meta":{"footnotes":""},"class_list":["post-26721","page","type-page","status-publish","hentry"],"yoast_head":"<!-- This site is optimized with the Yoast SEO plugin v24.6 - https:\/\/yoast.com\/wordpress\/plugins\/seo\/ -->\n<title>PROP\u00d3SITO E VALORES - NAUTERRA<\/title>\n<meta name=\"description\" content=\"As pessoas, o compromisso, a qualidade e a inova\u00e7\u00e3o foram, s\u00e3o e continuar\u00e3o sendo a for\u00e7a motriz da organiza\u00e7\u00e3o, independentemente da dire\u00e7\u00e3o profissional e de mercado que seguirmos em um determinado momento.\" \/>\n<meta name=\"robots\" content=\"noindex, follow, max-snippet:-1, max-image-preview:large, max-video-preview:-1\" \/>\n<meta property=\"og:locale\" content=\"pt_BR\" \/>\n<meta property=\"og:type\" content=\"article\" \/>\n<meta property=\"og:title\" content=\"PROP\u00d3SITO E VALORES - NAUTERRA\" \/>\n<meta property=\"og:description\" content=\"As pessoas, o compromisso, a qualidade e a inova\u00e7\u00e3o foram, s\u00e3o e continuar\u00e3o sendo a for\u00e7a motriz da organiza\u00e7\u00e3o, independentemente da dire\u00e7\u00e3o profissional e de mercado que seguirmos em um determinado momento.\" \/>\n<meta property=\"og:url\" content=\"https:\/\/wonderful-nash.137-74-81-169.plesk.page\/pt-br\/proposito-e-valores\/\" \/>\n<meta property=\"og:site_name\" content=\"NAUTERRA\" \/>\n<meta property=\"article:modified_time\" content=\"2024-12-09T08:30:40+00:00\" \/>\n<meta name=\"twitter:card\" content=\"summary_large_image\" \/>\n<meta name=\"twitter:site\" content=\"@NauterraEspana\" \/>\n<meta name=\"twitter:label1\" content=\"Est. tempo de leitura\" \/>\n\t<meta name=\"twitter:data1\" content=\"1 minuto\" \/>\n<script type=\"application\/ld+json\" class=\"yoast-schema-graph\">{\"@context\":\"https:\/\/schema.org\",\"@graph\":[{\"@type\":\"WebPage\",\"@id\":\"https:\/\/wonderful-nash.137-74-81-169.plesk.page\/pt-br\/proposito-e-valores\/\",\"url\":\"https:\/\/wonderful-nash.137-74-81-169.plesk.page\/pt-br\/proposito-e-valores\/\",\"name\":\"PROP\u00d3SITO E VALORES - NAUTERRA\",\"isPartOf\":{\"@id\":\"https:\/\/wonderful-nash.137-74-81-169.plesk.page\/pt-br\/#website\"},\"datePublished\":\"2024-11-20T09:43:21+00:00\",\"dateModified\":\"2024-12-09T08:30:40+00:00\",\"description\":\"As pessoas, o compromisso, a qualidade e a inova\u00e7\u00e3o foram, s\u00e3o e continuar\u00e3o sendo a for\u00e7a motriz da organiza\u00e7\u00e3o, independentemente da dire\u00e7\u00e3o profissional e de mercado que seguirmos em um determinado momento.\",\"breadcrumb\":{\"@id\":\"https:\/\/wonderful-nash.137-74-81-169.plesk.page\/pt-br\/proposito-e-valores\/#breadcrumb\"},\"inLanguage\":\"pt-BR\",\"potentialAction\":[{\"@type\":\"ReadAction\",\"target\":[\"https:\/\/wonderful-nash.137-74-81-169.plesk.page\/pt-br\/proposito-e-valores\/\"]}]},{\"@type\":\"BreadcrumbList\",\"@id\":\"https:\/\/wonderful-nash.137-74-81-169.plesk.page\/pt-br\/proposito-e-valores\/#breadcrumb\",\"itemListElement\":[{\"@type\":\"ListItem\",\"position\":1,\"name\":\"Portada\",\"item\":\"https:\/\/wonderful-nash.137-74-81-169.plesk.page\/pt-br\/\"},{\"@type\":\"ListItem\",\"position\":2,\"name\":\"PROP\u00d3SITO E VALORES\"}]},{\"@type\":\"WebSite\",\"@id\":\"https:\/\/wonderful-nash.137-74-81-169.plesk.page\/pt-br\/#website\",\"url\":\"https:\/\/wonderful-nash.137-74-81-169.plesk.page\/pt-br\/\",\"name\":\"Nauterra\",\"description\":\"Somos una compa\u00f1\u00eda global de alimentaci\u00f3n que tiene como prop\u00f3sito acercar a las personas una alimentaci\u00f3n saludable conservando lo mejor de la naturaleza.\",\"publisher\":{\"@id\":\"https:\/\/wonderful-nash.137-74-81-169.plesk.page\/pt-br\/#organization\"},\"potentialAction\":[{\"@type\":\"SearchAction\",\"target\":{\"@type\":\"EntryPoint\",\"urlTemplate\":\"https:\/\/wonderful-nash.137-74-81-169.plesk.page\/pt-br\/?s={search_term_string}\"},\"query-input\":{\"@type\":\"PropertyValueSpecification\",\"valueRequired\":true,\"valueName\":\"search_term_string\"}}],\"inLanguage\":\"pt-BR\"},{\"@type\":\"Organization\",\"@id\":\"https:\/\/wonderful-nash.137-74-81-169.plesk.page\/pt-br\/#organization\",\"name\":\"Nauterra\",\"url\":\"https:\/\/wonderful-nash.137-74-81-169.plesk.page\/pt-br\/\",\"logo\":{\"@type\":\"ImageObject\",\"inLanguage\":\"pt-BR\",\"@id\":\"https:\/\/wonderful-nash.137-74-81-169.plesk.page\/pt-br\/#\/schema\/logo\/image\/\",\"url\":\"https:\/\/wonderful-nash.137-74-81-169.plesk.page\/wp-content\/uploads\/2023\/10\/nauterra.png\",\"contentUrl\":\"https:\/\/wonderful-nash.137-74-81-169.plesk.page\/wp-content\/uploads\/2023\/10\/nauterra.png\",\"width\":1150,\"height\":406,\"caption\":\"Nauterra\"},\"image\":{\"@id\":\"https:\/\/wonderful-nash.137-74-81-169.plesk.page\/pt-br\/#\/schema\/logo\/image\/\"},\"sameAs\":[\"https:\/\/x.com\/NauterraEspana\",\"https:\/\/www.linkedin.com\/company\/nauterra-espana\/posts\/?feedView=all&viewAsMember=true\"]}]}<\/script>\n<!-- \/ Yoast SEO plugin. -->","yoast_head_json":{"title":"PROP\u00d3SITO E VALORES - NAUTERRA","description":"As pessoas, o compromisso, a qualidade e a inova\u00e7\u00e3o foram, s\u00e3o e continuar\u00e3o sendo a for\u00e7a motriz da organiza\u00e7\u00e3o, independentemente da dire\u00e7\u00e3o profissional e de mercado que seguirmos em um determinado momento.","robots":{"index":"noindex","follow":"follow","max-snippet":"max-snippet:-1","max-image-preview":"max-image-preview:large","max-video-preview":"max-video-preview:-1"},"og_locale":"pt_BR","og_type":"article","og_title":"PROP\u00d3SITO E VALORES - NAUTERRA","og_description":"As pessoas, o compromisso, a qualidade e a inova\u00e7\u00e3o foram, s\u00e3o e continuar\u00e3o sendo a for\u00e7a motriz da organiza\u00e7\u00e3o, independentemente da dire\u00e7\u00e3o profissional e de mercado que seguirmos em um determinado momento.","og_url":"https:\/\/wonderful-nash.137-74-81-169.plesk.page\/pt-br\/proposito-e-valores\/","og_site_name":"NAUTERRA","article_modified_time":"2024-12-09T08:30:40+00:00","twitter_card":"summary_large_image","twitter_site":"@NauterraEspana","twitter_misc":{"Est. tempo de leitura":"1 minuto"},"schema":{"@context":"https:\/\/schema.org","@graph":[{"@type":"WebPage","@id":"https:\/\/wonderful-nash.137-74-81-169.plesk.page\/pt-br\/proposito-e-valores\/","url":"https:\/\/wonderful-nash.137-74-81-169.plesk.page\/pt-br\/proposito-e-valores\/","name":"PROP\u00d3SITO E VALORES - NAUTERRA","isPartOf":{"@id":"https:\/\/wonderful-nash.137-74-81-169.plesk.page\/pt-br\/#website"},"datePublished":"2024-11-20T09:43:21+00:00","dateModified":"2024-12-09T08:30:40+00:00","description":"As pessoas, o compromisso, a qualidade e a inova\u00e7\u00e3o foram, s\u00e3o e continuar\u00e3o sendo a for\u00e7a motriz da organiza\u00e7\u00e3o, independentemente da dire\u00e7\u00e3o profissional e de mercado que seguirmos em um determinado momento.","breadcrumb":{"@id":"https:\/\/wonderful-nash.137-74-81-169.plesk.page\/pt-br\/proposito-e-valores\/#breadcrumb"},"inLanguage":"pt-BR","potentialAction":[{"@type":"ReadAction","target":["https:\/\/wonderful-nash.137-74-81-169.plesk.page\/pt-br\/proposito-e-valores\/"]}]},{"@type":"BreadcrumbList","@id":"https:\/\/wonderful-nash.137-74-81-169.plesk.page\/pt-br\/proposito-e-valores\/#breadcrumb","itemListElement":[{"@type":"ListItem","position":1,"name":"Portada","item":"https:\/\/wonderful-nash.137-74-81-169.plesk.page\/pt-br\/"},{"@type":"ListItem","position":2,"name":"PROP\u00d3SITO E VALORES"}]},{"@type":"WebSite","@id":"https:\/\/wonderful-nash.137-74-81-169.plesk.page\/pt-br\/#website","url":"https:\/\/wonderful-nash.137-74-81-169.plesk.page\/pt-br\/","name":"Nauterra","description":"Somos una compa\u00f1\u00eda global de alimentaci\u00f3n que tiene como prop\u00f3sito acercar a las personas una alimentaci\u00f3n saludable conservando lo mejor de la naturaleza.","publisher":{"@id":"https:\/\/wonderful-nash.137-74-81-169.plesk.page\/pt-br\/#organization"},"potentialAction":[{"@type":"SearchAction","target":{"@type":"EntryPoint","urlTemplate":"https:\/\/wonderful-nash.137-74-81-169.plesk.page\/pt-br\/?s={search_term_string}"},"query-input":{"@type":"PropertyValueSpecification","valueRequired":true,"valueName":"search_term_string"}}],"inLanguage":"pt-BR"},{"@type":"Organization","@id":"https:\/\/wonderful-nash.137-74-81-169.plesk.page\/pt-br\/#organization","name":"Nauterra","url":"https:\/\/wonderful-nash.137-74-81-169.plesk.page\/pt-br\/","logo":{"@type":"ImageObject","inLanguage":"pt-BR","@id":"https:\/\/wonderful-nash.137-74-81-169.plesk.page\/pt-br\/#\/schema\/logo\/image\/","url":"https:\/\/wonderful-nash.137-74-81-169.plesk.page\/wp-content\/uploads\/2023\/10\/nauterra.png","contentUrl":"https:\/\/wonderful-nash.137-74-81-169.plesk.page\/wp-content\/uploads\/2023\/10\/nauterra.png","width":1150,"height":406,"caption":"Nauterra"},"image":{"@id":"https:\/\/wonderful-nash.137-74-81-169.plesk.page\/pt-br\/#\/schema\/logo\/image\/"},"sameAs":["https:\/\/x.com\/NauterraEspana","https:\/\/www.linkedin.com\/company\/nauterra-espana\/posts\/?feedView=all&viewAsMember=true"]}]}},"_links":{"self":[{"href":"https:\/\/wonderful-nash.137-74-81-169.plesk.page\/pt-br\/wp-json\/wp\/v2\/pages\/26721","targetHints":{"allow":["GET"]}}],"collection":[{"href":"https:\/\/wonderful-nash.137-74-81-169.plesk.page\/pt-br\/wp-json\/wp\/v2\/pages"}],"about":[{"href":"https:\/\/wonderful-nash.137-74-81-169.plesk.page\/pt-br\/wp-json\/wp\/v2\/types\/page"}],"author":[{"embeddable":true,"href":"https:\/\/wonderful-nash.137-74-81-169.plesk.page\/pt-br\/wp-json\/wp\/v2\/users\/1"}],"replies":[{"embeddable":true,"href":"https:\/\/wonderful-nash.137-74-81-169.plesk.page\/pt-br\/wp-json\/wp\/v2\/comments?post=26721"}],"version-history":[{"count":4,"href":"https:\/\/wonderful-nash.137-74-81-169.plesk.page\/pt-br\/wp-json\/wp\/v2\/pages\/26721\/revisions"}],"predecessor-version":[{"id":27440,"href":"https:\/\/wonderful-nash.137-74-81-169.plesk.page\/pt-br\/wp-json\/wp\/v2\/pages\/26721\/revisions\/27440"}],"wp:attachment":[{"href":"https:\/\/wonderful-nash.137-74-81-169.plesk.page\/pt-br\/wp-json\/wp\/v2\/media?parent=26721"}],"curies":[{"name":"wp","href":"https:\/\/api.w.org\/{rel}","templated":true}]}}