{"id":26831,"date":"2024-11-20T09:43:11","date_gmt":"2024-11-20T09:43:11","guid":{"rendered":"https:\/\/nauterra.com\/aviso-legal\/"},"modified":"2024-11-20T09:43:12","modified_gmt":"2024-11-20T09:43:12","slug":"aviso-legal","status":"publish","type":"page","link":"https:\/\/wonderful-nash.137-74-81-169.plesk.page\/pt-br\/aviso-legal\/","title":{"rendered":"Aviso Legal"},"content":{"rendered":"\t\t<div data-elementor-type=\"wp-page\" data-elementor-id=\"26831\" class=\"elementor elementor-26831 elementor-21954\" data-elementor-post-type=\"page\">\n\t\t\t\t<div class=\"elementor-element elementor-element-55a8db89 e-flex e-con-boxed e-con e-parent\" data-id=\"55a8db89\" data-element_type=\"container\">\n\t\t\t\t\t<div class=\"e-con-inner\">\n\t\t\t\t<div class=\"elementor-element elementor-element-03698f2 elementor-widget elementor-widget-heading\" data-id=\"03698f2\" data-element_type=\"widget\" data-widget_type=\"heading.default\">\n\t\t\t\t<div class=\"elementor-widget-container\">\n\t\t\t\t\t<h1 class=\"elementor-heading-title elementor-size-default\">Aviso legal<\/h1>\t\t\t\t<\/div>\n\t\t\t\t<\/div>\n\t\t\t\t<div class=\"elementor-element elementor-element-8d7e9eb elementor-widget elementor-widget-text-editor\" data-id=\"8d7e9eb\" data-element_type=\"widget\" data-widget_type=\"text-editor.default\">\n\t\t\t\t<div class=\"elementor-widget-container\">\n\t\t\t\t\t\t\t\t\t<p><strong>Identifica\u00e7\u00e3o e titularidade<\/strong><\/p>\n<p><a href=\"https:\/\/nauterra.com\/pt-br\/\">www.nauterra.com<\/a>, \u00e9 um website de titularidade de LUIS CALVO SANZ S.A., CIF: A-15017205, CARRETERA CORU\u00d1A \u2013 FINISTERRE KM. 34,5 \/ 15106 CARBALLO (LA CORU\u00d1A), Inscrito no Registro Mercantil de La Coru\u00f1a, Tomo 211, Libro 86, Secci\u00f3n 3\u00aa, Folio 17, Hoja 779 (1\u00aaInscripci\u00f3n) Email: <a href=\"mailto:dpo@nauterra.com\" target=\"_blank\" rel=\"noopener\">dpo@nauterra.com<\/a><\/p>\n<p>Atrav\u00e9s da presente se garante que <a href=\"https:\/\/nauterra.com\/pt-br\/\">www.nauterra.com<\/a> est\u00e1 de acordo com a lei 34\/2002, de 11 de julho, da Sociedad de la Informaci\u00f3n y Comercio Electr\u00f3nico.<\/p>\n<p><strong>Aceita\u00e7\u00e3o dos termos de uso<\/strong><\/p>\n<p>Ter\u00e1 condi\u00e7\u00e3o de usu\u00e1rio de <a href=\"https:\/\/nauterra.com\/pt-br\/\">www.nauterra.com<\/a> toda pessoa que acesse este website.<\/p>\n<p>A utiliza\u00e7\u00e3o do site <a href=\"https:\/\/nauterra.com\/pt-br\/\">www.nauterra.com<\/a> por parte do usu\u00e1rio pressup\u00f5e a aceita\u00e7\u00e3o plena das condi\u00e7\u00f5es gerais aqui especificadas, raz\u00e3o pela qual, caso o usu\u00e1rio n\u00e3o esteja de acordo com estas condi\u00e7\u00f5es, dever\u00e1 abster-se de utilizar este website.<\/p>\n<p>O usu\u00e1rio se compromete a n\u00e3o utilizar o portal<a href=\"https:\/\/nauterra.com\/pt-br\/\"> www.nauterra.com<\/a> ou seus servi\u00e7os e conte\u00fados de forma a contrariar o disposto na legisla\u00e7\u00e3o vigente que seja de sua aplica\u00e7\u00e3o. A empresa respons\u00e1vel se reserva o direito de retirar o acesso ao portal, sem necessidade de aviso pr\u00e9vio, de qualquer usu\u00e1rio que contraria este aviso legal. <\/p>\n<p>A empresa se reserva ao direito de modificar a qualquer momento as presentes condi\u00e7\u00f5es gerais de uso, assim como quaisquer outras condi\u00e7\u00f5es gerais ou particulares, regulamentos de uso ou avisos que resulta de aplica\u00e7\u00e3o. Dessa maneira, se reserva ao direito de modificar a qualquer momento a apresenta\u00e7\u00e3o, configura\u00e7\u00e3o e localiza\u00e7\u00e3o do website, assim como os conte\u00fados e as condi\u00e7\u00f5es requeridas para utiliz\u00e1-los. <\/p>\n<p>O usu\u00e1rio reconhece e aceita que o acesso e uso do website e os conte\u00fados inclu\u00eddos no mesmo, ocorram de forma livre e consciente sob sua exclusiva responsabilidade.<\/p>\n<p>O usu\u00e1rio se compromete a fazer o uso adequado e l\u00edcito do website e de seus conte\u00fados e aplica\u00e7\u00f5es, em conformidade com a legisla\u00e7\u00e3o aplic\u00e1vel, com estas condi\u00e7\u00f5es gerais, com a moral, com os bons costumes geralmente aceitos e com a ordem p\u00fablica.<\/p>\n<p>O usu\u00e1rio reconhece que o acesso a <a href=\"https:\/\/nauterra.com\/pt-br\/\">www.nauterra.com<\/a> \u00e9 totalmente gratuito, com exce\u00e7\u00e3o daqueles servi\u00e7os ou aplicativos que estejam descritos em suas condi\u00e7\u00f5es gerais e ser\u00e3o claramente identific\u00e1veis pelo usu\u00e1rio, ficando a seu crit\u00e9rio fazer uso deles ou n\u00e3o.<\/p>\n<p><strong>Cl\u00e1usula de isen\u00e7\u00e3o de responsabilidade (CERE)<\/strong><\/p>\n<p>Este website pode conter links para p\u00e1ginas externas sobre as quais LUIS CALVO SANZ, S.A. n\u00e3o se responsabiliza pela qualidade, confiabilidade, exatid\u00e3o e\/ou veracidade dos servi\u00e7os, informa\u00e7\u00f5es, elementos e\/ou conte\u00fados aos que remete ou recomenda, j\u00e1 que entende, salvo declara\u00e7\u00e3o contr\u00e1rio da autoridade competente, notifica\u00e7\u00e3o ou requerimento de terceiros, que LUIS CALVO SANZ, S.A. verifique ser l\u00edcita e que n\u00e3o lesiona bens ou direitos de terceiros suscet\u00edveis a indeniza\u00e7\u00e3o. Caso algum dos usu\u00e1rios da p\u00e1gina entenda que a informa\u00e7\u00e3o acessada pela mesma \u00e9 il\u00edcita ou prejudicial para seus bens e direitos, deve comunicar por e-mail para <a href=\"mailto:dpo@nauterra.com\" target=\"_blank\" rel=\"noopener\">dpo@nauterra.com<\/a>, para que o mesmo suprima ou inutilize o link correspondente. <\/p>\n<p>Dessa maneira, n\u00e3o \u00e9 garantido o acesso cont\u00ednuo, tampouco a correta visualiza\u00e7\u00e3o, o download ou utilidade dos elementos em informa\u00e7\u00e3o contidos no site, que possam ser impedidos, dificultados ou interrompidos por fatores fora de seu controle.<\/p>\n<p>LUIS CALVO SANZ, S.A. n\u00e3o ser\u00e1 respons\u00e1vel pelas opini\u00f5es expressas por usu\u00e1rios da web, atrav\u00e9s de qualquer de seus aplicativos, tampouco pela licitude, confiabilidade, veracidade ou exatid\u00e3o das informa\u00e7\u00f5es prestadas atrav\u00e9s do portal por terceiros alheios ao portal.<\/p>\n<p>Os dados fornecidos por menores de idade, e em especial pelos menores de 14 anos, ser\u00e3o coletados, tratados e gerenciados conforme a legisla\u00e7\u00e3o vigente para estes temas.<\/p>\n<p>Sem preju\u00edzo do assinalado anteriormente, \u00e9 garantido que todos os servi\u00e7os prestados atrav\u00e9s do portal ser\u00e3o contratados atrav\u00e9s de seus leg\u00edtimos titulares, adquirindo produtos originais e respeitando a legalidade vigente e o ordenamento jur\u00eddico Espanhol.<\/p>\n<p><strong>Propriedade intelectual<\/strong><\/p>\n<p>O usu\u00e1rio reconhece e aceita que todos os direitos de propriedade intelectual e industrial sobre os conte\u00fados e quaisquer outros elementos inseridos no website pertencem a LUIS CALVO SANZ, S.A.<\/p>\n<p>LUIS CALVO SANZ, S.A. \u00e9 titular dos direitos que integram o design gr\u00e1fico de sua p\u00e1gina web, os menus, os bot\u00f5es de navega\u00e7\u00e3o, o c\u00f3digo HTML, os textos, as texturas, gr\u00e1ficos e qualquer outro conte\u00fado da p\u00e1gina web.<\/p>\n<p>O conte\u00fado de <a href=\"https:\/\/nauterra.com\/pt-br\/\">www.nauterra.com<\/a> n\u00e3o poder\u00e1 ser reproduzido nem ao todo nem em partes, transmitido ou registrado por nenhum sistema de recupera\u00e7\u00e3o de informa\u00e7\u00e3o, em nenhuma forma ou meio, a menos que conte com a autoriza\u00e7\u00e3o pr\u00e9via e por escrito do titular.<\/p>\n<p>Dessa maneira, fica proibida qualquer modalidade de explora\u00e7\u00e3o, incluindo todo tipo de reprodu\u00e7\u00e3o, distribui\u00e7\u00e3o, cess\u00e3o a terceiros, comunica\u00e7\u00e3o pr\u00e9via e transforma\u00e7\u00e3o atrav\u00e9s de qualquer tipo de suporte ou meio.<\/p>\n<p>O descumprimento destas proibi\u00e7\u00f5es autorizar\u00e1 LUIS CALVO SANZ, S.A. a tomar as medidas legais correspondentes.<\/p>\n\t\t\t\t\t\t\t\t<\/div>\n\t\t\t\t<\/div>\n\t\t\t\t\t<\/div>\n\t\t\t\t<\/div>\n\t\t\t\t<\/div>\n\t\t","protected":false},"excerpt":{"rendered":"<p>Aviso legal Identifica\u00e7\u00e3o e titularidade www.nauterra.com, \u00e9 um website de titularidade de LUIS CALVO SANZ S.A., CIF: A-15017205, CARRETERA CORU\u00d1A \u2013 FINISTERRE KM. 34,5 \/ 15106 CARBALLO (LA CORU\u00d1A), Inscrito no Registro Mercantil de La Coru\u00f1a, Tomo 211, Libro 86, Secci\u00f3n 3\u00aa, Folio 17, Hoja 779 (1\u00aaInscripci\u00f3n) Email: dpo@nauterra.com Atrav\u00e9s da presente se garante que [&hellip;]<\/p>\n","protected":false},"author":1,"featured_media":0,"parent":0,"menu_order":0,"comment_status":"closed","ping_status":"closed","template":"","meta":{"footnotes":""},"class_list":["post-26831","page","type-page","status-publish","hentry"],"yoast_head":"<!-- This site is optimized with the Yoast SEO plugin v24.6 - https:\/\/yoast.com\/wordpress\/plugins\/seo\/ -->\n<title>Aviso legal do site da NAUTERRA<\/title>\n<meta name=\"description\" content=\"Este aviso legal garante que o site est\u00e1 em conformidade com a Lei 34\/2002, de 11\/07, da Sociedade da Informa\u00e7\u00e3o e Com\u00e9rcio Eletr\u00f4nico.\" \/>\n<meta name=\"robots\" content=\"noindex, follow, max-snippet:-1, max-image-preview:large, max-video-preview:-1\" \/>\n<meta property=\"og:locale\" content=\"pt_BR\" \/>\n<meta property=\"og:type\" content=\"article\" \/>\n<meta property=\"og:title\" content=\"Aviso legal do site da NAUTERRA\" \/>\n<meta property=\"og:description\" content=\"Este aviso legal garante que o site est\u00e1 em conformidade com a Lei 34\/2002, de 11\/07, da Sociedade da Informa\u00e7\u00e3o e Com\u00e9rcio Eletr\u00f4nico.\" \/>\n<meta property=\"og:url\" content=\"https:\/\/wonderful-nash.137-74-81-169.plesk.page\/pt-br\/aviso-legal\/\" \/>\n<meta property=\"og:site_name\" content=\"NAUTERRA\" \/>\n<meta property=\"article:modified_time\" content=\"2024-11-20T09:43:12+00:00\" \/>\n<meta name=\"twitter:card\" content=\"summary_large_image\" \/>\n<meta name=\"twitter:site\" content=\"@NauterraEspana\" \/>\n<meta name=\"twitter:label1\" content=\"Est. tempo de leitura\" \/>\n\t<meta name=\"twitter:data1\" content=\"4 minutos\" \/>\n<script type=\"application\/ld+json\" class=\"yoast-schema-graph\">{\"@context\":\"https:\/\/schema.org\",\"@graph\":[{\"@type\":\"WebPage\",\"@id\":\"https:\/\/wonderful-nash.137-74-81-169.plesk.page\/pt-br\/aviso-legal\/\",\"url\":\"https:\/\/wonderful-nash.137-74-81-169.plesk.page\/pt-br\/aviso-legal\/\",\"name\":\"Aviso legal do site da NAUTERRA\",\"isPartOf\":{\"@id\":\"https:\/\/wonderful-nash.137-74-81-169.plesk.page\/pt-br\/#website\"},\"datePublished\":\"2024-11-20T09:43:11+00:00\",\"dateModified\":\"2024-11-20T09:43:12+00:00\",\"description\":\"Este aviso legal garante que o site est\u00e1 em conformidade com a Lei 34\/2002, de 11\/07, da Sociedade da Informa\u00e7\u00e3o e Com\u00e9rcio Eletr\u00f4nico.\",\"breadcrumb\":{\"@id\":\"https:\/\/wonderful-nash.137-74-81-169.plesk.page\/pt-br\/aviso-legal\/#breadcrumb\"},\"inLanguage\":\"pt-BR\",\"potentialAction\":[{\"@type\":\"ReadAction\",\"target\":[\"https:\/\/wonderful-nash.137-74-81-169.plesk.page\/pt-br\/aviso-legal\/\"]}]},{\"@type\":\"BreadcrumbList\",\"@id\":\"https:\/\/wonderful-nash.137-74-81-169.plesk.page\/pt-br\/aviso-legal\/#breadcrumb\",\"itemListElement\":[{\"@type\":\"ListItem\",\"position\":1,\"name\":\"Portada\",\"item\":\"https:\/\/wonderful-nash.137-74-81-169.plesk.page\/pt-br\/\"},{\"@type\":\"ListItem\",\"position\":2,\"name\":\"Aviso Legal\"}]},{\"@type\":\"WebSite\",\"@id\":\"https:\/\/wonderful-nash.137-74-81-169.plesk.page\/pt-br\/#website\",\"url\":\"https:\/\/wonderful-nash.137-74-81-169.plesk.page\/pt-br\/\",\"name\":\"Nauterra\",\"description\":\"Somos una compa\u00f1\u00eda global de alimentaci\u00f3n que tiene como prop\u00f3sito acercar a las personas una alimentaci\u00f3n saludable conservando lo mejor de la naturaleza.\",\"publisher\":{\"@id\":\"https:\/\/wonderful-nash.137-74-81-169.plesk.page\/pt-br\/#organization\"},\"potentialAction\":[{\"@type\":\"SearchAction\",\"target\":{\"@type\":\"EntryPoint\",\"urlTemplate\":\"https:\/\/wonderful-nash.137-74-81-169.plesk.page\/pt-br\/?s={search_term_string}\"},\"query-input\":{\"@type\":\"PropertyValueSpecification\",\"valueRequired\":true,\"valueName\":\"search_term_string\"}}],\"inLanguage\":\"pt-BR\"},{\"@type\":\"Organization\",\"@id\":\"https:\/\/wonderful-nash.137-74-81-169.plesk.page\/pt-br\/#organization\",\"name\":\"Nauterra\",\"url\":\"https:\/\/wonderful-nash.137-74-81-169.plesk.page\/pt-br\/\",\"logo\":{\"@type\":\"ImageObject\",\"inLanguage\":\"pt-BR\",\"@id\":\"https:\/\/wonderful-nash.137-74-81-169.plesk.page\/pt-br\/#\/schema\/logo\/image\/\",\"url\":\"https:\/\/wonderful-nash.137-74-81-169.plesk.page\/wp-content\/uploads\/2023\/10\/nauterra.png\",\"contentUrl\":\"https:\/\/wonderful-nash.137-74-81-169.plesk.page\/wp-content\/uploads\/2023\/10\/nauterra.png\",\"width\":1150,\"height\":406,\"caption\":\"Nauterra\"},\"image\":{\"@id\":\"https:\/\/wonderful-nash.137-74-81-169.plesk.page\/pt-br\/#\/schema\/logo\/image\/\"},\"sameAs\":[\"https:\/\/x.com\/NauterraEspana\",\"https:\/\/www.linkedin.com\/company\/nauterra-espana\/posts\/?feedView=all&viewAsMember=true\"]}]}<\/script>\n<!-- \/ Yoast SEO plugin. -->","yoast_head_json":{"title":"Aviso legal do site da NAUTERRA","description":"Este aviso legal garante que o site est\u00e1 em conformidade com a Lei 34\/2002, de 11\/07, da Sociedade da Informa\u00e7\u00e3o e Com\u00e9rcio Eletr\u00f4nico.","robots":{"index":"noindex","follow":"follow","max-snippet":"max-snippet:-1","max-image-preview":"max-image-preview:large","max-video-preview":"max-video-preview:-1"},"og_locale":"pt_BR","og_type":"article","og_title":"Aviso legal do site da NAUTERRA","og_description":"Este aviso legal garante que o site est\u00e1 em conformidade com a Lei 34\/2002, de 11\/07, da Sociedade da Informa\u00e7\u00e3o e Com\u00e9rcio Eletr\u00f4nico.","og_url":"https:\/\/wonderful-nash.137-74-81-169.plesk.page\/pt-br\/aviso-legal\/","og_site_name":"NAUTERRA","article_modified_time":"2024-11-20T09:43:12+00:00","twitter_card":"summary_large_image","twitter_site":"@NauterraEspana","twitter_misc":{"Est. tempo de leitura":"4 minutos"},"schema":{"@context":"https:\/\/schema.org","@graph":[{"@type":"WebPage","@id":"https:\/\/wonderful-nash.137-74-81-169.plesk.page\/pt-br\/aviso-legal\/","url":"https:\/\/wonderful-nash.137-74-81-169.plesk.page\/pt-br\/aviso-legal\/","name":"Aviso legal do site da NAUTERRA","isPartOf":{"@id":"https:\/\/wonderful-nash.137-74-81-169.plesk.page\/pt-br\/#website"},"datePublished":"2024-11-20T09:43:11+00:00","dateModified":"2024-11-20T09:43:12+00:00","description":"Este aviso legal garante que o site est\u00e1 em conformidade com a Lei 34\/2002, de 11\/07, da Sociedade da Informa\u00e7\u00e3o e Com\u00e9rcio Eletr\u00f4nico.","breadcrumb":{"@id":"https:\/\/wonderful-nash.137-74-81-169.plesk.page\/pt-br\/aviso-legal\/#breadcrumb"},"inLanguage":"pt-BR","potentialAction":[{"@type":"ReadAction","target":["https:\/\/wonderful-nash.137-74-81-169.plesk.page\/pt-br\/aviso-legal\/"]}]},{"@type":"BreadcrumbList","@id":"https:\/\/wonderful-nash.137-74-81-169.plesk.page\/pt-br\/aviso-legal\/#breadcrumb","itemListElement":[{"@type":"ListItem","position":1,"name":"Portada","item":"https:\/\/wonderful-nash.137-74-81-169.plesk.page\/pt-br\/"},{"@type":"ListItem","position":2,"name":"Aviso Legal"}]},{"@type":"WebSite","@id":"https:\/\/wonderful-nash.137-74-81-169.plesk.page\/pt-br\/#website","url":"https:\/\/wonderful-nash.137-74-81-169.plesk.page\/pt-br\/","name":"Nauterra","description":"Somos una compa\u00f1\u00eda global de alimentaci\u00f3n que tiene como prop\u00f3sito acercar a las personas una alimentaci\u00f3n saludable conservando lo mejor de la naturaleza.","publisher":{"@id":"https:\/\/wonderful-nash.137-74-81-169.plesk.page\/pt-br\/#organization"},"potentialAction":[{"@type":"SearchAction","target":{"@type":"EntryPoint","urlTemplate":"https:\/\/wonderful-nash.137-74-81-169.plesk.page\/pt-br\/?s={search_term_string}"},"query-input":{"@type":"PropertyValueSpecification","valueRequired":true,"valueName":"search_term_string"}}],"inLanguage":"pt-BR"},{"@type":"Organization","@id":"https:\/\/wonderful-nash.137-74-81-169.plesk.page\/pt-br\/#organization","name":"Nauterra","url":"https:\/\/wonderful-nash.137-74-81-169.plesk.page\/pt-br\/","logo":{"@type":"ImageObject","inLanguage":"pt-BR","@id":"https:\/\/wonderful-nash.137-74-81-169.plesk.page\/pt-br\/#\/schema\/logo\/image\/","url":"https:\/\/wonderful-nash.137-74-81-169.plesk.page\/wp-content\/uploads\/2023\/10\/nauterra.png","contentUrl":"https:\/\/wonderful-nash.137-74-81-169.plesk.page\/wp-content\/uploads\/2023\/10\/nauterra.png","width":1150,"height":406,"caption":"Nauterra"},"image":{"@id":"https:\/\/wonderful-nash.137-74-81-169.plesk.page\/pt-br\/#\/schema\/logo\/image\/"},"sameAs":["https:\/\/x.com\/NauterraEspana","https:\/\/www.linkedin.com\/company\/nauterra-espana\/posts\/?feedView=all&viewAsMember=true"]}]}},"_links":{"self":[{"href":"https:\/\/wonderful-nash.137-74-81-169.plesk.page\/pt-br\/wp-json\/wp\/v2\/pages\/26831","targetHints":{"allow":["GET"]}}],"collection":[{"href":"https:\/\/wonderful-nash.137-74-81-169.plesk.page\/pt-br\/wp-json\/wp\/v2\/pages"}],"about":[{"href":"https:\/\/wonderful-nash.137-74-81-169.plesk.page\/pt-br\/wp-json\/wp\/v2\/types\/page"}],"author":[{"embeddable":true,"href":"https:\/\/wonderful-nash.137-74-81-169.plesk.page\/pt-br\/wp-json\/wp\/v2\/users\/1"}],"replies":[{"embeddable":true,"href":"https:\/\/wonderful-nash.137-74-81-169.plesk.page\/pt-br\/wp-json\/wp\/v2\/comments?post=26831"}],"version-history":[{"count":1,"href":"https:\/\/wonderful-nash.137-74-81-169.plesk.page\/pt-br\/wp-json\/wp\/v2\/pages\/26831\/revisions"}],"predecessor-version":[{"id":26832,"href":"https:\/\/wonderful-nash.137-74-81-169.plesk.page\/pt-br\/wp-json\/wp\/v2\/pages\/26831\/revisions\/26832"}],"wp:attachment":[{"href":"https:\/\/wonderful-nash.137-74-81-169.plesk.page\/pt-br\/wp-json\/wp\/v2\/media?parent=26831"}],"curies":[{"name":"wp","href":"https:\/\/api.w.org\/{rel}","templated":true}]}}