{"id":27467,"date":"2024-11-20T09:43:14","date_gmt":"2024-11-20T09:43:14","guid":{"rendered":"https:\/\/nauterra.com\/conheca-nossas-marcas\/"},"modified":"2024-12-09T11:51:42","modified_gmt":"2024-12-09T11:51:42","slug":"conheca-nossas-marcas","status":"publish","type":"page","link":"https:\/\/wonderful-nash.137-74-81-169.plesk.page\/pt-br\/conheca-nossas-marcas\/","title":{"rendered":"Conhe\u00e7a nossas marcas"},"content":{"rendered":"\t\t<div data-elementor-type=\"wp-page\" data-elementor-id=\"27467\" class=\"elementor elementor-27467 elementor-20015\" data-elementor-post-type=\"page\">\n\t\t\t\t<div class=\"elementor-element elementor-element-95f10e7 e-con-full e-flex e-con e-parent\" data-id=\"95f10e7\" data-element_type=\"container\" data-settings=\"{&quot;background_background&quot;:&quot;slideshow&quot;,&quot;background_slideshow_gallery&quot;:[{&quot;id&quot;:25647,&quot;url&quot;:&quot;https:\\\/\\\/nauterra.com\\\/wp-content\\\/uploads\\\/2023\\\/11\\\/cabecera_calvo2.jpg&quot;},{&quot;id&quot;:25649,&quot;url&quot;:&quot;https:\\\/\\\/nauterra.com\\\/wp-content\\\/uploads\\\/2023\\\/11\\\/cabecera_calvo1.jpg&quot;}],&quot;background_slideshow_loop&quot;:&quot;yes&quot;,&quot;background_slideshow_slide_duration&quot;:5000,&quot;background_slideshow_slide_transition&quot;:&quot;fade&quot;,&quot;background_slideshow_transition_duration&quot;:500}\">\n\t\t\t\t<\/div>\n\t\t<div class=\"elementor-element elementor-element-5bfdae9 e-flex e-con-boxed e-con e-parent\" data-id=\"5bfdae9\" data-element_type=\"container\">\n\t\t\t\t\t<div class=\"e-con-inner\">\n\t\t<div class=\"elementor-element elementor-element-ae089ec e-con-full e-flex e-con e-child\" data-id=\"ae089ec\" data-element_type=\"container\">\n\t\t\t\t<div class=\"elementor-element elementor-element-5f4440e elementor-widget elementor-widget-heading\" data-id=\"5f4440e\" data-element_type=\"widget\" data-widget_type=\"heading.default\">\n\t\t\t\t<div class=\"elementor-widget-container\">\n\t\t\t\t\t<h1 class=\"elementor-heading-title elementor-size-default\">Nossas marcas<\/h1>\t\t\t\t<\/div>\n\t\t\t\t<\/div>\n\t\t\t\t<div class=\"elementor-element elementor-element-1d090b6 elementor-widget elementor-widget-text-editor\" data-id=\"1d090b6\" data-element_type=\"widget\" data-widget_type=\"text-editor.default\">\n\t\t\t\t<div class=\"elementor-widget-container\">\n\t\t\t\t\t\t\t\t\t<p>Nossos produtos s\u00e3o comercializados atrav\u00e9s de marcas l\u00edderes de alimenta\u00e7\u00e3o saud\u00e1vel, qualidade e inova\u00e7\u00e3o.<\/p>\n<p>O desenvolvimento e comercializa\u00e7\u00e3o de novos produtos responde \u00e0s necessidades dos consumidores e \u00e9 produzido tendo em considera\u00e7\u00e3o os atributos de sabor, praticidade, sa\u00fade e sustentabilidade.<\/p>\n\t\t\t\t\t\t\t\t<\/div>\n\t\t\t\t<\/div>\n\t\t\t\t<\/div>\n\t\t\t\t\t<\/div>\n\t\t\t\t<\/div>\n\t\t<div class=\"elementor-element elementor-element-9e0a405 e-flex e-con-boxed e-con e-parent\" data-id=\"9e0a405\" data-element_type=\"container\">\n\t\t\t\t\t<div class=\"e-con-inner\">\n\t\t<div class=\"elementor-element elementor-element-6466ac0 e-con-full e-flex e-con e-child\" data-id=\"6466ac0\" data-element_type=\"container\">\n\t\t\t\t<div class=\"elementor-element elementor-element-8932391 elementor-widget elementor-widget-image\" data-id=\"8932391\" data-element_type=\"widget\" data-widget_type=\"image.default\">\n\t\t\t\t<div class=\"elementor-widget-container\">\n\t\t\t\t\t\t\t\t\t\t\t\t\t\t\t<img fetchpriority=\"high\" decoding=\"async\" width=\"377\" height=\"200\" src=\"https:\/\/wonderful-nash.137-74-81-169.plesk.page\/wp-content\/uploads\/2023\/11\/calvo-1-1.png\" class=\"attachment-large size-large wp-image-25504\" alt=\"\" srcset=\"https:\/\/wonderful-nash.137-74-81-169.plesk.page\/wp-content\/uploads\/2023\/11\/calvo-1-1.png 377w, https:\/\/wonderful-nash.137-74-81-169.plesk.page\/wp-content\/uploads\/2023\/11\/calvo-1-1-300x159.png 300w\" sizes=\"(max-width: 377px) 100vw, 377px\" \/>\t\t\t\t\t\t\t\t\t\t\t\t\t\t\t<\/div>\n\t\t\t\t<\/div>\n\t\t\t\t<div class=\"elementor-element elementor-element-376b961 elementor-align-center elementor-widget elementor-widget-button\" data-id=\"376b961\" data-element_type=\"widget\" data-widget_type=\"button.default\">\n\t\t\t\t<div class=\"elementor-widget-container\">\n\t\t\t\t\t\t\t\t\t<div class=\"elementor-button-wrapper\">\n\t\t\t\t\t<a class=\"elementor-button elementor-button-link elementor-size-sm\" href=\"https:\/\/calvo.es\/\">\n\t\t\t\t\t\t<span class=\"elementor-button-content-wrapper\">\n\t\t\t\t\t\t\t\t\t<span class=\"elementor-button-text\">VAI PARA CALVO<\/span>\n\t\t\t\t\t<\/span>\n\t\t\t\t\t<\/a>\n\t\t\t\t<\/div>\n\t\t\t\t\t\t\t\t<\/div>\n\t\t\t\t<\/div>\n\t\t\t\t<div class=\"elementor-element elementor-element-1c50cee elementor-widget elementor-widget-text-editor\" data-id=\"1c50cee\" data-element_type=\"widget\" data-widget_type=\"text-editor.default\">\n\t\t\t\t<div class=\"elementor-widget-container\">\n\t\t\t\t\t\t\t\t\t<p> A marca de conservas de peixe mais conhecida em Espanha e cada vez mais em mais mercados. Nasceu em 1940 na localidade de Carballo (Galiza). \u00c9 a marca l\u00edder no mercado espanhol de conservas de atum, mexilh\u00e3o e lula, e teve um desenvolvimento significativo em toda a Am\u00e9rica Central.  <\/p>\n\t\t\t\t\t\t\t\t<\/div>\n\t\t\t\t<\/div>\n\t\t\t\t<\/div>\n\t\t<div class=\"elementor-element elementor-element-5e75434 e-con-full e-flex e-con e-child\" data-id=\"5e75434\" data-element_type=\"container\">\n\t\t\t\t<div class=\"elementor-element elementor-element-e58ab49 elementor-widget elementor-widget-image\" data-id=\"e58ab49\" data-element_type=\"widget\" data-widget_type=\"image.default\">\n\t\t\t\t<div class=\"elementor-widget-container\">\n\t\t\t\t\t\t\t\t\t\t\t\t\t\t\t<img decoding=\"async\" width=\"377\" height=\"200\" src=\"https:\/\/wonderful-nash.137-74-81-169.plesk.page\/wp-content\/uploads\/2023\/11\/nostromo-1.png\" class=\"attachment-large size-large wp-image-25508\" alt=\"\" srcset=\"https:\/\/wonderful-nash.137-74-81-169.plesk.page\/wp-content\/uploads\/2023\/11\/nostromo-1.png 377w, https:\/\/wonderful-nash.137-74-81-169.plesk.page\/wp-content\/uploads\/2023\/11\/nostromo-1-300x159.png 300w\" sizes=\"(max-width: 377px) 100vw, 377px\" \/>\t\t\t\t\t\t\t\t\t\t\t\t\t\t\t<\/div>\n\t\t\t\t<\/div>\n\t\t\t\t<div class=\"elementor-element elementor-element-132cb85 elementor-align-center elementor-widget elementor-widget-button\" data-id=\"132cb85\" data-element_type=\"widget\" data-widget_type=\"button.default\">\n\t\t\t\t<div class=\"elementor-widget-container\">\n\t\t\t\t\t\t\t\t\t<div class=\"elementor-button-wrapper\">\n\t\t\t\t\t<a class=\"elementor-button elementor-button-link elementor-size-sm\" href=\"https:\/\/tonnonostromo.it\/\">\n\t\t\t\t\t\t<span class=\"elementor-button-content-wrapper\">\n\t\t\t\t\t\t\t\t\t<span class=\"elementor-button-text\">VAI PARA NOSTROMO<\/span>\n\t\t\t\t\t<\/span>\n\t\t\t\t\t<\/a>\n\t\t\t\t<\/div>\n\t\t\t\t\t\t\t\t<\/div>\n\t\t\t\t<\/div>\n\t\t\t\t<div class=\"elementor-element elementor-element-1cc5ba5 elementor-widget elementor-widget-text-editor\" data-id=\"1cc5ba5\" data-element_type=\"widget\" data-widget_type=\"text-editor.default\">\n\t\t\t\t<div class=\"elementor-widget-container\">\n\t\t\t\t\t\t\t\t\t<p>Uma marca hist\u00f3rica italiana, nascida em Grado em 1951 e adquirida pela Nauterra em 1993.<br \/>\u00c9 a segunda marca de conservas de atum neste mercado e uma refer\u00eancia de qualidade entre os produtos alimentares italianos.<\/p>\n\t\t\t\t\t\t\t\t<\/div>\n\t\t\t\t<\/div>\n\t\t\t\t<\/div>\n\t\t<div class=\"elementor-element elementor-element-046f567 e-con-full e-flex e-con e-child\" data-id=\"046f567\" data-element_type=\"container\">\n\t\t\t\t<div class=\"elementor-element elementor-element-2ed1d66 elementor-widget elementor-widget-image\" data-id=\"2ed1d66\" data-element_type=\"widget\" data-widget_type=\"image.default\">\n\t\t\t\t<div class=\"elementor-widget-container\">\n\t\t\t\t\t\t\t\t\t\t\t\t\t\t\t<img decoding=\"async\" width=\"377\" height=\"200\" src=\"https:\/\/wonderful-nash.137-74-81-169.plesk.page\/wp-content\/uploads\/2023\/11\/gomes_costa-1-1.png\" class=\"attachment-large size-large wp-image-27468\" alt=\"\" srcset=\"https:\/\/wonderful-nash.137-74-81-169.plesk.page\/wp-content\/uploads\/2023\/11\/gomes_costa-1-1.png 377w, https:\/\/wonderful-nash.137-74-81-169.plesk.page\/wp-content\/uploads\/2023\/11\/gomes_costa-1-1-300x159.png 300w\" sizes=\"(max-width: 377px) 100vw, 377px\" \/>\t\t\t\t\t\t\t\t\t\t\t\t\t\t\t<\/div>\n\t\t\t\t<\/div>\n\t\t\t\t<div class=\"elementor-element elementor-element-7c63c21 elementor-align-center elementor-widget elementor-widget-button\" data-id=\"7c63c21\" data-element_type=\"widget\" data-widget_type=\"button.default\">\n\t\t\t\t<div class=\"elementor-widget-container\">\n\t\t\t\t\t\t\t\t\t<div class=\"elementor-button-wrapper\">\n\t\t\t\t\t<a class=\"elementor-button elementor-button-link elementor-size-sm\" href=\"https:\/\/gomesdacosta.com.br\/\">\n\t\t\t\t\t\t<span class=\"elementor-button-content-wrapper\">\n\t\t\t\t\t\t\t\t\t<span class=\"elementor-button-text\">VAI PARA GOMES DA COSTA<\/span>\n\t\t\t\t\t<\/span>\n\t\t\t\t\t<\/a>\n\t\t\t\t<\/div>\n\t\t\t\t\t\t\t\t<\/div>\n\t\t\t\t<\/div>\n\t\t\t\t<div class=\"elementor-element elementor-element-a5edd00 elementor-widget elementor-widget-text-editor\" data-id=\"a5edd00\" data-element_type=\"widget\" data-widget_type=\"text-editor.default\">\n\t\t\t\t<div class=\"elementor-widget-container\">\n\t\t\t\t\t\t\t\t\t<p>A Gomes da Costa nasceu em 1954 no Brasil e foi adquirida pela Nauterra em 2004. Hoje \u00e9 a empresa l\u00edder no mercado de conservas de sardinha e atum no pa\u00eds. <\/p>\n\t\t\t\t\t\t\t\t<\/div>\n\t\t\t\t<\/div>\n\t\t\t\t<\/div>\n\t\t\t\t\t<\/div>\n\t\t\t\t<\/div>\n\t\t<div class=\"elementor-element elementor-element-6700bf6 e-con-full e-flex e-con e-parent\" data-id=\"6700bf6\" data-element_type=\"container\">\n\t\t<div class=\"elementor-element elementor-element-0742cec e-con-full e-flex elementor-invisible e-con e-child\" data-id=\"0742cec\" data-element_type=\"container\" data-settings=\"{&quot;animation&quot;:&quot;fadeInLeft&quot;}\">\n\t\t\t\t<div class=\"elementor-element elementor-element-bfd1aef elementor-cta--tablet-layout-image-above elementor-cta--skin-classic elementor-animated-content elementor-bg-transform elementor-bg-transform-zoom-in elementor-widget elementor-widget-call-to-action\" data-id=\"bfd1aef\" data-element_type=\"widget\" data-widget_type=\"call-to-action.default\">\n\t\t\t\t<div class=\"elementor-widget-container\">\n\t\t\t\t\t\t\t<a class=\"elementor-cta\" href=\"https:\/\/nauterra.com\/pt-br\/a-base-de-nossos-produtos\/\">\n\t\t\t\t\t<div class=\"elementor-cta__bg-wrapper\">\n\t\t\t\t<div class=\"elementor-cta__bg elementor-bg\" style=\"background-image: url(https:\/\/wonderful-nash.137-74-81-169.plesk.page\/wp-content\/uploads\/2023\/09\/img_base_alimentacion.jpg);\" role=\"img\" aria-label=\"img_base_alimentacion\"><\/div>\n\t\t\t\t<div class=\"elementor-cta__bg-overlay\"><\/div>\n\t\t\t<\/div>\n\t\t\t\t\t\t\t<div class=\"elementor-cta__content\">\n\t\t\t\t\n\t\t\t\t\t\t\t\t\t<h2 class=\"elementor-cta__title elementor-cta__content-item elementor-content-item\">\n\t\t\t\t\t\tA base de nossos produtos\t\t\t\t\t<\/h2>\n\t\t\t\t\n\t\t\t\t\n\t\t\t\t\t\t\t<\/div>\n\t\t\t\t\t\t<\/a>\n\t\t\t\t\t\t<\/div>\n\t\t\t\t<\/div>\n\t\t\t\t<\/div>\n\t\t<div class=\"elementor-element elementor-element-074b0e7 e-con-full e-flex elementor-invisible e-con e-child\" data-id=\"074b0e7\" data-element_type=\"container\" data-settings=\"{&quot;animation&quot;:&quot;fadeInRight&quot;}\">\n\t\t\t\t<div class=\"elementor-element elementor-element-fcf39a8 elementor-cta--skin-classic elementor-animated-content elementor-bg-transform elementor-bg-transform-zoom-in elementor-widget elementor-widget-call-to-action\" data-id=\"fcf39a8\" data-element_type=\"widget\" data-widget_type=\"call-to-action.default\">\n\t\t\t\t<div class=\"elementor-widget-container\">\n\t\t\t\t\t\t\t<a class=\"elementor-cta\" href=\"\/cadena-de-valor\/\">\n\t\t\t\t\t<div class=\"elementor-cta__bg-wrapper\">\n\t\t\t\t<div class=\"elementor-cta__bg elementor-bg\" style=\"background-image: url(https:\/\/wonderful-nash.137-74-81-169.plesk.page\/wp-content\/uploads\/2023\/09\/img_cadena_valor.jpg);\" role=\"img\" aria-label=\"img_cadena_valor\"><\/div>\n\t\t\t\t<div class=\"elementor-cta__bg-overlay\"><\/div>\n\t\t\t<\/div>\n\t\t\t\t\t\t\t<div class=\"elementor-cta__content\">\n\t\t\t\t\n\t\t\t\t\t\t\t\t\t<h2 class=\"elementor-cta__title elementor-cta__content-item elementor-content-item\">\n\t\t\t\t\t\tCadeia de valor\t\t\t\t\t<\/h2>\n\t\t\t\t\n\t\t\t\t\n\t\t\t\t\t\t\t<\/div>\n\t\t\t\t\t\t<\/a>\n\t\t\t\t\t\t<\/div>\n\t\t\t\t<\/div>\n\t\t\t\t<\/div>\n\t\t\t\t<\/div>\n\t\t\t\t<\/div>\n\t\t","protected":false},"excerpt":{"rendered":"<p>Nossas marcas Nossos produtos s\u00e3o comercializados atrav\u00e9s de marcas l\u00edderes de alimenta\u00e7\u00e3o saud\u00e1vel, qualidade e inova\u00e7\u00e3o. O desenvolvimento e comercializa\u00e7\u00e3o de novos produtos responde \u00e0s necessidades dos consumidores e \u00e9 produzido tendo em considera\u00e7\u00e3o os atributos de sabor, praticidade, sa\u00fade e sustentabilidade. VAI PARA CALVO A marca de conservas de peixe mais conhecida em Espanha [&hellip;]<\/p>\n","protected":false},"author":1,"featured_media":0,"parent":0,"menu_order":0,"comment_status":"closed","ping_status":"closed","template":"","meta":{"footnotes":""},"class_list":["post-27467","page","type-page","status-publish","hentry"],"yoast_head":"<!-- This site is optimized with the Yoast SEO plugin v24.6 - https:\/\/yoast.com\/wordpress\/plugins\/seo\/ -->\n<title>Conhe\u00e7a nossas marcas - NAUTERRA<\/title>\n<meta name=\"description\" content=\"Nossos produtos s\u00e3o comercializados atrav\u00e9s de marcas l\u00edderes de alimenta\u00e7\u00e3o saud\u00e1vel, qualidade e inova\u00e7\u00e3o.\" \/>\n<meta name=\"robots\" content=\"noindex, follow, max-snippet:-1, max-image-preview:large, max-video-preview:-1\" \/>\n<meta property=\"og:locale\" content=\"pt_BR\" \/>\n<meta property=\"og:type\" content=\"article\" \/>\n<meta property=\"og:title\" content=\"Conhe\u00e7a nossas marcas - NAUTERRA\" \/>\n<meta property=\"og:description\" content=\"Nossos produtos s\u00e3o comercializados atrav\u00e9s de marcas l\u00edderes de alimenta\u00e7\u00e3o saud\u00e1vel, qualidade e inova\u00e7\u00e3o.\" \/>\n<meta property=\"og:url\" content=\"https:\/\/wonderful-nash.137-74-81-169.plesk.page\/pt-br\/conheca-nossas-marcas\/\" \/>\n<meta property=\"og:site_name\" content=\"NAUTERRA\" \/>\n<meta property=\"article:modified_time\" content=\"2024-12-09T11:51:42+00:00\" \/>\n<meta property=\"og:image\" content=\"https:\/\/nauterra.com\/wp-content\/uploads\/2023\/11\/calvo-1-1.png\" \/>\n<meta name=\"twitter:card\" content=\"summary_large_image\" \/>\n<meta name=\"twitter:site\" content=\"@NauterraEspana\" \/>\n<meta name=\"twitter:label1\" content=\"Est. tempo de leitura\" \/>\n\t<meta name=\"twitter:data1\" content=\"1 minuto\" \/>\n<script type=\"application\/ld+json\" class=\"yoast-schema-graph\">{\"@context\":\"https:\/\/schema.org\",\"@graph\":[{\"@type\":\"WebPage\",\"@id\":\"https:\/\/wonderful-nash.137-74-81-169.plesk.page\/pt-br\/conheca-nossas-marcas\/\",\"url\":\"https:\/\/wonderful-nash.137-74-81-169.plesk.page\/pt-br\/conheca-nossas-marcas\/\",\"name\":\"Conhe\u00e7a nossas marcas - NAUTERRA\",\"isPartOf\":{\"@id\":\"https:\/\/wonderful-nash.137-74-81-169.plesk.page\/pt-br\/#website\"},\"primaryImageOfPage\":{\"@id\":\"https:\/\/wonderful-nash.137-74-81-169.plesk.page\/pt-br\/conheca-nossas-marcas\/#primaryimage\"},\"image\":{\"@id\":\"https:\/\/wonderful-nash.137-74-81-169.plesk.page\/pt-br\/conheca-nossas-marcas\/#primaryimage\"},\"thumbnailUrl\":\"https:\/\/nauterra.com\/wp-content\/uploads\/2023\/11\/calvo-1-1.png\",\"datePublished\":\"2024-11-20T09:43:14+00:00\",\"dateModified\":\"2024-12-09T11:51:42+00:00\",\"description\":\"Nossos produtos s\u00e3o comercializados atrav\u00e9s de marcas l\u00edderes de alimenta\u00e7\u00e3o saud\u00e1vel, qualidade e inova\u00e7\u00e3o.\",\"breadcrumb\":{\"@id\":\"https:\/\/wonderful-nash.137-74-81-169.plesk.page\/pt-br\/conheca-nossas-marcas\/#breadcrumb\"},\"inLanguage\":\"pt-BR\",\"potentialAction\":[{\"@type\":\"ReadAction\",\"target\":[\"https:\/\/wonderful-nash.137-74-81-169.plesk.page\/pt-br\/conheca-nossas-marcas\/\"]}]},{\"@type\":\"ImageObject\",\"inLanguage\":\"pt-BR\",\"@id\":\"https:\/\/wonderful-nash.137-74-81-169.plesk.page\/pt-br\/conheca-nossas-marcas\/#primaryimage\",\"url\":\"https:\/\/nauterra.com\/wp-content\/uploads\/2023\/11\/calvo-1-1.png\",\"contentUrl\":\"https:\/\/nauterra.com\/wp-content\/uploads\/2023\/11\/calvo-1-1.png\"},{\"@type\":\"BreadcrumbList\",\"@id\":\"https:\/\/wonderful-nash.137-74-81-169.plesk.page\/pt-br\/conheca-nossas-marcas\/#breadcrumb\",\"itemListElement\":[{\"@type\":\"ListItem\",\"position\":1,\"name\":\"Portada\",\"item\":\"https:\/\/wonderful-nash.137-74-81-169.plesk.page\/pt-br\/\"},{\"@type\":\"ListItem\",\"position\":2,\"name\":\"Conhe\u00e7a nossas marcas\"}]},{\"@type\":\"WebSite\",\"@id\":\"https:\/\/wonderful-nash.137-74-81-169.plesk.page\/pt-br\/#website\",\"url\":\"https:\/\/wonderful-nash.137-74-81-169.plesk.page\/pt-br\/\",\"name\":\"Nauterra\",\"description\":\"Somos una compa\u00f1\u00eda global de alimentaci\u00f3n que tiene como prop\u00f3sito acercar a las personas una alimentaci\u00f3n saludable conservando lo mejor de la naturaleza.\",\"publisher\":{\"@id\":\"https:\/\/wonderful-nash.137-74-81-169.plesk.page\/pt-br\/#organization\"},\"potentialAction\":[{\"@type\":\"SearchAction\",\"target\":{\"@type\":\"EntryPoint\",\"urlTemplate\":\"https:\/\/wonderful-nash.137-74-81-169.plesk.page\/pt-br\/?s={search_term_string}\"},\"query-input\":{\"@type\":\"PropertyValueSpecification\",\"valueRequired\":true,\"valueName\":\"search_term_string\"}}],\"inLanguage\":\"pt-BR\"},{\"@type\":\"Organization\",\"@id\":\"https:\/\/wonderful-nash.137-74-81-169.plesk.page\/pt-br\/#organization\",\"name\":\"Nauterra\",\"url\":\"https:\/\/wonderful-nash.137-74-81-169.plesk.page\/pt-br\/\",\"logo\":{\"@type\":\"ImageObject\",\"inLanguage\":\"pt-BR\",\"@id\":\"https:\/\/wonderful-nash.137-74-81-169.plesk.page\/pt-br\/#\/schema\/logo\/image\/\",\"url\":\"https:\/\/wonderful-nash.137-74-81-169.plesk.page\/wp-content\/uploads\/2023\/10\/nauterra.png\",\"contentUrl\":\"https:\/\/wonderful-nash.137-74-81-169.plesk.page\/wp-content\/uploads\/2023\/10\/nauterra.png\",\"width\":1150,\"height\":406,\"caption\":\"Nauterra\"},\"image\":{\"@id\":\"https:\/\/wonderful-nash.137-74-81-169.plesk.page\/pt-br\/#\/schema\/logo\/image\/\"},\"sameAs\":[\"https:\/\/x.com\/NauterraEspana\",\"https:\/\/www.linkedin.com\/company\/nauterra-espana\/posts\/?feedView=all&viewAsMember=true\"]}]}<\/script>\n<!-- \/ Yoast SEO plugin. -->","yoast_head_json":{"title":"Conhe\u00e7a nossas marcas - NAUTERRA","description":"Nossos produtos s\u00e3o comercializados atrav\u00e9s de marcas l\u00edderes de alimenta\u00e7\u00e3o saud\u00e1vel, qualidade e inova\u00e7\u00e3o.","robots":{"index":"noindex","follow":"follow","max-snippet":"max-snippet:-1","max-image-preview":"max-image-preview:large","max-video-preview":"max-video-preview:-1"},"og_locale":"pt_BR","og_type":"article","og_title":"Conhe\u00e7a nossas marcas - NAUTERRA","og_description":"Nossos produtos s\u00e3o comercializados atrav\u00e9s de marcas l\u00edderes de alimenta\u00e7\u00e3o saud\u00e1vel, qualidade e inova\u00e7\u00e3o.","og_url":"https:\/\/wonderful-nash.137-74-81-169.plesk.page\/pt-br\/conheca-nossas-marcas\/","og_site_name":"NAUTERRA","article_modified_time":"2024-12-09T11:51:42+00:00","og_image":[{"url":"https:\/\/nauterra.com\/wp-content\/uploads\/2023\/11\/calvo-1-1.png","type":"","width":"","height":""}],"twitter_card":"summary_large_image","twitter_site":"@NauterraEspana","twitter_misc":{"Est. tempo de leitura":"1 minuto"},"schema":{"@context":"https:\/\/schema.org","@graph":[{"@type":"WebPage","@id":"https:\/\/wonderful-nash.137-74-81-169.plesk.page\/pt-br\/conheca-nossas-marcas\/","url":"https:\/\/wonderful-nash.137-74-81-169.plesk.page\/pt-br\/conheca-nossas-marcas\/","name":"Conhe\u00e7a nossas marcas - NAUTERRA","isPartOf":{"@id":"https:\/\/wonderful-nash.137-74-81-169.plesk.page\/pt-br\/#website"},"primaryImageOfPage":{"@id":"https:\/\/wonderful-nash.137-74-81-169.plesk.page\/pt-br\/conheca-nossas-marcas\/#primaryimage"},"image":{"@id":"https:\/\/wonderful-nash.137-74-81-169.plesk.page\/pt-br\/conheca-nossas-marcas\/#primaryimage"},"thumbnailUrl":"https:\/\/nauterra.com\/wp-content\/uploads\/2023\/11\/calvo-1-1.png","datePublished":"2024-11-20T09:43:14+00:00","dateModified":"2024-12-09T11:51:42+00:00","description":"Nossos produtos s\u00e3o comercializados atrav\u00e9s de marcas l\u00edderes de alimenta\u00e7\u00e3o saud\u00e1vel, qualidade e inova\u00e7\u00e3o.","breadcrumb":{"@id":"https:\/\/wonderful-nash.137-74-81-169.plesk.page\/pt-br\/conheca-nossas-marcas\/#breadcrumb"},"inLanguage":"pt-BR","potentialAction":[{"@type":"ReadAction","target":["https:\/\/wonderful-nash.137-74-81-169.plesk.page\/pt-br\/conheca-nossas-marcas\/"]}]},{"@type":"ImageObject","inLanguage":"pt-BR","@id":"https:\/\/wonderful-nash.137-74-81-169.plesk.page\/pt-br\/conheca-nossas-marcas\/#primaryimage","url":"https:\/\/nauterra.com\/wp-content\/uploads\/2023\/11\/calvo-1-1.png","contentUrl":"https:\/\/nauterra.com\/wp-content\/uploads\/2023\/11\/calvo-1-1.png"},{"@type":"BreadcrumbList","@id":"https:\/\/wonderful-nash.137-74-81-169.plesk.page\/pt-br\/conheca-nossas-marcas\/#breadcrumb","itemListElement":[{"@type":"ListItem","position":1,"name":"Portada","item":"https:\/\/wonderful-nash.137-74-81-169.plesk.page\/pt-br\/"},{"@type":"ListItem","position":2,"name":"Conhe\u00e7a nossas marcas"}]},{"@type":"WebSite","@id":"https:\/\/wonderful-nash.137-74-81-169.plesk.page\/pt-br\/#website","url":"https:\/\/wonderful-nash.137-74-81-169.plesk.page\/pt-br\/","name":"Nauterra","description":"Somos una compa\u00f1\u00eda global de alimentaci\u00f3n que tiene como prop\u00f3sito acercar a las personas una alimentaci\u00f3n saludable conservando lo mejor de la naturaleza.","publisher":{"@id":"https:\/\/wonderful-nash.137-74-81-169.plesk.page\/pt-br\/#organization"},"potentialAction":[{"@type":"SearchAction","target":{"@type":"EntryPoint","urlTemplate":"https:\/\/wonderful-nash.137-74-81-169.plesk.page\/pt-br\/?s={search_term_string}"},"query-input":{"@type":"PropertyValueSpecification","valueRequired":true,"valueName":"search_term_string"}}],"inLanguage":"pt-BR"},{"@type":"Organization","@id":"https:\/\/wonderful-nash.137-74-81-169.plesk.page\/pt-br\/#organization","name":"Nauterra","url":"https:\/\/wonderful-nash.137-74-81-169.plesk.page\/pt-br\/","logo":{"@type":"ImageObject","inLanguage":"pt-BR","@id":"https:\/\/wonderful-nash.137-74-81-169.plesk.page\/pt-br\/#\/schema\/logo\/image\/","url":"https:\/\/wonderful-nash.137-74-81-169.plesk.page\/wp-content\/uploads\/2023\/10\/nauterra.png","contentUrl":"https:\/\/wonderful-nash.137-74-81-169.plesk.page\/wp-content\/uploads\/2023\/10\/nauterra.png","width":1150,"height":406,"caption":"Nauterra"},"image":{"@id":"https:\/\/wonderful-nash.137-74-81-169.plesk.page\/pt-br\/#\/schema\/logo\/image\/"},"sameAs":["https:\/\/x.com\/NauterraEspana","https:\/\/www.linkedin.com\/company\/nauterra-espana\/posts\/?feedView=all&viewAsMember=true"]}]}},"_links":{"self":[{"href":"https:\/\/wonderful-nash.137-74-81-169.plesk.page\/pt-br\/wp-json\/wp\/v2\/pages\/27467","targetHints":{"allow":["GET"]}}],"collection":[{"href":"https:\/\/wonderful-nash.137-74-81-169.plesk.page\/pt-br\/wp-json\/wp\/v2\/pages"}],"about":[{"href":"https:\/\/wonderful-nash.137-74-81-169.plesk.page\/pt-br\/wp-json\/wp\/v2\/types\/page"}],"author":[{"embeddable":true,"href":"https:\/\/wonderful-nash.137-74-81-169.plesk.page\/pt-br\/wp-json\/wp\/v2\/users\/1"}],"replies":[{"embeddable":true,"href":"https:\/\/wonderful-nash.137-74-81-169.plesk.page\/pt-br\/wp-json\/wp\/v2\/comments?post=27467"}],"version-history":[{"count":1,"href":"https:\/\/wonderful-nash.137-74-81-169.plesk.page\/pt-br\/wp-json\/wp\/v2\/pages\/27467\/revisions"}],"predecessor-version":[{"id":27469,"href":"https:\/\/wonderful-nash.137-74-81-169.plesk.page\/pt-br\/wp-json\/wp\/v2\/pages\/27467\/revisions\/27469"}],"wp:attachment":[{"href":"https:\/\/wonderful-nash.137-74-81-169.plesk.page\/pt-br\/wp-json\/wp\/v2\/media?parent=27467"}],"curies":[{"name":"wp","href":"https:\/\/api.w.org\/{rel}","templated":true}]}}